{"id":1153,"date":"2023-01-28T13:29:05","date_gmt":"2023-01-28T13:29:05","guid":{"rendered":"https:\/\/mariabaydar.com\/uus\/?page_id=1153"},"modified":"2025-02-02T13:02:10","modified_gmt":"2025-02-02T11:02:10","slug":"tooted","status":"publish","type":"page","link":"https:\/\/mariabaydar.com\/uus\/tooted\/","title":{"rendered":"Pood"},"content":{"rendered":"[vc_row type=&#8221;full_width_background&#8221; full_screen_row_position=&#8221;middle&#8221; column_margin=&#8221;default&#8221; column_direction=&#8221;default&#8221; column_direction_tablet=&#8221;default&#8221; column_direction_phone=&#8221;default&#8221; bg_color=&#8221;#000000&#8243; scene_position=&#8221;center&#8221; top_padding=&#8221;8%&#8221; bottom_padding=&#8221;8%&#8221; text_color=&#8221;light&#8221; text_align=&#8221;left&#8221; row_border_radius=&#8221;none&#8221; row_border_radius_applies=&#8221;bg&#8221; overflow=&#8221;visible&#8221; id=&#8221;home&#8221; overlay_strength=&#8221;1&#8243; gradient_direction=&#8221;left_to_right&#8221; shape_divider_color=&#8221;#eaf1fd&#8221; shape_divider_position=&#8221;bottom&#8221; shape_divider_height=&#8221;40%&#8221; bg_image_animation=&#8221;none&#8221; parallax_bg=&#8221;true&#8221; parallax_bg_speed=&#8221;fast&#8221; shape_type=&#8221;straight_section&#8221; gradient_type=&#8221;default&#8221;][vc_column column_padding=&#8221;padding-7-percent&#8221; column_padding_tablet=&#8221;inherit&#8221; column_padding_phone=&#8221;inherit&#8221; column_padding_position=&#8221;left-right&#8221; column_element_direction_desktop=&#8221;default&#8221; column_element_spacing=&#8221;default&#8221; desktop_text_alignment=&#8221;default&#8221; tablet_text_alignment=&#8221;default&#8221; phone_text_alignment=&#8221;default&#8221; background_color_opacity=&#8221;1&#8243; background_hover_color_opacity=&#8221;1&#8243; background_image=&#8221;3361&#8243; background_image_position=&#8221;center center&#8221; background_image_stacking=&#8221;default&#8221; enable_bg_scale=&#8221;true&#8221; background_image_loading=&#8221;default&#8221; column_backdrop_filter=&#8221;none&#8221; column_shadow=&#8221;none&#8221; column_border_radius=&#8221;5px&#8221; column_link_target=&#8221;_self&#8221; column_position=&#8221;default&#8221; color_overlay=&#8221;#000000&#8243; gradient_direction=&#8221;left_t_to_right_b&#8221; overlay_strength=&#8221;0.5&#8243; width=&#8221;1\/1&#8243; tablet_width_inherit=&#8221;default&#8221; animation_type=&#8221;default&#8221; bg_image_animation=&#8221;zoom-out-reveal&#8221; border_type=&#8221;simple&#8221; column_border_width=&#8221;none&#8221; column_border_style=&#8221;solid&#8221; column_padding_type=&#8221;default&#8221; gradient_type=&#8221;default&#8221;][vc_row_inner column_margin=&#8221;none&#8221; column_direction=&#8221;default&#8221; column_direction_tablet=&#8221;default&#8221; column_direction_phone=&#8221;default&#8221; top_padding=&#8221;10%&#8221; text_align=&#8221;left&#8221; row_position=&#8221;default&#8221; row_position_tablet=&#8221;inherit&#8221; row_position_phone=&#8221;inherit&#8221; overflow=&#8221;visible&#8221; pointer_events=&#8221;all&#8221;][vc_column_inner column_padding=&#8221;no-extra-padding&#8221; column_padding_tablet=&#8221;inherit&#8221; column_padding_phone=&#8221;inherit&#8221; column_padding_position=&#8221;all&#8221; column_element_direction_desktop=&#8221;default&#8221; column_element_spacing=&#8221;default&#8221; desktop_text_alignment=&#8221;default&#8221; tablet_text_alignment=&#8221;default&#8221; phone_text_alignment=&#8221;default&#8221; background_color_opacity=&#8221;1&#8243; background_hover_color_opacity=&#8221;1&#8243; column_backdrop_filter=&#8221;none&#8221; column_shadow=&#8221;none&#8221; column_border_radius=&#8221;none&#8221; column_link_target=&#8221;_self&#8221; overflow=&#8221;visible&#8221; gradient_direction=&#8221;left_to_right&#8221; overlay_strength=&#8221;0.3&#8243; width=&#8221;2\/3&#8243; tablet_width_inherit=&#8221;default&#8221; animation_type=&#8221;default&#8221; bg_image_animation=&#8221;none&#8221; border_type=&#8221;simple&#8221; column_border_width=&#8221;none&#8221; column_border_style=&#8221;solid&#8221;][nectar_highlighted_text color_type=&#8221;gradient&#8221; highlight_color=&#8221;#ffffff&#8221; secondary_color=&#8221;rgba(54,72,214,0.3)&#8221; style=&#8221;regular_underline&#8221; highlight_expansion=&#8221;default&#8221; underline_thickness=&#8221;1px&#8221; delay=&#8221;500&#8243; custom_font_size=&#8221;50px&#8221; text_direction=&#8221;default&#8221; font_size_phone=&#8221;1em&#8221;]\n<h1>ALATEADVUSE \u00dcMBERPROGRAMMEERIMINE<\/h1>\n[\/nectar_highlighted_text][nectar_responsive_text inherited_font_style=&#8221;default&#8221; text_direction=&#8221;default&#8221; font_size_desktop=&#8221;22px&#8221; font_size_phone=&#8221;0.9em&#8221; font_line_height=&#8221;1.6&#8243;]<strong>33.80\u20ac<\/strong><\/p>\n<p>Alateadvuse \u00fcmberprogrammeerimise eesm\u00e4rk on muuta piiravad uskumused ja m\u00f5ttemustrid, et luua positiivseid muutusi meie elus.<br \/>\nSee v\u00f5imaldab m\u00f5jutada oma m\u00f5tteid, uskumusi ja k\u00e4itumist positiivsemal viisil ning luua elu, mis on tasakaalus, rahuldustpakkuv ja harmooniline.[\/nectar_responsive_text][nectar_cta btn_style=&#8221;basic&#8221; heading_tag=&#8221;span&#8221; button_color=&#8221;white&#8221; text_color=&#8221;#000000&#8243; button_border_color=&#8221;#333333&#8243; button_border_color_hover=&#8221;#0a0a0a&#8221; button_border_thickness=&#8221;1px&#8221; link_type=&#8221;regular&#8221; alignment=&#8221;left&#8221; alignment_tablet=&#8221;default&#8221; alignment_phone=&#8221;center&#8221; constrain_group_3=&#8221;yes&#8221; constrain_group_4=&#8221;yes&#8221; display=&#8221;block&#8221; display_tablet=&#8221;inherit&#8221; display_phone=&#8221;inherit&#8221; icon_family=&#8221;none&#8221; link_text=&#8221;Loe Rohkem&#8221; margin_top=&#8221;30&#8243; url=&#8221;https:\/\/mariabaydar.com\/uus\/toode\/alateadvuse-umberprogammeerimine-maria-baydar\/&#8221; padding_top=&#8221;15&#8243; padding_bottom=&#8221;15&#8243; padding_left=&#8221;60&#8243; padding_right=&#8221;60&#8243; margin_bottom=&#8221;30&#8243;][\/vc_column_inner][\/vc_row_inner][\/vc_column][\/vc_row][vc_row type=&#8221;full_width_background&#8221; full_screen_row_position=&#8221;middle&#8221; column_margin=&#8221;default&#8221; column_direction=&#8221;default&#8221; column_direction_tablet=&#8221;default&#8221; column_direction_phone=&#8221;default&#8221; bg_color=&#8221;#ffffff&#8221; scene_position=&#8221;center&#8221; top_padding=&#8221;6%&#8221; bottom_padding=&#8221;6%&#8221; text_color=&#8221;dark&#8221; text_align=&#8221;left&#8221; row_border_radius=&#8221;none&#8221; row_border_radius_applies=&#8221;bg&#8221; overflow=&#8221;visible&#8221; overlay_strength=&#8221;0.3&#8243; gradient_direction=&#8221;left_to_right&#8221; shape_divider_position=&#8221;bottom&#8221; bg_image_animation=&#8221;none&#8221; shape_type=&#8221;&#8221;][vc_column column_padding=&#8221;no-extra-padding&#8221; column_padding_tablet=&#8221;inherit&#8221; column_padding_phone=&#8221;inherit&#8221; column_padding_position=&#8221;all&#8221; column_element_direction_desktop=&#8221;default&#8221; column_element_spacing=&#8221;default&#8221; desktop_text_alignment=&#8221;default&#8221; tablet_text_alignment=&#8221;default&#8221; phone_text_alignment=&#8221;default&#8221; background_color_opacity=&#8221;1&#8243; background_hover_color_opacity=&#8221;1&#8243; column_backdrop_filter=&#8221;none&#8221; column_shadow=&#8221;none&#8221; column_border_radius=&#8221;none&#8221; column_link_target=&#8221;_self&#8221; column_position=&#8221;default&#8221; gradient_direction=&#8221;left_to_right&#8221; overlay_strength=&#8221;0.3&#8243; width=&#8221;1\/1&#8243; tablet_width_inherit=&#8221;default&#8221; animation_type=&#8221;default&#8221; bg_image_animation=&#8221;none&#8221; border_type=&#8221;simple&#8221; column_border_width=&#8221;none&#8221; column_border_style=&#8221;solid&#8221;][tabbed_section style=&#8221;material&#8221; tab_change_animation=&#8221;fade&#8221; alignment=&#8221;left&#8221; spacing=&#8221;side-35px&#8221; tab_color=&#8221;Accent-Color&#8221; vs_content_animation=&#8221;fade&#8221; vs_link_animation=&#8221;opacity&#8221; vs_navigation_alignment=&#8221;left&#8221; vs_navigation_width_2=&#8221;25%&#8221; vs_navigation_func=&#8221;default&#8221; vs_navigation_width=&#8221;regular&#8221; vs_navigation_spacing=&#8221;15px&#8221; vs_navigation_mobile_display=&#8221;visible&#8221; vs_tab_spacing=&#8221;5%&#8221; icon_size=&#8221;24&#8243;][tab icon_family=&#8221;none&#8221; title=&#8221;K\u00f5ik&#8221; id=&#8221;1738433097462-7&#8243; tab_id=&#8221;1738433097463-5&#8243;][nectar_woo_products product_type=&#8221;all&#8221; category=&#8221;all&#8221; columns=&#8221;3&#8243; flickity_mobile_column_width=&#8221;100%&#8221; orderby=&#8221;date&#8221; order=&#8221;DESC&#8221; pagination=&#8221;1&#8243; per_page=&#8221;6&#8243;][\/tab][tab icon_family=&#8221;none&#8221; title=&#8221;Videoloeng&#8221; id=&#8221;1738433097499-10&#8243; tab_id=&#8221;1738433097500-1&#8243;][nectar_woo_products product_type=&#8221;all&#8221; category=&#8221;videoloengud&#8221; columns=&#8221;3&#8243; flickity_mobile_column_width=&#8221;100%&#8221; orderby=&#8221;date&#8221; order=&#8221;DESC&#8221; per_page=&#8221;8&#8243;][\/tab][tab icon_family=&#8221;none&#8221; title=&#8221;Audio&#8221; id=&#8221;1738433097517-9&#8243; tab_id=&#8221;1738433097527-7&#8243;][nectar_woo_products product_type=&#8221;all&#8221; category=&#8221;audiorannakud&#8221; columns=&#8221;3&#8243; flickity_mobile_column_width=&#8221;100%&#8221; orderby=&#8221;date&#8221; order=&#8221;DESC&#8221; per_page=&#8221;8&#8243;][\/tab][tab icon_family=&#8221;none&#8221; title=&#8221;Raamatud&#8221; id=&#8221;1738433097549-0&#8243; tab_id=&#8221;1738433097549-2&#8243;][nectar_woo_products product_type=&#8221;all&#8221; category=&#8221;raamatud-materjalid&#8221; columns=&#8221;3&#8243; flickity_mobile_column_width=&#8221;100%&#8221; orderby=&#8221;date&#8221; order=&#8221;DESC&#8221; per_page=&#8221;8&#8243;][\/tab][\/tabbed_section][\/vc_column][\/vc_row][vc_row type=&#8221;full_width_background&#8221; full_screen_row_position=&#8221;middle&#8221; column_margin=&#8221;default&#8221; column_direction=&#8221;default&#8221; column_direction_tablet=&#8221;default&#8221; column_direction_phone=&#8221;default&#8221; bg_color=&#8221;#000000&#8243; scene_position=&#8221;center&#8221; top_padding=&#8221;8%&#8221; bottom_padding=&#8221;8%&#8221; text_color=&#8221;light&#8221; text_align=&#8221;left&#8221; row_border_radius=&#8221;none&#8221; row_border_radius_applies=&#8221;bg&#8221; overflow=&#8221;visible&#8221; id=&#8221;home&#8221; overlay_strength=&#8221;1&#8243; gradient_direction=&#8221;left_to_right&#8221; shape_divider_color=&#8221;#eaf1fd&#8221; shape_divider_position=&#8221;bottom&#8221; shape_divider_height=&#8221;40%&#8221; bg_image_animation=&#8221;none&#8221; parallax_bg=&#8221;true&#8221; parallax_bg_speed=&#8221;fast&#8221; shape_type=&#8221;straight_section&#8221; gradient_type=&#8221;default&#8221;][vc_column column_padding=&#8221;padding-7-percent&#8221; column_padding_tablet=&#8221;inherit&#8221; column_padding_phone=&#8221;inherit&#8221; column_padding_position=&#8221;left-right&#8221; column_element_direction_desktop=&#8221;default&#8221; column_element_spacing=&#8221;default&#8221; desktop_text_alignment=&#8221;default&#8221; tablet_text_alignment=&#8221;default&#8221; phone_text_alignment=&#8221;default&#8221; background_color_opacity=&#8221;1&#8243; background_hover_color_opacity=&#8221;1&#8243; background_image=&#8221;3130&#8243; background_image_position=&#8221;center center&#8221; background_image_stacking=&#8221;default&#8221; enable_bg_scale=&#8221;true&#8221; background_image_loading=&#8221;default&#8221; column_backdrop_filter=&#8221;none&#8221; column_shadow=&#8221;none&#8221; column_border_radius=&#8221;5px&#8221; column_link_target=&#8221;_self&#8221; column_position=&#8221;default&#8221; color_overlay=&#8221;#000000&#8243; gradient_direction=&#8221;left_t_to_right_b&#8221; overlay_strength=&#8221;0.8&#8243; width=&#8221;1\/1&#8243; tablet_width_inherit=&#8221;default&#8221; animation_type=&#8221;default&#8221; bg_image_animation=&#8221;zoom-out-reveal&#8221; border_type=&#8221;simple&#8221; column_border_width=&#8221;none&#8221; column_border_style=&#8221;solid&#8221; column_padding_type=&#8221;default&#8221; gradient_type=&#8221;default&#8221;][vc_row_inner column_margin=&#8221;none&#8221; column_direction=&#8221;default&#8221; column_direction_tablet=&#8221;default&#8221; column_direction_phone=&#8221;default&#8221; top_padding=&#8221;10%&#8221; text_align=&#8221;left&#8221; row_position=&#8221;default&#8221; row_position_tablet=&#8221;inherit&#8221; row_position_phone=&#8221;inherit&#8221; overflow=&#8221;visible&#8221; pointer_events=&#8221;all&#8221;][vc_column_inner column_padding=&#8221;no-extra-padding&#8221; column_padding_tablet=&#8221;inherit&#8221; column_padding_phone=&#8221;inherit&#8221; column_padding_position=&#8221;all&#8221; column_element_direction_desktop=&#8221;default&#8221; column_element_spacing=&#8221;default&#8221; desktop_text_alignment=&#8221;default&#8221; tablet_text_alignment=&#8221;default&#8221; phone_text_alignment=&#8221;default&#8221; background_color_opacity=&#8221;1&#8243; background_hover_color_opacity=&#8221;1&#8243; column_backdrop_filter=&#8221;none&#8221; column_shadow=&#8221;none&#8221; column_border_radius=&#8221;none&#8221; column_link_target=&#8221;_self&#8221; overflow=&#8221;visible&#8221; gradient_direction=&#8221;left_to_right&#8221; overlay_strength=&#8221;0.3&#8243; width=&#8221;1\/2&#8243; tablet_width_inherit=&#8221;default&#8221; animation_type=&#8221;default&#8221; bg_image_animation=&#8221;none&#8221; border_type=&#8221;simple&#8221; column_border_width=&#8221;none&#8221; column_border_style=&#8221;solid&#8221;][nectar_highlighted_text color_type=&#8221;gradient&#8221; highlight_color=&#8221;#ffffff&#8221; secondary_color=&#8221;rgba(54,72,214,0.3)&#8221; style=&#8221;regular_underline&#8221; highlight_expansion=&#8221;default&#8221; underline_thickness=&#8221;1px&#8221; delay=&#8221;500&#8243; custom_font_size=&#8221;50px&#8221; text_direction=&#8221;default&#8221;]\n<h1>Pol\u00fcteraapia praktikute v\u00e4lja\u00f5pe<\/h1>\n[\/nectar_highlighted_text][split_line_heading animation_type=&#8221;line-reveal-by-space&#8221; font_style=&#8221;p&#8221; line_reveal_by_space_text_effect=&#8221;default&#8221; stagger_animation=&#8221;true&#8221; content_alignment=&#8221;default&#8221; mobile_content_alignment=&#8221;inherit&#8221; link_target=&#8221;_self&#8221; text_content=&#8221;Uued grupid alustavad 2025 septembris&#8221; font_size=&#8221;22px&#8221; font_line_height=&#8221;30px&#8221; animation_delay=&#8221;1200&#8243; font_size_tablet=&#8221;16&#8243; text_direction=&#8221;default&#8221;][\/split_line_heading][\/vc_column_inner][\/vc_row_inner][vc_row_inner column_margin=&#8221;default&#8221; column_direction=&#8221;default&#8221; column_direction_tablet=&#8221;default&#8221; column_direction_phone=&#8221;default&#8221; top_padding=&#8221;5%&#8221; bottom_padding=&#8221;8%&#8221; text_align=&#8221;left&#8221; row_position=&#8221;default&#8221; row_position_tablet=&#8221;inherit&#8221; row_position_phone=&#8221;inherit&#8221; overflow=&#8221;visible&#8221; pointer_events=&#8221;all&#8221;][vc_column_inner column_padding=&#8221;no-extra-padding&#8221; column_padding_tablet=&#8221;inherit&#8221; column_padding_phone=&#8221;inherit&#8221; column_padding_position=&#8221;all&#8221; column_element_direction_desktop=&#8221;default&#8221; column_element_spacing=&#8221;default&#8221; desktop_text_alignment=&#8221;default&#8221; tablet_text_alignment=&#8221;default&#8221; phone_text_alignment=&#8221;default&#8221; background_color_opacity=&#8221;1&#8243; background_hover_color_opacity=&#8221;1&#8243; column_backdrop_filter=&#8221;none&#8221; column_shadow=&#8221;none&#8221; column_border_radius=&#8221;none&#8221; column_link_target=&#8221;_self&#8221; overflow=&#8221;visible&#8221; gradient_direction=&#8221;left_to_right&#8221; overlay_strength=&#8221;0.3&#8243; width=&#8221;1\/1&#8243; tablet_width_inherit=&#8221;default&#8221; animation_type=&#8221;default&#8221; enable_animation=&#8221;true&#8221; animation=&#8221;fade-in-from-bottom&#8221; animation_easing=&#8221;default&#8221; bg_image_animation=&#8221;none&#8221; border_type=&#8221;simple&#8221; column_border_width=&#8221;none&#8221; column_border_style=&#8221;solid&#8221; delay=&#8221;800&#8243;][nectar_btn size=&#8221;jumbo&#8221; button_style=&#8221;regular&#8221; button_color_2=&#8221;Accent-Color&#8221; color_override=&#8221;#ffffff&#8221; solid_text_color_override=&#8221;#000000&#8243; icon_family=&#8221;none&#8221; text=&#8221;Loe rohkem&#8221; margin_right=&#8221;35&#8243; url=&#8221;https:\/\/mariabaydar.com\/uus\/kursused\/kohtumine-saatusega-2024\/&#8221;][\/vc_column_inner][\/vc_row_inner][\/vc_column][\/vc_row]\n","protected":false},"excerpt":{"rendered":"<p>[vc_row type=&#8221;full_width_background&#8221; full_screen_row_position=&#8221;middle&#8221; column_margin=&#8221;default&#8221; column_direction=&#8221;default&#8221; column_direction_tablet=&#8221;default&#8221; column_direction_phone=&#8221;default&#8221; bg_color=&#8221;#000000&#8243; scene_position=&#8221;center&#8221; top_padding=&#8221;8%&#8221; bottom_padding=&#8221;8%&#8221; text_color=&#8221;light&#8221; text_align=&#8221;left&#8221; row_border_radius=&#8221;none&#8221; row_border_radius_applies=&#8221;bg&#8221; overflow=&#8221;visible&#8221; id=&#8221;home&#8221; overlay_strength=&#8221;1&#8243; gradient_direction=&#8221;left_to_right&#8221; shape_divider_color=&#8221;#eaf1fd&#8221; shape_divider_position=&#8221;bottom&#8221; shape_divider_height=&#8221;40%&#8221; bg_image_animation=&#8221;none&#8221; parallax_bg=&#8221;true&#8221; parallax_bg_speed=&#8221;fast&#8221; shape_type=&#8221;straight_section&#8221; gradient_type=&#8221;default&#8221;][vc_column column_padding=&#8221;padding-7-percent&#8221; column_padding_tablet=&#8221;inherit&#8221; column_padding_phone=&#8221;inherit&#8221;&#8230;<\/p>\n","protected":false},"author":1,"featured_media":0,"parent":0,"menu_order":0,"comment_status":"closed","ping_status":"closed","template":"","meta":{"footnotes":""},"class_list":["post-1153","page","type-page","status-publish"],"yoast_head":"<!-- This site is optimized with the Yoast SEO plugin v21.9.1 - https:\/\/yoast.com\/wordpress\/plugins\/seo\/ -->\n<title>Tooted - Maria Baydar<\/title>\n<meta name=\"description\" content=\"Oma sisemiste ressursside kasutamine - Maria Baydari videoloengud, audiok\u00e4igud ja raamatud.\" \/>\n<meta name=\"robots\" content=\"index, follow, max-snippet:-1, max-image-preview:large, max-video-preview:-1\" \/>\n<link rel=\"canonical\" href=\"https:\/\/mariabaydar.com\/uus\/tooted\/\" \/>\n<meta property=\"og:locale\" content=\"en_US\" \/>\n<meta property=\"og:type\" content=\"article\" \/>\n<meta property=\"og:title\" content=\"Tooted - Maria Baydar\" \/>\n<meta property=\"og:description\" content=\"Oma sisemiste ressursside kasutamine - Maria Baydari videoloengud, audiok\u00e4igud ja raamatud.\" \/>\n<meta property=\"og:url\" content=\"https:\/\/mariabaydar.com\/uus\/tooted\/\" \/>\n<meta property=\"og:site_name\" content=\"Maria Baydar\" \/>\n<meta property=\"article:publisher\" content=\"https:\/\/www.facebook.com\/IgapaevaneMaagia\" \/>\n<meta property=\"article:modified_time\" content=\"2025-02-02T11:02:10+00:00\" \/>\n<meta property=\"og:image\" content=\"https:\/\/mariabaydar.com\/uus\/wp-content\/uploads\/2023\/02\/Beach-Teal-Peach-Color-Palette-Instagram-Post-8-2.jpg\" \/>\n\t<meta property=\"og:image:width\" content=\"1000\" \/>\n\t<meta property=\"og:image:height\" content=\"585\" \/>\n\t<meta property=\"og:image:type\" content=\"image\/jpeg\" \/>\n<meta name=\"twitter:card\" content=\"summary_large_image\" \/>\n<meta name=\"twitter:label1\" content=\"Est. reading time\" \/>\n\t<meta name=\"twitter:data1\" content=\"1 minute\" \/>\n<script type=\"application\/ld+json\" class=\"yoast-schema-graph\">{\"@context\":\"https:\/\/schema.org\",\"@graph\":[{\"@type\":\"WebPage\",\"@id\":\"https:\/\/mariabaydar.com\/uus\/tooted\/\",\"url\":\"https:\/\/mariabaydar.com\/uus\/tooted\/\",\"name\":\"Tooted - Maria Baydar\",\"isPartOf\":{\"@id\":\"https:\/\/mariabaydar.com\/uus\/#website\"},\"datePublished\":\"2023-01-28T13:29:05+00:00\",\"dateModified\":\"2025-02-02T11:02:10+00:00\",\"description\":\"Oma sisemiste ressursside kasutamine - Maria Baydari videoloengud, audiok\u00e4igud ja raamatud.\",\"breadcrumb\":{\"@id\":\"https:\/\/mariabaydar.com\/uus\/tooted\/#breadcrumb\"},\"inLanguage\":\"en\",\"potentialAction\":[{\"@type\":\"ReadAction\",\"target\":[\"https:\/\/mariabaydar.com\/uus\/tooted\/\"]}]},{\"@type\":\"BreadcrumbList\",\"@id\":\"https:\/\/mariabaydar.com\/uus\/tooted\/#breadcrumb\",\"itemListElement\":[{\"@type\":\"ListItem\",\"position\":1,\"name\":\"Home\",\"item\":\"https:\/\/mariabaydar.com\/uus\/\"},{\"@type\":\"ListItem\",\"position\":2,\"name\":\"Pood\"}]},{\"@type\":\"WebSite\",\"@id\":\"https:\/\/mariabaydar.com\/uus\/#website\",\"url\":\"https:\/\/mariabaydar.com\/uus\/\",\"name\":\"Maria Baydar\",\"description\":\"Koolitaja, heaolu strateeg, elustiili treener\",\"publisher\":{\"@id\":\"https:\/\/mariabaydar.com\/uus\/#organization\"},\"potentialAction\":[{\"@type\":\"SearchAction\",\"target\":{\"@type\":\"EntryPoint\",\"urlTemplate\":\"https:\/\/mariabaydar.com\/uus\/?s={search_term_string}\"},\"query-input\":\"required name=search_term_string\"}],\"inLanguage\":\"en\"},{\"@type\":\"Organization\",\"@id\":\"https:\/\/mariabaydar.com\/uus\/#organization\",\"name\":\"Maria Baydar\",\"url\":\"https:\/\/mariabaydar.com\/uus\/\",\"logo\":{\"@type\":\"ImageObject\",\"inLanguage\":\"en\",\"@id\":\"https:\/\/mariabaydar.com\/uus\/#\/schema\/logo\/image\/\",\"url\":\"https:\/\/mariabaydar.com\/uus\/wp-content\/uploads\/2022\/12\/logodark.png\",\"contentUrl\":\"https:\/\/mariabaydar.com\/uus\/wp-content\/uploads\/2022\/12\/logodark.png\",\"width\":903,\"height\":71,\"caption\":\"Maria Baydar\"},\"image\":{\"@id\":\"https:\/\/mariabaydar.com\/uus\/#\/schema\/logo\/image\/\"},\"sameAs\":[\"https:\/\/www.facebook.com\/IgapaevaneMaagia\",\"https:\/\/www.youtube.com\/channel\/UC-QV6MUEJz3vYYyJ_mFCRWQ\",\"https:\/\/www.instagram.com\/maria_baydar\/\"]}]}<\/script>\n<!-- \/ Yoast SEO plugin. -->","yoast_head_json":{"title":"Tooted - Maria Baydar","description":"Oma sisemiste ressursside kasutamine - Maria Baydari videoloengud, audiok\u00e4igud ja raamatud.","robots":{"index":"index","follow":"follow","max-snippet":"max-snippet:-1","max-image-preview":"max-image-preview:large","max-video-preview":"max-video-preview:-1"},"canonical":"https:\/\/mariabaydar.com\/uus\/tooted\/","og_locale":"en_US","og_type":"article","og_title":"Tooted - Maria Baydar","og_description":"Oma sisemiste ressursside kasutamine - Maria Baydari videoloengud, audiok\u00e4igud ja raamatud.","og_url":"https:\/\/mariabaydar.com\/uus\/tooted\/","og_site_name":"Maria Baydar","article_publisher":"https:\/\/www.facebook.com\/IgapaevaneMaagia","article_modified_time":"2025-02-02T11:02:10+00:00","og_image":[{"width":1000,"height":585,"url":"https:\/\/mariabaydar.com\/uus\/wp-content\/uploads\/2023\/02\/Beach-Teal-Peach-Color-Palette-Instagram-Post-8-2.jpg","type":"image\/jpeg"}],"twitter_card":"summary_large_image","twitter_misc":{"Est. reading time":"1 minute"},"schema":{"@context":"https:\/\/schema.org","@graph":[{"@type":"WebPage","@id":"https:\/\/mariabaydar.com\/uus\/tooted\/","url":"https:\/\/mariabaydar.com\/uus\/tooted\/","name":"Tooted - Maria Baydar","isPartOf":{"@id":"https:\/\/mariabaydar.com\/uus\/#website"},"datePublished":"2023-01-28T13:29:05+00:00","dateModified":"2025-02-02T11:02:10+00:00","description":"Oma sisemiste ressursside kasutamine - Maria Baydari videoloengud, audiok\u00e4igud ja raamatud.","breadcrumb":{"@id":"https:\/\/mariabaydar.com\/uus\/tooted\/#breadcrumb"},"inLanguage":"en","potentialAction":[{"@type":"ReadAction","target":["https:\/\/mariabaydar.com\/uus\/tooted\/"]}]},{"@type":"BreadcrumbList","@id":"https:\/\/mariabaydar.com\/uus\/tooted\/#breadcrumb","itemListElement":[{"@type":"ListItem","position":1,"name":"Home","item":"https:\/\/mariabaydar.com\/uus\/"},{"@type":"ListItem","position":2,"name":"Pood"}]},{"@type":"WebSite","@id":"https:\/\/mariabaydar.com\/uus\/#website","url":"https:\/\/mariabaydar.com\/uus\/","name":"Maria Baydar","description":"Koolitaja, heaolu strateeg, elustiili treener","publisher":{"@id":"https:\/\/mariabaydar.com\/uus\/#organization"},"potentialAction":[{"@type":"SearchAction","target":{"@type":"EntryPoint","urlTemplate":"https:\/\/mariabaydar.com\/uus\/?s={search_term_string}"},"query-input":"required name=search_term_string"}],"inLanguage":"en"},{"@type":"Organization","@id":"https:\/\/mariabaydar.com\/uus\/#organization","name":"Maria Baydar","url":"https:\/\/mariabaydar.com\/uus\/","logo":{"@type":"ImageObject","inLanguage":"en","@id":"https:\/\/mariabaydar.com\/uus\/#\/schema\/logo\/image\/","url":"https:\/\/mariabaydar.com\/uus\/wp-content\/uploads\/2022\/12\/logodark.png","contentUrl":"https:\/\/mariabaydar.com\/uus\/wp-content\/uploads\/2022\/12\/logodark.png","width":903,"height":71,"caption":"Maria Baydar"},"image":{"@id":"https:\/\/mariabaydar.com\/uus\/#\/schema\/logo\/image\/"},"sameAs":["https:\/\/www.facebook.com\/IgapaevaneMaagia","https:\/\/www.youtube.com\/channel\/UC-QV6MUEJz3vYYyJ_mFCRWQ","https:\/\/www.instagram.com\/maria_baydar\/"]}]}},"_links":{"self":[{"href":"https:\/\/mariabaydar.com\/uus\/wp-json\/wp\/v2\/pages\/1153","targetHints":{"allow":["GET"]}}],"collection":[{"href":"https:\/\/mariabaydar.com\/uus\/wp-json\/wp\/v2\/pages"}],"about":[{"href":"https:\/\/mariabaydar.com\/uus\/wp-json\/wp\/v2\/types\/page"}],"author":[{"embeddable":true,"href":"https:\/\/mariabaydar.com\/uus\/wp-json\/wp\/v2\/users\/1"}],"replies":[{"embeddable":true,"href":"https:\/\/mariabaydar.com\/uus\/wp-json\/wp\/v2\/comments?post=1153"}],"version-history":[{"count":67,"href":"https:\/\/mariabaydar.com\/uus\/wp-json\/wp\/v2\/pages\/1153\/revisions"}],"predecessor-version":[{"id":3368,"href":"https:\/\/mariabaydar.com\/uus\/wp-json\/wp\/v2\/pages\/1153\/revisions\/3368"}],"wp:attachment":[{"href":"https:\/\/mariabaydar.com\/uus\/wp-json\/wp\/v2\/media?parent=1153"}],"curies":[{"name":"wp","href":"https:\/\/api.w.org\/{rel}","templated":true}]}}