{"id":474,"date":"2022-12-27T18:33:33","date_gmt":"2022-12-27T18:33:33","guid":{"rendered":"https:\/\/mariabaydar.com\/uus\/?page_id=474"},"modified":"2025-01-26T20:57:19","modified_gmt":"2025-01-26T18:57:19","slug":"kontakt","status":"publish","type":"page","link":"https:\/\/mariabaydar.com\/uus\/kontakt\/","title":{"rendered":"Kontakt"},"content":{"rendered":"[vc_row type=&#8221;full_width_background&#8221; full_screen_row_position=&#8221;middle&#8221; column_margin=&#8221;default&#8221; column_direction=&#8221;default&#8221; column_direction_tablet=&#8221;default&#8221; column_direction_phone=&#8221;default&#8221; bg_image=&#8221;638&#8243; background_image_mobile_hidden=&#8221;true&#8221; bg_position=&#8221;left top&#8221; background_image_loading=&#8221;lazy-load&#8221; bg_repeat=&#8221;no-repeat&#8221; full_height=&#8221;yes&#8221; scene_position=&#8221;center&#8221; text_color=&#8221;custom&#8221; text_align=&#8221;left&#8221; row_border_radius=&#8221;none&#8221; row_border_radius_applies=&#8221;bg&#8221; sticky_row=&#8221;true&#8221; sticky_row_alignment=&#8221;top&#8221; overflow=&#8221;visible&#8221; class=&#8221;contactdesktop&#8221; enable_gradient=&#8221;true&#8221; color_overlay_2=&#8221;#333333&#8243; overlay_strength=&#8221;1&#8243; gradient_direction=&#8221;left_to_right&#8221; shape_divider_position=&#8221;bottom&#8221; bg_image_animation=&#8221;fade-in&#8221; shape_type=&#8221;&#8221; gradient_type=&#8221;default&#8221;][vc_column column_padding=&#8221;no-extra-padding&#8221; column_padding_tablet=&#8221;inherit&#8221; column_padding_phone=&#8221;inherit&#8221; column_padding_position=&#8221;all&#8221; column_element_direction_desktop=&#8221;default&#8221; column_element_spacing=&#8221;default&#8221; desktop_text_alignment=&#8221;default&#8221; tablet_text_alignment=&#8221;default&#8221; phone_text_alignment=&#8221;default&#8221; background_color_opacity=&#8221;1&#8243; background_hover_color_opacity=&#8221;1&#8243; column_backdrop_filter=&#8221;none&#8221; column_shadow=&#8221;none&#8221; column_border_radius=&#8221;none&#8221; column_link_target=&#8221;_self&#8221; column_position=&#8221;default&#8221; gradient_direction=&#8221;left_to_right&#8221; overlay_strength=&#8221;0.3&#8243; width=&#8221;7\/12&#8243; tablet_width_inherit=&#8221;default&#8221; animation_type=&#8221;default&#8221; bg_image_animation=&#8221;none&#8221; border_type=&#8221;simple&#8221; column_border_width=&#8221;none&#8221; column_border_style=&#8221;solid&#8221; column_padding_type=&#8221;default&#8221; gradient_type=&#8221;default&#8221; offset=&#8221;vc_hidden-sm vc_hidden-xs&#8221;][\/vc_column][vc_column column_padding=&#8221;no-extra-padding&#8221; column_padding_tablet=&#8221;inherit&#8221; column_padding_phone=&#8221;inherit&#8221; column_padding_position=&#8221;all&#8221; column_element_direction_desktop=&#8221;default&#8221; column_element_spacing=&#8221;default&#8221; desktop_text_alignment=&#8221;default&#8221; tablet_text_alignment=&#8221;default&#8221; phone_text_alignment=&#8221;default&#8221; background_color_opacity=&#8221;1&#8243; background_hover_color_opacity=&#8221;1&#8243; column_backdrop_filter=&#8221;none&#8221; column_shadow=&#8221;none&#8221; column_border_radius=&#8221;none&#8221; column_link_target=&#8221;_self&#8221; column_position=&#8221;default&#8221; gradient_direction=&#8221;left_to_right&#8221; overlay_strength=&#8221;0.3&#8243; width=&#8221;5\/12&#8243; tablet_width_inherit=&#8221;default&#8221; animation_type=&#8221;default&#8221; bg_image_animation=&#8221;none&#8221; border_type=&#8221;simple&#8221; column_border_width=&#8221;none&#8221; column_border_style=&#8221;solid&#8221; column_padding_type=&#8221;default&#8221; gradient_type=&#8221;default&#8221; offset=&#8221;vc_hidden-sm vc_hidden-xs&#8221;][vc_row_inner content_placement=&#8221;middle&#8221; column_margin=&#8221;default&#8221; column_direction=&#8221;default&#8221; column_direction_tablet=&#8221;default&#8221; column_direction_phone=&#8221;default&#8221; top_padding=&#8221;15%&#8221; bottom_padding=&#8221;5%&#8221; text_align=&#8221;left&#8221; row_position=&#8221;default&#8221; row_position_tablet=&#8221;inherit&#8221; row_position_phone=&#8221;inherit&#8221; overflow=&#8221;visible&#8221; pointer_events=&#8221;all&#8221;][vc_column_inner column_padding=&#8221;padding-7-percent&#8221; column_padding_tablet=&#8221;inherit&#8221; column_padding_phone=&#8221;inherit&#8221; column_padding_position=&#8221;all&#8221; column_element_direction_desktop=&#8221;default&#8221; column_element_spacing=&#8221;default&#8221; desktop_text_alignment=&#8221;default&#8221; tablet_text_alignment=&#8221;default&#8221; phone_text_alignment=&#8221;default&#8221; background_color=&#8221;#ffffff&#8221; background_color_opacity=&#8221;1&#8243; background_hover_color_opacity=&#8221;1&#8243; column_backdrop_filter=&#8221;none&#8221; column_shadow=&#8221;x_large_depth&#8221; column_border_radius=&#8221;none&#8221; column_link_target=&#8221;_self&#8221; overflow=&#8221;visible&#8221; gradient_direction=&#8221;left_to_right&#8221; overlay_strength=&#8221;0.3&#8243; width=&#8221;1\/1&#8243; tablet_width_inherit=&#8221;default&#8221; animation_type=&#8221;default&#8221; enable_animation=&#8221;true&#8221; animation=&#8221;fade-in-from-bottom&#8221; animation_easing=&#8221;default&#8221; bg_image_animation=&#8221;none&#8221; border_type=&#8221;simple&#8221; column_border_width=&#8221;none&#8221; column_border_style=&#8221;solid&#8221; column_padding_type=&#8221;default&#8221; gradient_type=&#8221;default&#8221; delay=&#8221;150&#8243; offset=&#8221;vc_hidden-sm vc_hidden-xs&#8221;][split_line_heading animation_type=&#8221;line-reveal-by-space&#8221; font_style=&#8221;h2&#8243; line_reveal_by_space_text_effect=&#8221;letter-reveal-bottom&#8221; content_alignment=&#8221;default&#8221; mobile_content_alignment=&#8221;inherit&#8221; link_target=&#8221;_self&#8221; text_content=&#8221;Koos kestva rahulolu suunas&#8221; animation_delay=&#8221;700&#8243;][\/split_line_heading][vc_column_text]\n<h5 style=\"text-align: left;\">\n<div class=\"wpcf7 no-js\" id=\"wpcf7-f476-o1\" lang=\"en-US\" dir=\"ltr\">\n<div class=\"screen-reader-response\"><p role=\"status\" aria-live=\"polite\" aria-atomic=\"true\"><\/p> <ul><\/ul><\/div>\n<form action=\"\/uus\/wp-json\/wp\/v2\/pages\/474#wpcf7-f476-o1\" method=\"post\" class=\"wpcf7-form init\" aria-label=\"Contact form\" novalidate=\"novalidate\" data-status=\"init\">\n<div style=\"display: none;\">\n<input type=\"hidden\" name=\"_wpcf7\" value=\"476\" \/>\n<input type=\"hidden\" name=\"_wpcf7_version\" value=\"5.8.6\" \/>\n<input type=\"hidden\" name=\"_wpcf7_locale\" value=\"en_US\" \/>\n<input type=\"hidden\" name=\"_wpcf7_unit_tag\" value=\"wpcf7-f476-o1\" \/>\n<input type=\"hidden\" name=\"_wpcf7_container_post\" value=\"0\" \/>\n<input type=\"hidden\" name=\"_wpcf7_posted_data_hash\" value=\"\" \/>\n<input type=\"hidden\" name=\"_wpcf7_recaptcha_response\" value=\"\" \/>\n<\/div>\n<p><span class=\"wpcf7-form-control-wrap\" data-name=\"your-name\"><input size=\"40\" class=\"wpcf7-form-control wpcf7-text wpcf7-validates-as-required\" autocomplete=\"name\" aria-required=\"true\" aria-invalid=\"false\" placeholder=\"Nimi\" value=\"\" type=\"text\" name=\"your-name\" \/><\/span><br \/>\n<span class=\"wpcf7-form-control-wrap\" data-name=\"your-email\"><input size=\"40\" class=\"wpcf7-form-control wpcf7-email wpcf7-validates-as-required wpcf7-text wpcf7-validates-as-email\" autocomplete=\"email\" aria-required=\"true\" aria-invalid=\"false\" placeholder=\"Email\" value=\"\" type=\"email\" name=\"your-email\" \/><\/span><br \/>\n<span class=\"wpcf7-form-control-wrap\" data-name=\"menu-175\"><select class=\"wpcf7-form-control wpcf7-select wpcf7-validates-as-required\" aria-required=\"true\" aria-invalid=\"false\" name=\"menu-175\"><option value=\"K\u00fcsi lisainfot\">K\u00fcsi lisainfot<\/option><option value=\"Registeeri kursusele\">Registeeri kursusele<\/option><option value=\"Registreeri s\u00fcndmusele\">Registreeri s\u00fcndmusele<\/option><option value=\"Broneeri kohtumine\">Broneeri kohtumine<\/option><\/select><\/span><br \/>\n<span class=\"wpcf7-form-control-wrap\" data-name=\"your-message\"><textarea cols=\"40\" rows=\"10\" class=\"wpcf7-form-control wpcf7-textarea\" aria-invalid=\"false\" placeholder=\"S\u00f5num (valikuline)\" name=\"your-message\"><\/textarea><\/span><br \/>\n<input class=\"wpcf7-form-control wpcf7-submit has-spinner\" type=\"submit\" value=\"Saada\" \/>\n<\/p><div class=\"wpcf7-response-output\" aria-hidden=\"true\"><\/div>\n<\/form>\n<\/div>\n<\/h5>\n[\/vc_column_text][vc_column_text el_class=&#8221;contactlinks&#8221;]\n<h5><a href=\"mailto:info@mariabaydar.com\">E-mail: info@mariabaydar.com<\/a>[\/vc_column_text][vc_column_text]\n<h5 style=\"text-align: left;\">Vastuv\u00f5tud toimuvad Tartus, Tallinnas ja Haapsalus.<\/h5>\n[\/vc_column_text][\/vc_column_inner][\/vc_row_inner][\/vc_column][\/vc_row][vc_row type=&#8221;full_width_background&#8221; full_screen_row_position=&#8221;middle&#8221; column_margin=&#8221;default&#8221; column_direction=&#8221;default&#8221; column_direction_tablet=&#8221;default&#8221; column_direction_phone=&#8221;default&#8221; full_height=&#8221;yes&#8221; animated_gradient_bg=&#8221;true&#8221; animated_gradient_bg_color_1=&#8221;#3648d6&#8243; animated_gradient_bg_color_2=&#8221;#011769&#8243; animated_gradient_bg_speed=&#8221;850&#8243; animated_gradient_bg_blending_mode=&#8221;organic&#8221; scene_position=&#8221;center&#8221; text_color=&#8221;custom&#8221; text_align=&#8221;left&#8221; row_border_radius=&#8221;none&#8221; row_border_radius_applies=&#8221;bg&#8221; overflow=&#8221;visible&#8221; class=&#8221;contactmobile&#8221; color_overlay=&#8221;#3648d6&#8243; color_overlay_2=&#8221;#011769&#8243; overlay_strength=&#8221;0.8&#8243; gradient_direction=&#8221;left_t_to_right_b&#8221; shape_divider_position=&#8221;bottom&#8221; bg_image_animation=&#8221;fade-in&#8221; shape_type=&#8221;&#8221; gradient_type=&#8221;default&#8221;][vc_column column_padding=&#8221;no-extra-padding&#8221; column_padding_tablet=&#8221;inherit&#8221; column_padding_phone=&#8221;inherit&#8221; column_padding_position=&#8221;all&#8221; column_element_direction_desktop=&#8221;default&#8221; column_element_spacing=&#8221;default&#8221; desktop_text_alignment=&#8221;default&#8221; tablet_text_alignment=&#8221;default&#8221; phone_text_alignment=&#8221;default&#8221; background_color_opacity=&#8221;1&#8243; background_hover_color_opacity=&#8221;1&#8243; column_backdrop_filter=&#8221;none&#8221; column_shadow=&#8221;none&#8221; column_border_radius=&#8221;none&#8221; column_link_target=&#8221;_self&#8221; column_position=&#8221;default&#8221; gradient_direction=&#8221;left_to_right&#8221; overlay_strength=&#8221;0.3&#8243; width=&#8221;7\/12&#8243; tablet_width_inherit=&#8221;default&#8221; animation_type=&#8221;default&#8221; bg_image_animation=&#8221;none&#8221; border_type=&#8221;simple&#8221; column_border_width=&#8221;none&#8221; column_border_style=&#8221;solid&#8221; column_padding_type=&#8221;default&#8221; gradient_type=&#8221;default&#8221; offset=&#8221;vc_hidden-lg vc_hidden-md&#8221;][vc_row_inner content_placement=&#8221;middle&#8221; column_margin=&#8221;default&#8221; column_direction=&#8221;default&#8221; column_direction_tablet=&#8221;default&#8221; column_direction_phone=&#8221;default&#8221; top_padding=&#8221;2em&#8221; bottom_padding=&#8221;3em&#8221; text_align=&#8221;left&#8221; row_position=&#8221;default&#8221; row_position_tablet=&#8221;inherit&#8221; row_position_phone=&#8221;inherit&#8221; overflow=&#8221;visible&#8221; pointer_events=&#8221;all&#8221;][vc_column_inner column_padding=&#8221;padding-7-percent&#8221; column_padding_tablet=&#8221;inherit&#8221; column_padding_phone=&#8221;inherit&#8221; column_padding_position=&#8221;all&#8221; column_element_direction_desktop=&#8221;default&#8221; column_element_spacing=&#8221;default&#8221; desktop_text_alignment=&#8221;default&#8221; tablet_text_alignment=&#8221;default&#8221; phone_text_alignment=&#8221;default&#8221; background_color=&#8221;#ffffff&#8221; background_color_opacity=&#8221;1&#8243; background_hover_color_opacity=&#8221;1&#8243; column_backdrop_filter=&#8221;none&#8221; column_shadow=&#8221;x_large_depth&#8221; column_border_radius=&#8221;none&#8221; column_link_target=&#8221;_self&#8221; overflow=&#8221;visible&#8221; gradient_direction=&#8221;left_to_right&#8221; overlay_strength=&#8221;0.3&#8243; width=&#8221;1\/1&#8243; tablet_width_inherit=&#8221;default&#8221; animation_type=&#8221;default&#8221; enable_animation=&#8221;true&#8221; animation=&#8221;fade-in-from-bottom&#8221; animation_easing=&#8221;default&#8221; bg_image_animation=&#8221;none&#8221; border_type=&#8221;simple&#8221; column_border_width=&#8221;none&#8221; column_border_style=&#8221;solid&#8221; column_padding_type=&#8221;default&#8221; gradient_type=&#8221;default&#8221; delay=&#8221;150&#8243;][split_line_heading animation_type=&#8221;line-reveal-by-space&#8221; font_style=&#8221;h2&#8243; line_reveal_by_space_text_effect=&#8221;letter-reveal-bottom&#8221; content_alignment=&#8221;default&#8221; mobile_content_alignment=&#8221;inherit&#8221; link_target=&#8221;_self&#8221; text_content=&#8221;Koos kestva rahulolu suunas&#8221; animation_delay=&#8221;700&#8243;][\/split_line_heading][vc_column_text]\n<h5 style=\"text-align: left;\">\n<div class=\"wpcf7 no-js\" id=\"wpcf7-f476-o2\" lang=\"en-US\" dir=\"ltr\">\n<div class=\"screen-reader-response\"><p role=\"status\" aria-live=\"polite\" aria-atomic=\"true\"><\/p> <ul><\/ul><\/div>\n<form action=\"\/uus\/wp-json\/wp\/v2\/pages\/474#wpcf7-f476-o2\" method=\"post\" class=\"wpcf7-form init\" aria-label=\"Contact form\" novalidate=\"novalidate\" data-status=\"init\">\n<div style=\"display: none;\">\n<input type=\"hidden\" name=\"_wpcf7\" value=\"476\" \/>\n<input type=\"hidden\" name=\"_wpcf7_version\" value=\"5.8.6\" \/>\n<input type=\"hidden\" name=\"_wpcf7_locale\" value=\"en_US\" \/>\n<input type=\"hidden\" name=\"_wpcf7_unit_tag\" value=\"wpcf7-f476-o2\" \/>\n<input type=\"hidden\" name=\"_wpcf7_container_post\" value=\"0\" \/>\n<input type=\"hidden\" name=\"_wpcf7_posted_data_hash\" value=\"\" \/>\n<input type=\"hidden\" name=\"_wpcf7_recaptcha_response\" value=\"\" \/>\n<\/div>\n<p><span class=\"wpcf7-form-control-wrap\" data-name=\"your-name\"><input size=\"40\" class=\"wpcf7-form-control wpcf7-text wpcf7-validates-as-required\" autocomplete=\"name\" aria-required=\"true\" aria-invalid=\"false\" placeholder=\"Nimi\" value=\"\" type=\"text\" name=\"your-name\" \/><\/span><br \/>\n<span class=\"wpcf7-form-control-wrap\" data-name=\"your-email\"><input size=\"40\" class=\"wpcf7-form-control wpcf7-email wpcf7-validates-as-required wpcf7-text wpcf7-validates-as-email\" autocomplete=\"email\" aria-required=\"true\" aria-invalid=\"false\" placeholder=\"Email\" value=\"\" type=\"email\" name=\"your-email\" \/><\/span><br \/>\n<span class=\"wpcf7-form-control-wrap\" data-name=\"menu-175\"><select class=\"wpcf7-form-control wpcf7-select wpcf7-validates-as-required\" aria-required=\"true\" aria-invalid=\"false\" name=\"menu-175\"><option value=\"K\u00fcsi lisainfot\">K\u00fcsi lisainfot<\/option><option value=\"Registeeri kursusele\">Registeeri kursusele<\/option><option value=\"Registreeri s\u00fcndmusele\">Registreeri s\u00fcndmusele<\/option><option value=\"Broneeri kohtumine\">Broneeri kohtumine<\/option><\/select><\/span><br \/>\n<span class=\"wpcf7-form-control-wrap\" data-name=\"your-message\"><textarea cols=\"40\" rows=\"10\" class=\"wpcf7-form-control wpcf7-textarea\" aria-invalid=\"false\" placeholder=\"S\u00f5num (valikuline)\" name=\"your-message\"><\/textarea><\/span><br \/>\n<input class=\"wpcf7-form-control wpcf7-submit has-spinner\" type=\"submit\" value=\"Saada\" \/>\n<\/p><div class=\"wpcf7-response-output\" aria-hidden=\"true\"><\/div>\n<\/form>\n<\/div>\n<\/h5>\n[\/vc_column_text][vc_column_text el_class=&#8221;contactlinks&#8221;]\n<h4 style=\"text-align: left;\"><a href=\"mailto:info@mariabaydar.com\">E-mail: info@mariabaydar.com<\/a><br \/>\n<a href=\"tel:+372 5304 4898\">Tel: +372 5304 4898<\/a><\/h4>\n[\/vc_column_text][vc_column_text]\n<h4 style=\"text-align: left;\">Vastuv\u00f5tud toimuvad Tartus, Tallinnas ja Haapsalus.<\/h4>\n[\/vc_column_text][\/vc_column_inner][\/vc_row_inner][\/vc_column][vc_column column_padding=&#8221;no-extra-padding&#8221; column_padding_tablet=&#8221;inherit&#8221; column_padding_phone=&#8221;inherit&#8221; column_padding_position=&#8221;all&#8221; column_element_direction_desktop=&#8221;default&#8221; column_element_spacing=&#8221;default&#8221; desktop_text_alignment=&#8221;default&#8221; tablet_text_alignment=&#8221;default&#8221; phone_text_alignment=&#8221;default&#8221; background_color_opacity=&#8221;1&#8243; background_hover_color_opacity=&#8221;1&#8243; column_backdrop_filter=&#8221;none&#8221; column_shadow=&#8221;none&#8221; column_border_radius=&#8221;none&#8221; column_link_target=&#8221;_self&#8221; column_position=&#8221;default&#8221; gradient_direction=&#8221;left_to_right&#8221; overlay_strength=&#8221;0.3&#8243; width=&#8221;5\/12&#8243; tablet_width_inherit=&#8221;default&#8221; animation_type=&#8221;default&#8221; bg_image_animation=&#8221;none&#8221; border_type=&#8221;simple&#8221; column_border_width=&#8221;none&#8221; column_border_style=&#8221;solid&#8221; column_padding_type=&#8221;default&#8221; gradient_type=&#8221;default&#8221; offset=&#8221;vc_hidden-lg vc_hidden-md&#8221;][\/vc_column][\/vc_row]\n","protected":false},"excerpt":{"rendered":"<p>[vc_row type=&#8221;full_width_background&#8221; full_screen_row_position=&#8221;middle&#8221; column_margin=&#8221;default&#8221; column_direction=&#8221;default&#8221; column_direction_tablet=&#8221;default&#8221; column_direction_phone=&#8221;default&#8221; bg_image=&#8221;638&#8243; background_image_mobile_hidden=&#8221;true&#8221; bg_position=&#8221;left top&#8221; background_image_loading=&#8221;lazy-load&#8221; bg_repeat=&#8221;no-repeat&#8221; full_height=&#8221;yes&#8221; scene_position=&#8221;center&#8221; text_color=&#8221;custom&#8221; text_align=&#8221;left&#8221; row_border_radius=&#8221;none&#8221; row_border_radius_applies=&#8221;bg&#8221; sticky_row=&#8221;true&#8221; sticky_row_alignment=&#8221;top&#8221; overflow=&#8221;visible&#8221; class=&#8221;contactdesktop&#8221; enable_gradient=&#8221;true&#8221; color_overlay_2=&#8221;#333333&#8243; overlay_strength=&#8221;1&#8243; gradient_direction=&#8221;left_to_right&#8221; shape_divider_position=&#8221;bottom&#8221; bg_image_animation=&#8221;fade-in&#8221; shape_type=&#8221;&#8221;&#8230;<\/p>\n","protected":false},"author":1,"featured_media":0,"parent":0,"menu_order":0,"comment_status":"closed","ping_status":"closed","template":"template-no-footer.php","meta":{"footnotes":""},"class_list":["post-474","page","type-page","status-publish"],"yoast_head":"<!-- This site is optimized with the Yoast SEO plugin v21.9.1 - https:\/\/yoast.com\/wordpress\/plugins\/seo\/ -->\n<title>V\u00f5ta \u00fchendust - Maria Baydar<\/title>\n<meta name=\"description\" content=\"Kui soovite kohtumise broneerida, leida terapeut v\u00f5i registreeruda kursusele, v\u00f5tke \u00fchendust Maria Baydariga.\" \/>\n<meta name=\"robots\" content=\"index, follow, max-snippet:-1, max-image-preview:large, max-video-preview:-1\" \/>\n<link rel=\"canonical\" href=\"https:\/\/mariabaydar.com\/uus\/kontakt\/\" \/>\n<meta property=\"og:locale\" content=\"en_US\" \/>\n<meta property=\"og:type\" content=\"article\" \/>\n<meta property=\"og:title\" content=\"V\u00f5ta \u00fchendust - Maria Baydar\" \/>\n<meta property=\"og:description\" content=\"Kui soovite kohtumise broneerida, leida terapeut v\u00f5i registreeruda kursusele, v\u00f5tke \u00fchendust Maria Baydariga.\" \/>\n<meta property=\"og:url\" content=\"https:\/\/mariabaydar.com\/uus\/kontakt\/\" \/>\n<meta property=\"og:site_name\" content=\"Maria Baydar\" \/>\n<meta property=\"article:publisher\" content=\"https:\/\/www.facebook.com\/IgapaevaneMaagia\" \/>\n<meta property=\"article:modified_time\" content=\"2025-01-26T18:57:19+00:00\" \/>\n<meta property=\"og:image\" content=\"https:\/\/mariabaydar.com\/uus\/wp-content\/uploads\/2023\/02\/Beach-Teal-Peach-Color-Palette-Instagram-Post-8-2.jpg\" \/>\n\t<meta property=\"og:image:width\" content=\"1000\" \/>\n\t<meta property=\"og:image:height\" content=\"585\" \/>\n\t<meta property=\"og:image:type\" content=\"image\/jpeg\" \/>\n<meta name=\"twitter:card\" content=\"summary_large_image\" \/>\n<meta name=\"twitter:label1\" content=\"Est. reading time\" \/>\n\t<meta name=\"twitter:data1\" content=\"3 minutes\" \/>\n<script type=\"application\/ld+json\" class=\"yoast-schema-graph\">{\"@context\":\"https:\/\/schema.org\",\"@graph\":[{\"@type\":\"WebPage\",\"@id\":\"https:\/\/mariabaydar.com\/uus\/kontakt\/\",\"url\":\"https:\/\/mariabaydar.com\/uus\/kontakt\/\",\"name\":\"V\u00f5ta \u00fchendust - Maria Baydar\",\"isPartOf\":{\"@id\":\"https:\/\/mariabaydar.com\/uus\/#website\"},\"datePublished\":\"2022-12-27T18:33:33+00:00\",\"dateModified\":\"2025-01-26T18:57:19+00:00\",\"description\":\"Kui soovite kohtumise broneerida, leida terapeut v\u00f5i registreeruda kursusele, v\u00f5tke \u00fchendust Maria Baydariga.\",\"breadcrumb\":{\"@id\":\"https:\/\/mariabaydar.com\/uus\/kontakt\/#breadcrumb\"},\"inLanguage\":\"en\",\"potentialAction\":[{\"@type\":\"ReadAction\",\"target\":[\"https:\/\/mariabaydar.com\/uus\/kontakt\/\"]}]},{\"@type\":\"BreadcrumbList\",\"@id\":\"https:\/\/mariabaydar.com\/uus\/kontakt\/#breadcrumb\",\"itemListElement\":[{\"@type\":\"ListItem\",\"position\":1,\"name\":\"Home\",\"item\":\"https:\/\/mariabaydar.com\/uus\/\"},{\"@type\":\"ListItem\",\"position\":2,\"name\":\"Kontakt\"}]},{\"@type\":\"WebSite\",\"@id\":\"https:\/\/mariabaydar.com\/uus\/#website\",\"url\":\"https:\/\/mariabaydar.com\/uus\/\",\"name\":\"Maria Baydar\",\"description\":\"Koolitaja, heaolu strateeg, elustiili treener\",\"publisher\":{\"@id\":\"https:\/\/mariabaydar.com\/uus\/#organization\"},\"potentialAction\":[{\"@type\":\"SearchAction\",\"target\":{\"@type\":\"EntryPoint\",\"urlTemplate\":\"https:\/\/mariabaydar.com\/uus\/?s={search_term_string}\"},\"query-input\":\"required name=search_term_string\"}],\"inLanguage\":\"en\"},{\"@type\":\"Organization\",\"@id\":\"https:\/\/mariabaydar.com\/uus\/#organization\",\"name\":\"Maria Baydar\",\"url\":\"https:\/\/mariabaydar.com\/uus\/\",\"logo\":{\"@type\":\"ImageObject\",\"inLanguage\":\"en\",\"@id\":\"https:\/\/mariabaydar.com\/uus\/#\/schema\/logo\/image\/\",\"url\":\"https:\/\/mariabaydar.com\/uus\/wp-content\/uploads\/2022\/12\/logodark.png\",\"contentUrl\":\"https:\/\/mariabaydar.com\/uus\/wp-content\/uploads\/2022\/12\/logodark.png\",\"width\":903,\"height\":71,\"caption\":\"Maria Baydar\"},\"image\":{\"@id\":\"https:\/\/mariabaydar.com\/uus\/#\/schema\/logo\/image\/\"},\"sameAs\":[\"https:\/\/www.facebook.com\/IgapaevaneMaagia\",\"https:\/\/www.youtube.com\/channel\/UC-QV6MUEJz3vYYyJ_mFCRWQ\",\"https:\/\/www.instagram.com\/maria_baydar\/\"]}]}<\/script>\n<!-- \/ Yoast SEO plugin. -->","yoast_head_json":{"title":"V\u00f5ta \u00fchendust - Maria Baydar","description":"Kui soovite kohtumise broneerida, leida terapeut v\u00f5i registreeruda kursusele, v\u00f5tke \u00fchendust Maria Baydariga.","robots":{"index":"index","follow":"follow","max-snippet":"max-snippet:-1","max-image-preview":"max-image-preview:large","max-video-preview":"max-video-preview:-1"},"canonical":"https:\/\/mariabaydar.com\/uus\/kontakt\/","og_locale":"en_US","og_type":"article","og_title":"V\u00f5ta \u00fchendust - Maria Baydar","og_description":"Kui soovite kohtumise broneerida, leida terapeut v\u00f5i registreeruda kursusele, v\u00f5tke \u00fchendust Maria Baydariga.","og_url":"https:\/\/mariabaydar.com\/uus\/kontakt\/","og_site_name":"Maria Baydar","article_publisher":"https:\/\/www.facebook.com\/IgapaevaneMaagia","article_modified_time":"2025-01-26T18:57:19+00:00","og_image":[{"width":1000,"height":585,"url":"https:\/\/mariabaydar.com\/uus\/wp-content\/uploads\/2023\/02\/Beach-Teal-Peach-Color-Palette-Instagram-Post-8-2.jpg","type":"image\/jpeg"}],"twitter_card":"summary_large_image","twitter_misc":{"Est. reading time":"3 minutes"},"schema":{"@context":"https:\/\/schema.org","@graph":[{"@type":"WebPage","@id":"https:\/\/mariabaydar.com\/uus\/kontakt\/","url":"https:\/\/mariabaydar.com\/uus\/kontakt\/","name":"V\u00f5ta \u00fchendust - Maria Baydar","isPartOf":{"@id":"https:\/\/mariabaydar.com\/uus\/#website"},"datePublished":"2022-12-27T18:33:33+00:00","dateModified":"2025-01-26T18:57:19+00:00","description":"Kui soovite kohtumise broneerida, leida terapeut v\u00f5i registreeruda kursusele, v\u00f5tke \u00fchendust Maria Baydariga.","breadcrumb":{"@id":"https:\/\/mariabaydar.com\/uus\/kontakt\/#breadcrumb"},"inLanguage":"en","potentialAction":[{"@type":"ReadAction","target":["https:\/\/mariabaydar.com\/uus\/kontakt\/"]}]},{"@type":"BreadcrumbList","@id":"https:\/\/mariabaydar.com\/uus\/kontakt\/#breadcrumb","itemListElement":[{"@type":"ListItem","position":1,"name":"Home","item":"https:\/\/mariabaydar.com\/uus\/"},{"@type":"ListItem","position":2,"name":"Kontakt"}]},{"@type":"WebSite","@id":"https:\/\/mariabaydar.com\/uus\/#website","url":"https:\/\/mariabaydar.com\/uus\/","name":"Maria Baydar","description":"Koolitaja, heaolu strateeg, elustiili treener","publisher":{"@id":"https:\/\/mariabaydar.com\/uus\/#organization"},"potentialAction":[{"@type":"SearchAction","target":{"@type":"EntryPoint","urlTemplate":"https:\/\/mariabaydar.com\/uus\/?s={search_term_string}"},"query-input":"required name=search_term_string"}],"inLanguage":"en"},{"@type":"Organization","@id":"https:\/\/mariabaydar.com\/uus\/#organization","name":"Maria Baydar","url":"https:\/\/mariabaydar.com\/uus\/","logo":{"@type":"ImageObject","inLanguage":"en","@id":"https:\/\/mariabaydar.com\/uus\/#\/schema\/logo\/image\/","url":"https:\/\/mariabaydar.com\/uus\/wp-content\/uploads\/2022\/12\/logodark.png","contentUrl":"https:\/\/mariabaydar.com\/uus\/wp-content\/uploads\/2022\/12\/logodark.png","width":903,"height":71,"caption":"Maria Baydar"},"image":{"@id":"https:\/\/mariabaydar.com\/uus\/#\/schema\/logo\/image\/"},"sameAs":["https:\/\/www.facebook.com\/IgapaevaneMaagia","https:\/\/www.youtube.com\/channel\/UC-QV6MUEJz3vYYyJ_mFCRWQ","https:\/\/www.instagram.com\/maria_baydar\/"]}]}},"_links":{"self":[{"href":"https:\/\/mariabaydar.com\/uus\/wp-json\/wp\/v2\/pages\/474","targetHints":{"allow":["GET"]}}],"collection":[{"href":"https:\/\/mariabaydar.com\/uus\/wp-json\/wp\/v2\/pages"}],"about":[{"href":"https:\/\/mariabaydar.com\/uus\/wp-json\/wp\/v2\/types\/page"}],"author":[{"embeddable":true,"href":"https:\/\/mariabaydar.com\/uus\/wp-json\/wp\/v2\/users\/1"}],"replies":[{"embeddable":true,"href":"https:\/\/mariabaydar.com\/uus\/wp-json\/wp\/v2\/comments?post=474"}],"version-history":[{"count":58,"href":"https:\/\/mariabaydar.com\/uus\/wp-json\/wp\/v2\/pages\/474\/revisions"}],"predecessor-version":[{"id":3193,"href":"https:\/\/mariabaydar.com\/uus\/wp-json\/wp\/v2\/pages\/474\/revisions\/3193"}],"wp:attachment":[{"href":"https:\/\/mariabaydar.com\/uus\/wp-json\/wp\/v2\/media?parent=474"}],"curies":[{"name":"wp","href":"https:\/\/api.w.org\/{rel}","templated":true}]}}