{"id":1257,"date":"2023-02-05T16:06:45","date_gmt":"2023-02-05T16:06:45","guid":{"rendered":"https:\/\/mariabaydar.com\/uus\/?post_type=product&#038;p=1257"},"modified":"2023-10-01T11:47:28","modified_gmt":"2023-10-01T11:47:28","slug":"kommunikatsioon-tervendavas-paarisuhtes-maria-baydar-raido-roiva","status":"publish","type":"product","link":"https:\/\/mariabaydar.com\/uus\/toode\/kommunikatsioon-tervendavas-paarisuhtes-maria-baydar-raido-roiva\/","title":{"rendered":"Kommunikatsioon tervendavas paarisuhtes | Maria Baydar &#038; Raido R\u00f5ivas"},"content":{"rendered":"","protected":false},"excerpt":{"rendered":"<p>&#8220;Armastuse uus s\u00fcgavus&#8221; sarja II kohtumisel avastame p\u00f5hjuseid, miks on meestel ja naistel nii raske teineteist m\u00f5ista ning end m\u00f5istetavaks teisele poolele teha.<\/p>\n<p>Videoloengus \u00f5pid:<br \/>\n&#8211; kuidas r\u00e4\u00e4kida partneri keeles<br \/>\n&#8211; kuidas \u00fcletada takistusterohke suhtlemisbarj\u00e4\u00e4r ja muuta paarisuhe\u00a0tervendavaks, \u00fchendavaks ja liitvaks kogemuseks l\u00e4bi kommunikatsiooni<br \/>\n&#8211; kuidas seada tasakaalukalt oma piire ja v\u00e4ljendada oma vajadusi nii, et see tooks tervenemist m\u00f5lemale jpm.<\/p>\n<p>Suhtlemine on \u00fche tugeva suhte alustala. Kuid alati pole see pealtn\u00e4ha lihtne omadus sugugi kerge ja loomulik. Paljudele paaridele saab h\u00e4vitav v\u00f5i koguni puuduv kommunikatsioon saatuslikuks.<\/p>\n<p>Paljud paarid isegi ei teadvusta, et nende probleemid v\u00f5iksid olla \u00e4\u00e4rmiselt lihtsasti lahendatavad! Harmoonilist, toetavat ja armastavat suhtlust, mis v\u00f5iks paarisuhte k\u00f5rgustesse t\u00f5sta, takistavad hingehaavad, ego, piiravad uskumused, l\u00e4bielamised jpm. S\u00f5nad on suhtes k\u00f5ige karmim relv, kuid teadlikult keelemaagiat tundes, v\u00f5ivad need olla ka imeravimiks igas suhtes.<\/p>\n<p>Koolituste sarja on v\u00e4lja t\u00f6\u00f6tanud Maria Baydar ja Raido R\u00f5ivas, kellel on kahepeale kokku 27 aastat kogemust koolitamises ja inimestega t\u00f6\u00f6s. Koos on \u00fchendatud oma hindamatud teadmised.<\/p>\n<p>Videoloeng saadetakse tellijale meilile 24h jooksul peale makse sooritamist.<\/p>\n","protected":false},"featured_media":1271,"template":"","meta":[],"product_cat":[25],"product_tag":[],"class_list":{"0":"post-1257","1":"product","2":"type-product","3":"status-publish","4":"has-post-thumbnail","6":"product_cat-videoloengud","8":"first","9":"instock","10":"sale","11":"downloadable","12":"virtual","13":"purchasable","14":"product-type-simple"},"yoast_head":"<!-- This site is optimized with the Yoast SEO plugin v21.9.1 - https:\/\/yoast.com\/wordpress\/plugins\/seo\/ -->\n<title>Kommunikatsioon tervendavas paarisuhtes - Maria Baydar<\/title>\n<meta name=\"description\" content=\"\u201dArmastuse uus s\u00fcgavus\u201d on m\u00f5ledud k\u00f5igile neile, kes soovivad oma elus kogeda s\u00fcgavalt rahuldustpakkuvat ja harmoonilist, \u00f5nnelikku paarisuhet.\" \/>\n<meta name=\"robots\" content=\"index, follow, max-snippet:-1, max-image-preview:large, max-video-preview:-1\" \/>\n<link rel=\"canonical\" href=\"https:\/\/mariabaydar.com\/uus\/toode\/kommunikatsioon-tervendavas-paarisuhtes-maria-baydar-raido-roiva\/\" \/>\n<meta property=\"og:locale\" content=\"en_US\" \/>\n<meta property=\"og:type\" content=\"article\" \/>\n<meta property=\"og:title\" content=\"Kommunikatsioon tervendavas paarisuhtes - Maria Baydar\" \/>\n<meta property=\"og:description\" content=\"\u201dArmastuse uus s\u00fcgavus\u201d on m\u00f5ledud k\u00f5igile neile, kes soovivad oma elus kogeda s\u00fcgavalt rahuldustpakkuvat ja harmoonilist, \u00f5nnelikku paarisuhet.\" \/>\n<meta property=\"og:url\" content=\"https:\/\/mariabaydar.com\/uus\/toode\/kommunikatsioon-tervendavas-paarisuhtes-maria-baydar-raido-roiva\/\" \/>\n<meta property=\"og:site_name\" content=\"Maria Baydar\" \/>\n<meta property=\"article:publisher\" content=\"https:\/\/www.facebook.com\/IgapaevaneMaagia\" \/>\n<meta property=\"article:modified_time\" content=\"2023-10-01T11:47:28+00:00\" \/>\n<meta property=\"og:image\" content=\"https:\/\/mariabaydar.com\/uus\/wp-content\/uploads\/2023\/02\/Colorful-Bright-Ten-Recipe-Ideas-For-4th-of-July-Recipe-Ideas-Blogger-Instagram-Post-2.jpg\" \/>\n\t<meta property=\"og:image:width\" content=\"1200\" \/>\n\t<meta property=\"og:image:height\" content=\"1200\" \/>\n\t<meta property=\"og:image:type\" content=\"image\/jpeg\" \/>\n<meta name=\"twitter:card\" content=\"summary_large_image\" \/>\n<script type=\"application\/ld+json\" class=\"yoast-schema-graph\">{\"@context\":\"https:\/\/schema.org\",\"@graph\":[{\"@type\":\"WebPage\",\"@id\":\"https:\/\/mariabaydar.com\/uus\/toode\/kommunikatsioon-tervendavas-paarisuhtes-maria-baydar-raido-roiva\/\",\"url\":\"https:\/\/mariabaydar.com\/uus\/toode\/kommunikatsioon-tervendavas-paarisuhtes-maria-baydar-raido-roiva\/\",\"name\":\"Kommunikatsioon tervendavas paarisuhtes - Maria Baydar\",\"isPartOf\":{\"@id\":\"https:\/\/mariabaydar.com\/uus\/#website\"},\"datePublished\":\"2023-02-05T16:06:45+00:00\",\"dateModified\":\"2023-10-01T11:47:28+00:00\",\"description\":\"\u201dArmastuse uus s\u00fcgavus\u201d on m\u00f5ledud k\u00f5igile neile, kes soovivad oma elus kogeda s\u00fcgavalt rahuldustpakkuvat ja harmoonilist, \u00f5nnelikku paarisuhet.\",\"breadcrumb\":{\"@id\":\"https:\/\/mariabaydar.com\/uus\/toode\/kommunikatsioon-tervendavas-paarisuhtes-maria-baydar-raido-roiva\/#breadcrumb\"},\"inLanguage\":\"en\",\"potentialAction\":[{\"@type\":\"ReadAction\",\"target\":[\"https:\/\/mariabaydar.com\/uus\/toode\/kommunikatsioon-tervendavas-paarisuhtes-maria-baydar-raido-roiva\/\"]}]},{\"@type\":\"BreadcrumbList\",\"@id\":\"https:\/\/mariabaydar.com\/uus\/toode\/kommunikatsioon-tervendavas-paarisuhtes-maria-baydar-raido-roiva\/#breadcrumb\",\"itemListElement\":[{\"@type\":\"ListItem\",\"position\":1,\"name\":\"Home\",\"item\":\"https:\/\/mariabaydar.com\/uus\/\"},{\"@type\":\"ListItem\",\"position\":2,\"name\":\"E shop\",\"item\":\"https:\/\/mariabaydar.com\/uus\/pood\/\"},{\"@type\":\"ListItem\",\"position\":3,\"name\":\"Kommunikatsioon tervendavas paarisuhtes | Maria Baydar &#038; Raido R\u00f5ivas\"}]},{\"@type\":\"WebSite\",\"@id\":\"https:\/\/mariabaydar.com\/uus\/#website\",\"url\":\"https:\/\/mariabaydar.com\/uus\/\",\"name\":\"Maria Baydar\",\"description\":\"Koolitaja, heaolu strateeg, elustiili treener\",\"publisher\":{\"@id\":\"https:\/\/mariabaydar.com\/uus\/#organization\"},\"potentialAction\":[{\"@type\":\"SearchAction\",\"target\":{\"@type\":\"EntryPoint\",\"urlTemplate\":\"https:\/\/mariabaydar.com\/uus\/?s={search_term_string}\"},\"query-input\":\"required name=search_term_string\"}],\"inLanguage\":\"en\"},{\"@type\":\"Organization\",\"@id\":\"https:\/\/mariabaydar.com\/uus\/#organization\",\"name\":\"Maria Baydar\",\"url\":\"https:\/\/mariabaydar.com\/uus\/\",\"logo\":{\"@type\":\"ImageObject\",\"inLanguage\":\"en\",\"@id\":\"https:\/\/mariabaydar.com\/uus\/#\/schema\/logo\/image\/\",\"url\":\"https:\/\/mariabaydar.com\/uus\/wp-content\/uploads\/2022\/12\/logodark.png\",\"contentUrl\":\"https:\/\/mariabaydar.com\/uus\/wp-content\/uploads\/2022\/12\/logodark.png\",\"width\":903,\"height\":71,\"caption\":\"Maria Baydar\"},\"image\":{\"@id\":\"https:\/\/mariabaydar.com\/uus\/#\/schema\/logo\/image\/\"},\"sameAs\":[\"https:\/\/www.facebook.com\/IgapaevaneMaagia\",\"https:\/\/www.youtube.com\/channel\/UC-QV6MUEJz3vYYyJ_mFCRWQ\",\"https:\/\/www.instagram.com\/maria_baydar\/\"]}]}<\/script>\n<!-- \/ Yoast SEO plugin. -->","yoast_head_json":{"title":"Kommunikatsioon tervendavas paarisuhtes - Maria Baydar","description":"\u201dArmastuse uus s\u00fcgavus\u201d on m\u00f5ledud k\u00f5igile neile, kes soovivad oma elus kogeda s\u00fcgavalt rahuldustpakkuvat ja harmoonilist, \u00f5nnelikku paarisuhet.","robots":{"index":"index","follow":"follow","max-snippet":"max-snippet:-1","max-image-preview":"max-image-preview:large","max-video-preview":"max-video-preview:-1"},"canonical":"https:\/\/mariabaydar.com\/uus\/toode\/kommunikatsioon-tervendavas-paarisuhtes-maria-baydar-raido-roiva\/","og_locale":"en_US","og_type":"article","og_title":"Kommunikatsioon tervendavas paarisuhtes - Maria Baydar","og_description":"\u201dArmastuse uus s\u00fcgavus\u201d on m\u00f5ledud k\u00f5igile neile, kes soovivad oma elus kogeda s\u00fcgavalt rahuldustpakkuvat ja harmoonilist, \u00f5nnelikku paarisuhet.","og_url":"https:\/\/mariabaydar.com\/uus\/toode\/kommunikatsioon-tervendavas-paarisuhtes-maria-baydar-raido-roiva\/","og_site_name":"Maria Baydar","article_publisher":"https:\/\/www.facebook.com\/IgapaevaneMaagia","article_modified_time":"2023-10-01T11:47:28+00:00","og_image":[{"width":1200,"height":1200,"url":"https:\/\/mariabaydar.com\/uus\/wp-content\/uploads\/2023\/02\/Colorful-Bright-Ten-Recipe-Ideas-For-4th-of-July-Recipe-Ideas-Blogger-Instagram-Post-2.jpg","type":"image\/jpeg"}],"twitter_card":"summary_large_image","schema":{"@context":"https:\/\/schema.org","@graph":[{"@type":"WebPage","@id":"https:\/\/mariabaydar.com\/uus\/toode\/kommunikatsioon-tervendavas-paarisuhtes-maria-baydar-raido-roiva\/","url":"https:\/\/mariabaydar.com\/uus\/toode\/kommunikatsioon-tervendavas-paarisuhtes-maria-baydar-raido-roiva\/","name":"Kommunikatsioon tervendavas paarisuhtes - Maria Baydar","isPartOf":{"@id":"https:\/\/mariabaydar.com\/uus\/#website"},"datePublished":"2023-02-05T16:06:45+00:00","dateModified":"2023-10-01T11:47:28+00:00","description":"\u201dArmastuse uus s\u00fcgavus\u201d on m\u00f5ledud k\u00f5igile neile, kes soovivad oma elus kogeda s\u00fcgavalt rahuldustpakkuvat ja harmoonilist, \u00f5nnelikku paarisuhet.","breadcrumb":{"@id":"https:\/\/mariabaydar.com\/uus\/toode\/kommunikatsioon-tervendavas-paarisuhtes-maria-baydar-raido-roiva\/#breadcrumb"},"inLanguage":"en","potentialAction":[{"@type":"ReadAction","target":["https:\/\/mariabaydar.com\/uus\/toode\/kommunikatsioon-tervendavas-paarisuhtes-maria-baydar-raido-roiva\/"]}]},{"@type":"BreadcrumbList","@id":"https:\/\/mariabaydar.com\/uus\/toode\/kommunikatsioon-tervendavas-paarisuhtes-maria-baydar-raido-roiva\/#breadcrumb","itemListElement":[{"@type":"ListItem","position":1,"name":"Home","item":"https:\/\/mariabaydar.com\/uus\/"},{"@type":"ListItem","position":2,"name":"E shop","item":"https:\/\/mariabaydar.com\/uus\/pood\/"},{"@type":"ListItem","position":3,"name":"Kommunikatsioon tervendavas paarisuhtes | Maria Baydar &#038; Raido R\u00f5ivas"}]},{"@type":"WebSite","@id":"https:\/\/mariabaydar.com\/uus\/#website","url":"https:\/\/mariabaydar.com\/uus\/","name":"Maria Baydar","description":"Koolitaja, heaolu strateeg, elustiili treener","publisher":{"@id":"https:\/\/mariabaydar.com\/uus\/#organization"},"potentialAction":[{"@type":"SearchAction","target":{"@type":"EntryPoint","urlTemplate":"https:\/\/mariabaydar.com\/uus\/?s={search_term_string}"},"query-input":"required name=search_term_string"}],"inLanguage":"en"},{"@type":"Organization","@id":"https:\/\/mariabaydar.com\/uus\/#organization","name":"Maria Baydar","url":"https:\/\/mariabaydar.com\/uus\/","logo":{"@type":"ImageObject","inLanguage":"en","@id":"https:\/\/mariabaydar.com\/uus\/#\/schema\/logo\/image\/","url":"https:\/\/mariabaydar.com\/uus\/wp-content\/uploads\/2022\/12\/logodark.png","contentUrl":"https:\/\/mariabaydar.com\/uus\/wp-content\/uploads\/2022\/12\/logodark.png","width":903,"height":71,"caption":"Maria Baydar"},"image":{"@id":"https:\/\/mariabaydar.com\/uus\/#\/schema\/logo\/image\/"},"sameAs":["https:\/\/www.facebook.com\/IgapaevaneMaagia","https:\/\/www.youtube.com\/channel\/UC-QV6MUEJz3vYYyJ_mFCRWQ","https:\/\/www.instagram.com\/maria_baydar\/"]}]}},"_links":{"self":[{"href":"https:\/\/mariabaydar.com\/uus\/wp-json\/wp\/v2\/product\/1257","targetHints":{"allow":["GET"]}}],"collection":[{"href":"https:\/\/mariabaydar.com\/uus\/wp-json\/wp\/v2\/product"}],"about":[{"href":"https:\/\/mariabaydar.com\/uus\/wp-json\/wp\/v2\/types\/product"}],"wp:featuredmedia":[{"embeddable":true,"href":"https:\/\/mariabaydar.com\/uus\/wp-json\/wp\/v2\/media\/1271"}],"wp:attachment":[{"href":"https:\/\/mariabaydar.com\/uus\/wp-json\/wp\/v2\/media?parent=1257"}],"wp:term":[{"taxonomy":"product_cat","embeddable":true,"href":"https:\/\/mariabaydar.com\/uus\/wp-json\/wp\/v2\/product_cat?post=1257"},{"taxonomy":"product_tag","embeddable":true,"href":"https:\/\/mariabaydar.com\/uus\/wp-json\/wp\/v2\/product_tag?post=1257"}],"curies":[{"name":"wp","href":"https:\/\/api.w.org\/{rel}","templated":true}]}}