{"id":1261,"date":"2023-02-05T16:08:23","date_gmt":"2023-02-05T16:08:23","guid":{"rendered":"https:\/\/mariabaydar.com\/uus\/?post_type=product&#038;p=1261"},"modified":"2023-10-01T11:48:32","modified_gmt":"2023-10-01T11:48:32","slug":"depressioon-arevus-enesejuhtimine-koik-mida-peaksid-teadma-maria-baydar","status":"publish","type":"product","link":"https:\/\/mariabaydar.com\/uus\/toode\/depressioon-arevus-enesejuhtimine-koik-mida-peaksid-teadma-maria-baydar\/","title":{"rendered":"Depressioon, \u00e4revus, enesejuhtimine &#8211; k\u00f5ik, mida peaksid teadma | Maria Baydar"},"content":{"rendered":"","protected":false},"excerpt":{"rendered":"<p>T\u00e4nap\u00e4eva maailmas on depressioon, kahjulik stress ja \u00e4revush\u00e4ired kimbutamas paljusid. Need on kogemused ja ps\u00fc\u00fchilised seisundid, millega on v\u00e4ga raske toime tulla ning iga kogemus on \u00e4\u00e4rmiselt erinev ja isiklik. Kogejale tundub, et sellest polegi p\u00e4\u00e4su ning see v\u00f5ib m\u00f5juda \u00e4\u00e4remiselt laastavalt kogu tema elule ja suhetele.<\/p>\n<p>Videoloengus m\u00f5testatakse lahti vaimsete h\u00e4irete olemus ja k\u00f5ik varjatud aspektid, mida peaksid teadma. \u00d5pid selgeks s\u00fcgavad ja v\u00f5imsad, kuid lihtsad praktikad ja v\u00f5tted, et olla iseendale parim tervendaja ja terapeut ning saaksid astuda esimesed sammud tasakaaluka ja \u00f5nneliku enesetunde suunas.<\/p>\n<p>Videoloengus \u00f5pid:<br \/>\n&#8211; miks tekivad inimestel vaimsed tasakaalutused<br \/>\n&#8211; mis on depressioon, \u00e4revus ja l\u00e4bip\u00f5lemine t\u00e4psemalt<br \/>\n&#8211; miks tekib depressioon<br \/>\n&#8211; kuidas v\u00e4ljenduvad ja m\u00f5jutavad sind depressioon, \u00e4revus ja l\u00e4bip\u00f5lemine<br \/>\n&#8211; kuidas ennast lihtsate, kuid t\u00f5husate praktikate ja v\u00f5tetega aidata<br \/>\n&#8211; milliseid s\u00f5numeid vaimsed h\u00e4ired endas kannavad <\/p>\n<p>Videoloeng saadetakse tellijale meilile 24h jooksul peale makse sooritamist.<\/p>\n","protected":false},"featured_media":1258,"template":"","meta":[],"product_cat":[25],"product_tag":[],"class_list":{"0":"post-1261","1":"product","2":"type-product","3":"status-publish","4":"has-post-thumbnail","6":"product_cat-videoloengud","8":"first","9":"instock","10":"sale","11":"downloadable","12":"virtual","13":"purchasable","14":"product-type-simple"},"yoast_head":"<!-- This site is optimized with the Yoast SEO plugin v21.9.1 - https:\/\/yoast.com\/wordpress\/plugins\/seo\/ -->\n<title>Depressioon, \u00e4revus, eneseteraapia- Maria Baydar<\/title>\n<meta name=\"description\" content=\"Videoloengu abil \u00f5pid selgeks s\u00fcgavad ja v\u00f5imsad, kuid lihtsad praktikad ja v\u00f5tted, et olla iseendale parim tervendaja ja terapeut.\" \/>\n<meta name=\"robots\" content=\"index, follow, max-snippet:-1, max-image-preview:large, max-video-preview:-1\" \/>\n<link rel=\"canonical\" href=\"https:\/\/mariabaydar.com\/uus\/toode\/depressioon-arevus-enesejuhtimine-koik-mida-peaksid-teadma-maria-baydar\/\" \/>\n<meta property=\"og:locale\" content=\"en_US\" \/>\n<meta property=\"og:type\" content=\"article\" \/>\n<meta property=\"og:title\" content=\"Depressioon, \u00e4revus, eneseteraapia- Maria Baydar\" \/>\n<meta property=\"og:description\" content=\"Videoloengu abil \u00f5pid selgeks s\u00fcgavad ja v\u00f5imsad, kuid lihtsad praktikad ja v\u00f5tted, et olla iseendale parim tervendaja ja terapeut.\" \/>\n<meta property=\"og:url\" content=\"https:\/\/mariabaydar.com\/uus\/toode\/depressioon-arevus-enesejuhtimine-koik-mida-peaksid-teadma-maria-baydar\/\" \/>\n<meta property=\"og:site_name\" content=\"Maria Baydar\" \/>\n<meta property=\"article:publisher\" content=\"https:\/\/www.facebook.com\/IgapaevaneMaagia\" \/>\n<meta property=\"article:modified_time\" content=\"2023-10-01T11:48:32+00:00\" \/>\n<meta property=\"og:image\" content=\"https:\/\/mariabaydar.com\/uus\/wp-content\/uploads\/2023\/02\/video2.jpg\" \/>\n\t<meta property=\"og:image:width\" content=\"900\" \/>\n\t<meta property=\"og:image:height\" content=\"900\" \/>\n\t<meta property=\"og:image:type\" content=\"image\/jpeg\" \/>\n<meta name=\"twitter:card\" content=\"summary_large_image\" \/>\n<script type=\"application\/ld+json\" class=\"yoast-schema-graph\">{\"@context\":\"https:\/\/schema.org\",\"@graph\":[{\"@type\":\"WebPage\",\"@id\":\"https:\/\/mariabaydar.com\/uus\/toode\/depressioon-arevus-enesejuhtimine-koik-mida-peaksid-teadma-maria-baydar\/\",\"url\":\"https:\/\/mariabaydar.com\/uus\/toode\/depressioon-arevus-enesejuhtimine-koik-mida-peaksid-teadma-maria-baydar\/\",\"name\":\"Depressioon, \u00e4revus, eneseteraapia- Maria Baydar\",\"isPartOf\":{\"@id\":\"https:\/\/mariabaydar.com\/uus\/#website\"},\"datePublished\":\"2023-02-05T16:08:23+00:00\",\"dateModified\":\"2023-10-01T11:48:32+00:00\",\"description\":\"Videoloengu abil \u00f5pid selgeks s\u00fcgavad ja v\u00f5imsad, kuid lihtsad praktikad ja v\u00f5tted, et olla iseendale parim tervendaja ja terapeut.\",\"breadcrumb\":{\"@id\":\"https:\/\/mariabaydar.com\/uus\/toode\/depressioon-arevus-enesejuhtimine-koik-mida-peaksid-teadma-maria-baydar\/#breadcrumb\"},\"inLanguage\":\"en\",\"potentialAction\":[{\"@type\":\"ReadAction\",\"target\":[\"https:\/\/mariabaydar.com\/uus\/toode\/depressioon-arevus-enesejuhtimine-koik-mida-peaksid-teadma-maria-baydar\/\"]}]},{\"@type\":\"BreadcrumbList\",\"@id\":\"https:\/\/mariabaydar.com\/uus\/toode\/depressioon-arevus-enesejuhtimine-koik-mida-peaksid-teadma-maria-baydar\/#breadcrumb\",\"itemListElement\":[{\"@type\":\"ListItem\",\"position\":1,\"name\":\"Home\",\"item\":\"https:\/\/mariabaydar.com\/uus\/\"},{\"@type\":\"ListItem\",\"position\":2,\"name\":\"E shop\",\"item\":\"https:\/\/mariabaydar.com\/uus\/pood\/\"},{\"@type\":\"ListItem\",\"position\":3,\"name\":\"Depressioon, \u00e4revus, enesejuhtimine &#8211; k\u00f5ik, mida peaksid teadma | Maria Baydar\"}]},{\"@type\":\"WebSite\",\"@id\":\"https:\/\/mariabaydar.com\/uus\/#website\",\"url\":\"https:\/\/mariabaydar.com\/uus\/\",\"name\":\"Maria Baydar\",\"description\":\"Koolitaja, heaolu strateeg, elustiili treener\",\"publisher\":{\"@id\":\"https:\/\/mariabaydar.com\/uus\/#organization\"},\"potentialAction\":[{\"@type\":\"SearchAction\",\"target\":{\"@type\":\"EntryPoint\",\"urlTemplate\":\"https:\/\/mariabaydar.com\/uus\/?s={search_term_string}\"},\"query-input\":\"required name=search_term_string\"}],\"inLanguage\":\"en\"},{\"@type\":\"Organization\",\"@id\":\"https:\/\/mariabaydar.com\/uus\/#organization\",\"name\":\"Maria Baydar\",\"url\":\"https:\/\/mariabaydar.com\/uus\/\",\"logo\":{\"@type\":\"ImageObject\",\"inLanguage\":\"en\",\"@id\":\"https:\/\/mariabaydar.com\/uus\/#\/schema\/logo\/image\/\",\"url\":\"https:\/\/mariabaydar.com\/uus\/wp-content\/uploads\/2022\/12\/logodark.png\",\"contentUrl\":\"https:\/\/mariabaydar.com\/uus\/wp-content\/uploads\/2022\/12\/logodark.png\",\"width\":903,\"height\":71,\"caption\":\"Maria Baydar\"},\"image\":{\"@id\":\"https:\/\/mariabaydar.com\/uus\/#\/schema\/logo\/image\/\"},\"sameAs\":[\"https:\/\/www.facebook.com\/IgapaevaneMaagia\",\"https:\/\/www.youtube.com\/channel\/UC-QV6MUEJz3vYYyJ_mFCRWQ\",\"https:\/\/www.instagram.com\/maria_baydar\/\"]}]}<\/script>\n<!-- \/ Yoast SEO plugin. -->","yoast_head_json":{"title":"Depressioon, \u00e4revus, eneseteraapia- Maria Baydar","description":"Videoloengu abil \u00f5pid selgeks s\u00fcgavad ja v\u00f5imsad, kuid lihtsad praktikad ja v\u00f5tted, et olla iseendale parim tervendaja ja terapeut.","robots":{"index":"index","follow":"follow","max-snippet":"max-snippet:-1","max-image-preview":"max-image-preview:large","max-video-preview":"max-video-preview:-1"},"canonical":"https:\/\/mariabaydar.com\/uus\/toode\/depressioon-arevus-enesejuhtimine-koik-mida-peaksid-teadma-maria-baydar\/","og_locale":"en_US","og_type":"article","og_title":"Depressioon, \u00e4revus, eneseteraapia- Maria Baydar","og_description":"Videoloengu abil \u00f5pid selgeks s\u00fcgavad ja v\u00f5imsad, kuid lihtsad praktikad ja v\u00f5tted, et olla iseendale parim tervendaja ja terapeut.","og_url":"https:\/\/mariabaydar.com\/uus\/toode\/depressioon-arevus-enesejuhtimine-koik-mida-peaksid-teadma-maria-baydar\/","og_site_name":"Maria Baydar","article_publisher":"https:\/\/www.facebook.com\/IgapaevaneMaagia","article_modified_time":"2023-10-01T11:48:32+00:00","og_image":[{"width":900,"height":900,"url":"https:\/\/mariabaydar.com\/uus\/wp-content\/uploads\/2023\/02\/video2.jpg","type":"image\/jpeg"}],"twitter_card":"summary_large_image","schema":{"@context":"https:\/\/schema.org","@graph":[{"@type":"WebPage","@id":"https:\/\/mariabaydar.com\/uus\/toode\/depressioon-arevus-enesejuhtimine-koik-mida-peaksid-teadma-maria-baydar\/","url":"https:\/\/mariabaydar.com\/uus\/toode\/depressioon-arevus-enesejuhtimine-koik-mida-peaksid-teadma-maria-baydar\/","name":"Depressioon, \u00e4revus, eneseteraapia- Maria Baydar","isPartOf":{"@id":"https:\/\/mariabaydar.com\/uus\/#website"},"datePublished":"2023-02-05T16:08:23+00:00","dateModified":"2023-10-01T11:48:32+00:00","description":"Videoloengu abil \u00f5pid selgeks s\u00fcgavad ja v\u00f5imsad, kuid lihtsad praktikad ja v\u00f5tted, et olla iseendale parim tervendaja ja terapeut.","breadcrumb":{"@id":"https:\/\/mariabaydar.com\/uus\/toode\/depressioon-arevus-enesejuhtimine-koik-mida-peaksid-teadma-maria-baydar\/#breadcrumb"},"inLanguage":"en","potentialAction":[{"@type":"ReadAction","target":["https:\/\/mariabaydar.com\/uus\/toode\/depressioon-arevus-enesejuhtimine-koik-mida-peaksid-teadma-maria-baydar\/"]}]},{"@type":"BreadcrumbList","@id":"https:\/\/mariabaydar.com\/uus\/toode\/depressioon-arevus-enesejuhtimine-koik-mida-peaksid-teadma-maria-baydar\/#breadcrumb","itemListElement":[{"@type":"ListItem","position":1,"name":"Home","item":"https:\/\/mariabaydar.com\/uus\/"},{"@type":"ListItem","position":2,"name":"E shop","item":"https:\/\/mariabaydar.com\/uus\/pood\/"},{"@type":"ListItem","position":3,"name":"Depressioon, \u00e4revus, enesejuhtimine &#8211; k\u00f5ik, mida peaksid teadma | Maria Baydar"}]},{"@type":"WebSite","@id":"https:\/\/mariabaydar.com\/uus\/#website","url":"https:\/\/mariabaydar.com\/uus\/","name":"Maria Baydar","description":"Koolitaja, heaolu strateeg, elustiili treener","publisher":{"@id":"https:\/\/mariabaydar.com\/uus\/#organization"},"potentialAction":[{"@type":"SearchAction","target":{"@type":"EntryPoint","urlTemplate":"https:\/\/mariabaydar.com\/uus\/?s={search_term_string}"},"query-input":"required name=search_term_string"}],"inLanguage":"en"},{"@type":"Organization","@id":"https:\/\/mariabaydar.com\/uus\/#organization","name":"Maria Baydar","url":"https:\/\/mariabaydar.com\/uus\/","logo":{"@type":"ImageObject","inLanguage":"en","@id":"https:\/\/mariabaydar.com\/uus\/#\/schema\/logo\/image\/","url":"https:\/\/mariabaydar.com\/uus\/wp-content\/uploads\/2022\/12\/logodark.png","contentUrl":"https:\/\/mariabaydar.com\/uus\/wp-content\/uploads\/2022\/12\/logodark.png","width":903,"height":71,"caption":"Maria Baydar"},"image":{"@id":"https:\/\/mariabaydar.com\/uus\/#\/schema\/logo\/image\/"},"sameAs":["https:\/\/www.facebook.com\/IgapaevaneMaagia","https:\/\/www.youtube.com\/channel\/UC-QV6MUEJz3vYYyJ_mFCRWQ","https:\/\/www.instagram.com\/maria_baydar\/"]}]}},"_links":{"self":[{"href":"https:\/\/mariabaydar.com\/uus\/wp-json\/wp\/v2\/product\/1261","targetHints":{"allow":["GET"]}}],"collection":[{"href":"https:\/\/mariabaydar.com\/uus\/wp-json\/wp\/v2\/product"}],"about":[{"href":"https:\/\/mariabaydar.com\/uus\/wp-json\/wp\/v2\/types\/product"}],"wp:featuredmedia":[{"embeddable":true,"href":"https:\/\/mariabaydar.com\/uus\/wp-json\/wp\/v2\/media\/1258"}],"wp:attachment":[{"href":"https:\/\/mariabaydar.com\/uus\/wp-json\/wp\/v2\/media?parent=1261"}],"wp:term":[{"taxonomy":"product_cat","embeddable":true,"href":"https:\/\/mariabaydar.com\/uus\/wp-json\/wp\/v2\/product_cat?post=1261"},{"taxonomy":"product_tag","embeddable":true,"href":"https:\/\/mariabaydar.com\/uus\/wp-json\/wp\/v2\/product_tag?post=1261"}],"curies":[{"name":"wp","href":"https:\/\/api.w.org\/{rel}","templated":true}]}}