{"id":1282,"date":"2023-02-11T10:00:52","date_gmt":"2023-02-11T10:00:52","guid":{"rendered":"https:\/\/mariabaydar.com\/uus\/?post_type=product&#038;p=1282"},"modified":"2023-10-16T11:17:12","modified_gmt":"2023-10-16T11:17:12","slug":"teadliku-elu-meistriklass","status":"publish","type":"product","link":"https:\/\/mariabaydar.com\/uus\/toode\/teadliku-elu-meistriklass\/","title":{"rendered":"Teadliku elu meistriklass"},"content":{"rendered":"","protected":false},"excerpt":{"rendered":"<p>Kas oled kunagi tundnud, et elul on sulle rohkem pakkuda? See raamat viib sind p\u00f5nevale teekonnale, kus saad avastada armastuse t\u00e4henduse, mis on rohkemat kui lihtsalt romantiline tunne. Armastus on k\u00fctus, mis v\u00f5ib muuta su elu igaveseks!<\/p>\n<p>Teadliku elu elamine on p\u00fchendumine elule s\u00fcgavamal tasandil, kus inimene otsib teadlikult tasakaalu ja t\u00e4hendust. See h\u00f5lmab mitmeid aspekte, mis aitavad inimesel olla teadlikum, keskendunum ja \u00f5nnelikum.  <\/p>\n<p>&#8220;Teadliku elu meistriklass&#8221; raamat \u00f5petab sind m\u00f5istma oma sisemisi emotsioone, leidma r\u00f5\u00f5mu v\u00e4ikestest asjadest, tegema rahu oma lapsep\u00f5lvega ning looma t\u00e4hendusrikkaid suhteid, mis toovad s\u00fcgavat rahulolu. <\/p>\n<p>Raamat avab sinu silmad teadmisele, et armastus ja r\u00f5\u00f5m asuvad alati sinu sees.<\/p>\n<p>Kas oled valmis alustama teekonda oma teadlikuma elu suunas? <\/p>\n<p>Kui jah, siis soeta endale &#8220;Teadliku elu meistriklass&#8221; raamat ja loo s\u00fcgavam kontakt iseendaga!<\/p>\n","protected":false},"featured_media":0,"template":"","meta":[],"product_cat":[29],"product_tag":[],"class_list":{"0":"post-1282","1":"product","2":"type-product","3":"status-publish","5":"product_cat-raamatud-materjalid","7":"first","8":"instock","9":"sold-individually","10":"shipping-taxable","11":"purchasable","12":"product-type-variable"},"yoast_head":"<!-- This site is optimized with the Yoast SEO plugin v21.9.1 - https:\/\/yoast.com\/wordpress\/plugins\/seo\/ -->\n<title>Teadliku elu meistriklass - Maria Baydar<\/title>\n<meta name=\"description\" content=\"\u00dchel v\u00f5i teisel viisil, teadlikult v\u00f5i alateadlikult, elavad ja toimivad k\u00f5ik inimesed eesm\u00e4rgiga kogedaarmastust v\u00f5i teisis\u00f5nu \u2013 jumalikku \u00fchtekuuluvust.\" \/>\n<meta name=\"robots\" content=\"index, follow, max-snippet:-1, max-image-preview:large, max-video-preview:-1\" \/>\n<link rel=\"canonical\" href=\"https:\/\/mariabaydar.com\/uus\/toode\/teadliku-elu-meistriklass\/\" \/>\n<meta property=\"og:locale\" content=\"en_US\" \/>\n<meta property=\"og:type\" content=\"article\" \/>\n<meta property=\"og:title\" content=\"Teadliku elu meistriklass - Maria Baydar\" \/>\n<meta property=\"og:description\" content=\"\u00dchel v\u00f5i teisel viisil, teadlikult v\u00f5i alateadlikult, elavad ja toimivad k\u00f5ik inimesed eesm\u00e4rgiga kogedaarmastust v\u00f5i teisis\u00f5nu \u2013 jumalikku \u00fchtekuuluvust.\" \/>\n<meta property=\"og:url\" content=\"https:\/\/mariabaydar.com\/uus\/toode\/teadliku-elu-meistriklass\/\" \/>\n<meta property=\"og:site_name\" content=\"Maria Baydar\" \/>\n<meta property=\"article:publisher\" content=\"https:\/\/www.facebook.com\/IgapaevaneMaagia\" \/>\n<meta property=\"article:modified_time\" content=\"2023-10-16T11:17:12+00:00\" \/>\n<meta property=\"og:image\" content=\"https:\/\/mariabaydar.com\/uus\/wp-content\/uploads\/2023\/02\/Beach-Teal-Peach-Color-Palette-Instagram-Post-8-2.jpg\" \/>\n\t<meta property=\"og:image:width\" content=\"1000\" \/>\n\t<meta property=\"og:image:height\" content=\"585\" \/>\n\t<meta property=\"og:image:type\" content=\"image\/jpeg\" \/>\n<meta name=\"twitter:card\" content=\"summary_large_image\" \/>\n<script type=\"application\/ld+json\" class=\"yoast-schema-graph\">{\"@context\":\"https:\/\/schema.org\",\"@graph\":[{\"@type\":\"WebPage\",\"@id\":\"https:\/\/mariabaydar.com\/uus\/toode\/teadliku-elu-meistriklass\/\",\"url\":\"https:\/\/mariabaydar.com\/uus\/toode\/teadliku-elu-meistriklass\/\",\"name\":\"Teadliku elu meistriklass - Maria Baydar\",\"isPartOf\":{\"@id\":\"https:\/\/mariabaydar.com\/uus\/#website\"},\"datePublished\":\"2023-02-11T10:00:52+00:00\",\"dateModified\":\"2023-10-16T11:17:12+00:00\",\"description\":\"\u00dchel v\u00f5i teisel viisil, teadlikult v\u00f5i alateadlikult, elavad ja toimivad k\u00f5ik inimesed eesm\u00e4rgiga kogedaarmastust v\u00f5i teisis\u00f5nu \u2013 jumalikku \u00fchtekuuluvust.\",\"breadcrumb\":{\"@id\":\"https:\/\/mariabaydar.com\/uus\/toode\/teadliku-elu-meistriklass\/#breadcrumb\"},\"inLanguage\":\"en\",\"potentialAction\":[{\"@type\":\"ReadAction\",\"target\":[\"https:\/\/mariabaydar.com\/uus\/toode\/teadliku-elu-meistriklass\/\"]}]},{\"@type\":\"BreadcrumbList\",\"@id\":\"https:\/\/mariabaydar.com\/uus\/toode\/teadliku-elu-meistriklass\/#breadcrumb\",\"itemListElement\":[{\"@type\":\"ListItem\",\"position\":1,\"name\":\"Home\",\"item\":\"https:\/\/mariabaydar.com\/uus\/\"},{\"@type\":\"ListItem\",\"position\":2,\"name\":\"E shop\",\"item\":\"https:\/\/mariabaydar.com\/uus\/pood\/\"},{\"@type\":\"ListItem\",\"position\":3,\"name\":\"Teadliku elu meistriklass\"}]},{\"@type\":\"WebSite\",\"@id\":\"https:\/\/mariabaydar.com\/uus\/#website\",\"url\":\"https:\/\/mariabaydar.com\/uus\/\",\"name\":\"Maria Baydar\",\"description\":\"Koolitaja, heaolu strateeg, elustiili treener\",\"publisher\":{\"@id\":\"https:\/\/mariabaydar.com\/uus\/#organization\"},\"potentialAction\":[{\"@type\":\"SearchAction\",\"target\":{\"@type\":\"EntryPoint\",\"urlTemplate\":\"https:\/\/mariabaydar.com\/uus\/?s={search_term_string}\"},\"query-input\":\"required name=search_term_string\"}],\"inLanguage\":\"en\"},{\"@type\":\"Organization\",\"@id\":\"https:\/\/mariabaydar.com\/uus\/#organization\",\"name\":\"Maria Baydar\",\"url\":\"https:\/\/mariabaydar.com\/uus\/\",\"logo\":{\"@type\":\"ImageObject\",\"inLanguage\":\"en\",\"@id\":\"https:\/\/mariabaydar.com\/uus\/#\/schema\/logo\/image\/\",\"url\":\"https:\/\/mariabaydar.com\/uus\/wp-content\/uploads\/2022\/12\/logodark.png\",\"contentUrl\":\"https:\/\/mariabaydar.com\/uus\/wp-content\/uploads\/2022\/12\/logodark.png\",\"width\":903,\"height\":71,\"caption\":\"Maria Baydar\"},\"image\":{\"@id\":\"https:\/\/mariabaydar.com\/uus\/#\/schema\/logo\/image\/\"},\"sameAs\":[\"https:\/\/www.facebook.com\/IgapaevaneMaagia\",\"https:\/\/www.youtube.com\/channel\/UC-QV6MUEJz3vYYyJ_mFCRWQ\",\"https:\/\/www.instagram.com\/maria_baydar\/\"]}]}<\/script>\n<!-- \/ Yoast SEO plugin. -->","yoast_head_json":{"title":"Teadliku elu meistriklass - Maria Baydar","description":"\u00dchel v\u00f5i teisel viisil, teadlikult v\u00f5i alateadlikult, elavad ja toimivad k\u00f5ik inimesed eesm\u00e4rgiga kogedaarmastust v\u00f5i teisis\u00f5nu \u2013 jumalikku \u00fchtekuuluvust.","robots":{"index":"index","follow":"follow","max-snippet":"max-snippet:-1","max-image-preview":"max-image-preview:large","max-video-preview":"max-video-preview:-1"},"canonical":"https:\/\/mariabaydar.com\/uus\/toode\/teadliku-elu-meistriklass\/","og_locale":"en_US","og_type":"article","og_title":"Teadliku elu meistriklass - Maria Baydar","og_description":"\u00dchel v\u00f5i teisel viisil, teadlikult v\u00f5i alateadlikult, elavad ja toimivad k\u00f5ik inimesed eesm\u00e4rgiga kogedaarmastust v\u00f5i teisis\u00f5nu \u2013 jumalikku \u00fchtekuuluvust.","og_url":"https:\/\/mariabaydar.com\/uus\/toode\/teadliku-elu-meistriklass\/","og_site_name":"Maria Baydar","article_publisher":"https:\/\/www.facebook.com\/IgapaevaneMaagia","article_modified_time":"2023-10-16T11:17:12+00:00","og_image":[{"width":1000,"height":585,"url":"https:\/\/mariabaydar.com\/uus\/wp-content\/uploads\/2023\/02\/Beach-Teal-Peach-Color-Palette-Instagram-Post-8-2.jpg","type":"image\/jpeg"}],"twitter_card":"summary_large_image","schema":{"@context":"https:\/\/schema.org","@graph":[{"@type":"WebPage","@id":"https:\/\/mariabaydar.com\/uus\/toode\/teadliku-elu-meistriklass\/","url":"https:\/\/mariabaydar.com\/uus\/toode\/teadliku-elu-meistriklass\/","name":"Teadliku elu meistriklass - Maria Baydar","isPartOf":{"@id":"https:\/\/mariabaydar.com\/uus\/#website"},"datePublished":"2023-02-11T10:00:52+00:00","dateModified":"2023-10-16T11:17:12+00:00","description":"\u00dchel v\u00f5i teisel viisil, teadlikult v\u00f5i alateadlikult, elavad ja toimivad k\u00f5ik inimesed eesm\u00e4rgiga kogedaarmastust v\u00f5i teisis\u00f5nu \u2013 jumalikku \u00fchtekuuluvust.","breadcrumb":{"@id":"https:\/\/mariabaydar.com\/uus\/toode\/teadliku-elu-meistriklass\/#breadcrumb"},"inLanguage":"en","potentialAction":[{"@type":"ReadAction","target":["https:\/\/mariabaydar.com\/uus\/toode\/teadliku-elu-meistriklass\/"]}]},{"@type":"BreadcrumbList","@id":"https:\/\/mariabaydar.com\/uus\/toode\/teadliku-elu-meistriklass\/#breadcrumb","itemListElement":[{"@type":"ListItem","position":1,"name":"Home","item":"https:\/\/mariabaydar.com\/uus\/"},{"@type":"ListItem","position":2,"name":"E shop","item":"https:\/\/mariabaydar.com\/uus\/pood\/"},{"@type":"ListItem","position":3,"name":"Teadliku elu meistriklass"}]},{"@type":"WebSite","@id":"https:\/\/mariabaydar.com\/uus\/#website","url":"https:\/\/mariabaydar.com\/uus\/","name":"Maria Baydar","description":"Koolitaja, heaolu strateeg, elustiili treener","publisher":{"@id":"https:\/\/mariabaydar.com\/uus\/#organization"},"potentialAction":[{"@type":"SearchAction","target":{"@type":"EntryPoint","urlTemplate":"https:\/\/mariabaydar.com\/uus\/?s={search_term_string}"},"query-input":"required name=search_term_string"}],"inLanguage":"en"},{"@type":"Organization","@id":"https:\/\/mariabaydar.com\/uus\/#organization","name":"Maria Baydar","url":"https:\/\/mariabaydar.com\/uus\/","logo":{"@type":"ImageObject","inLanguage":"en","@id":"https:\/\/mariabaydar.com\/uus\/#\/schema\/logo\/image\/","url":"https:\/\/mariabaydar.com\/uus\/wp-content\/uploads\/2022\/12\/logodark.png","contentUrl":"https:\/\/mariabaydar.com\/uus\/wp-content\/uploads\/2022\/12\/logodark.png","width":903,"height":71,"caption":"Maria Baydar"},"image":{"@id":"https:\/\/mariabaydar.com\/uus\/#\/schema\/logo\/image\/"},"sameAs":["https:\/\/www.facebook.com\/IgapaevaneMaagia","https:\/\/www.youtube.com\/channel\/UC-QV6MUEJz3vYYyJ_mFCRWQ","https:\/\/www.instagram.com\/maria_baydar\/"]}]}},"_links":{"self":[{"href":"https:\/\/mariabaydar.com\/uus\/wp-json\/wp\/v2\/product\/1282","targetHints":{"allow":["GET"]}}],"collection":[{"href":"https:\/\/mariabaydar.com\/uus\/wp-json\/wp\/v2\/product"}],"about":[{"href":"https:\/\/mariabaydar.com\/uus\/wp-json\/wp\/v2\/types\/product"}],"wp:attachment":[{"href":"https:\/\/mariabaydar.com\/uus\/wp-json\/wp\/v2\/media?parent=1282"}],"wp:term":[{"taxonomy":"product_cat","embeddable":true,"href":"https:\/\/mariabaydar.com\/uus\/wp-json\/wp\/v2\/product_cat?post=1282"},{"taxonomy":"product_tag","embeddable":true,"href":"https:\/\/mariabaydar.com\/uus\/wp-json\/wp\/v2\/product_tag?post=1282"}],"curies":[{"name":"wp","href":"https:\/\/api.w.org\/{rel}","templated":true}]}}