{"id":1531,"date":"2023-04-30T08:37:34","date_gmt":"2023-04-30T08:37:34","guid":{"rendered":"https:\/\/mariabaydar.com\/uus\/?post_type=product&#038;p=1531"},"modified":"2025-02-02T21:04:31","modified_gmt":"2025-02-02T19:04:31","slug":"enesekasutusjuhend","status":"publish","type":"product","link":"https:\/\/mariabaydar.com\/uus\/toode\/enesekasutusjuhend\/","title":{"rendered":"Enesekasutusjuhend"},"content":{"rendered":"","protected":false},"excerpt":{"rendered":"<p>Hoiad k\u00e4es ainulaadset raamatut, mis v\u00f5ib olla sinu uue elu alguseks. Siin on igale lugejale rikkalikult meisterpraktikaid ja eneseteraapiav\u00f5tteid, kuidas kujundada unistuste elu, parandada kiirelt enesetunnet, t\u00f6\u00f6tada oma emotsioonide ja vaimse seisundiga, avastada sisemised takistused<br \/>\nja oma unikaalne potentsiaal.<\/p>\n<p>Kuidas m\u00f5jutab ja kujundab meie sisemaailmas toimuv igap\u00e4evaelu?<br \/>\nKuidas hakata oma elu ja edu t\u00e4ielikult igas aspektis juhtima?<\/p>\n<p>Raamatust leiad aastatepikkuse t\u00f6\u00f6 tulemusel v\u00e4lja arendatud ainulaadsed tehnikad, mis on selged, lihtsad, intelligentsed ning millele p\u00fchendudes avastad t\u00f5elise elamise kire ja elevuse. Eneseareng pole hirmutav, vaid p\u00f5nev, kerge ja nauditav teekond \u00f5nneni.<\/p>\n<p>ALAR OJASTU<br \/>\nmeeskondade ja juhtide koolitaja,<br \/>\nraamatu \u201eRatsionaalne emotsionaalsus\u201d autor<\/p>\n<p>\u201eElegantselt s\u00f5nastatud juhend inimesele, kes soovib ellu rohkem l\u00e4hedust ja tasakaalu. Praktikasse rakendatuna loovad Maria kirjeldatud juhised<br \/>\neeldused l\u00e4bimurreteks enesetervendamise peenes kunstis.\u201d<\/p>\n<p>KERTTU RAKKE<br \/>\nkirjanik<\/p>\n<p>\u201eMulle meeldivad Maria soovitused, mis k\u00e4sivad n-\u00f6 iseendale otsa vaadata. Oma sisemaailma \u201esirgeks\u201d seadmine on \u00fcks pidev l\u00f5putu t\u00f6\u00f6, nagu koristamine, aga kui see k\u00e4ppa saab, s.t kui enam ei usu oma v\u00e4sinud ja pahuraid m\u00f5tteid ega kuuletu iseenda jonnitujudele, on v\u00e4hemalt pooled<br \/>\nmured murtud.\u201d<\/p>\n","protected":false},"featured_media":1534,"template":"","meta":[],"product_cat":[29],"product_tag":[],"class_list":{"0":"post-1531","1":"product","2":"type-product","3":"status-publish","4":"has-post-thumbnail","6":"product_cat-raamatud-materjalid","8":"first","9":"instock","10":"sold-individually","11":"shipping-taxable","12":"purchasable","13":"product-type-simple"},"yoast_head":"<!-- This site is optimized with the Yoast SEO plugin v21.9.1 - https:\/\/yoast.com\/wordpress\/plugins\/seo\/ -->\n<title>Enesekasutusjuhend - Maria Baydar<\/title>\n<meta name=\"description\" content=\"Elegantselt s\u00f5nastatud juhend inimesele, kes soovib ellu rohkem l\u00e4hedust ja tasakaalu. Hoiad k\u00e4es ainulaadset raamatut, mis v\u00f5ib olla sinu uue elu alguseks.\" \/>\n<meta name=\"robots\" content=\"index, follow, max-snippet:-1, max-image-preview:large, max-video-preview:-1\" \/>\n<link rel=\"canonical\" href=\"https:\/\/mariabaydar.com\/uus\/toode\/enesekasutusjuhend\/\" \/>\n<meta property=\"og:locale\" content=\"en_US\" \/>\n<meta property=\"og:type\" content=\"article\" \/>\n<meta property=\"og:title\" content=\"Enesekasutusjuhend - Maria Baydar\" \/>\n<meta property=\"og:description\" content=\"Elegantselt s\u00f5nastatud juhend inimesele, kes soovib ellu rohkem l\u00e4hedust ja tasakaalu. Hoiad k\u00e4es ainulaadset raamatut, mis v\u00f5ib olla sinu uue elu alguseks.\" \/>\n<meta property=\"og:url\" content=\"https:\/\/mariabaydar.com\/uus\/toode\/enesekasutusjuhend\/\" \/>\n<meta property=\"og:site_name\" content=\"Maria Baydar\" \/>\n<meta property=\"article:publisher\" content=\"https:\/\/www.facebook.com\/IgapaevaneMaagia\" \/>\n<meta property=\"article:modified_time\" content=\"2025-02-02T19:04:31+00:00\" \/>\n<meta property=\"og:image\" content=\"https:\/\/mariabaydar.com\/uus\/wp-content\/uploads\/2023\/04\/MariaBaydar_esikaas-1-732x1024.png\" \/>\n\t<meta property=\"og:image:width\" content=\"732\" \/>\n\t<meta property=\"og:image:height\" content=\"1024\" \/>\n\t<meta property=\"og:image:type\" content=\"image\/png\" \/>\n<meta name=\"twitter:card\" content=\"summary_large_image\" \/>\n<meta name=\"twitter:label1\" content=\"Est. reading time\" \/>\n\t<meta name=\"twitter:data1\" content=\"1 minute\" \/>\n<script type=\"application\/ld+json\" class=\"yoast-schema-graph\">{\"@context\":\"https:\/\/schema.org\",\"@graph\":[{\"@type\":\"WebPage\",\"@id\":\"https:\/\/mariabaydar.com\/uus\/toode\/enesekasutusjuhend\/\",\"url\":\"https:\/\/mariabaydar.com\/uus\/toode\/enesekasutusjuhend\/\",\"name\":\"Enesekasutusjuhend - Maria Baydar\",\"isPartOf\":{\"@id\":\"https:\/\/mariabaydar.com\/uus\/#website\"},\"datePublished\":\"2023-04-30T08:37:34+00:00\",\"dateModified\":\"2025-02-02T19:04:31+00:00\",\"description\":\"Elegantselt s\u00f5nastatud juhend inimesele, kes soovib ellu rohkem l\u00e4hedust ja tasakaalu. Hoiad k\u00e4es ainulaadset raamatut, mis v\u00f5ib olla sinu uue elu alguseks.\",\"breadcrumb\":{\"@id\":\"https:\/\/mariabaydar.com\/uus\/toode\/enesekasutusjuhend\/#breadcrumb\"},\"inLanguage\":\"en\",\"potentialAction\":[{\"@type\":\"ReadAction\",\"target\":[\"https:\/\/mariabaydar.com\/uus\/toode\/enesekasutusjuhend\/\"]}]},{\"@type\":\"BreadcrumbList\",\"@id\":\"https:\/\/mariabaydar.com\/uus\/toode\/enesekasutusjuhend\/#breadcrumb\",\"itemListElement\":[{\"@type\":\"ListItem\",\"position\":1,\"name\":\"Home\",\"item\":\"https:\/\/mariabaydar.com\/uus\/\"},{\"@type\":\"ListItem\",\"position\":2,\"name\":\"E shop\",\"item\":\"https:\/\/mariabaydar.com\/uus\/pood\/\"},{\"@type\":\"ListItem\",\"position\":3,\"name\":\"Enesekasutusjuhend\"}]},{\"@type\":\"WebSite\",\"@id\":\"https:\/\/mariabaydar.com\/uus\/#website\",\"url\":\"https:\/\/mariabaydar.com\/uus\/\",\"name\":\"Maria Baydar\",\"description\":\"Koolitaja, heaolu strateeg, elustiili treener\",\"publisher\":{\"@id\":\"https:\/\/mariabaydar.com\/uus\/#organization\"},\"potentialAction\":[{\"@type\":\"SearchAction\",\"target\":{\"@type\":\"EntryPoint\",\"urlTemplate\":\"https:\/\/mariabaydar.com\/uus\/?s={search_term_string}\"},\"query-input\":\"required name=search_term_string\"}],\"inLanguage\":\"en\"},{\"@type\":\"Organization\",\"@id\":\"https:\/\/mariabaydar.com\/uus\/#organization\",\"name\":\"Maria Baydar\",\"url\":\"https:\/\/mariabaydar.com\/uus\/\",\"logo\":{\"@type\":\"ImageObject\",\"inLanguage\":\"en\",\"@id\":\"https:\/\/mariabaydar.com\/uus\/#\/schema\/logo\/image\/\",\"url\":\"https:\/\/mariabaydar.com\/uus\/wp-content\/uploads\/2022\/12\/logodark.png\",\"contentUrl\":\"https:\/\/mariabaydar.com\/uus\/wp-content\/uploads\/2022\/12\/logodark.png\",\"width\":903,\"height\":71,\"caption\":\"Maria Baydar\"},\"image\":{\"@id\":\"https:\/\/mariabaydar.com\/uus\/#\/schema\/logo\/image\/\"},\"sameAs\":[\"https:\/\/www.facebook.com\/IgapaevaneMaagia\",\"https:\/\/www.youtube.com\/channel\/UC-QV6MUEJz3vYYyJ_mFCRWQ\",\"https:\/\/www.instagram.com\/maria_baydar\/\"]}]}<\/script>\n<!-- \/ Yoast SEO plugin. -->","yoast_head_json":{"title":"Enesekasutusjuhend - Maria Baydar","description":"Elegantselt s\u00f5nastatud juhend inimesele, kes soovib ellu rohkem l\u00e4hedust ja tasakaalu. Hoiad k\u00e4es ainulaadset raamatut, mis v\u00f5ib olla sinu uue elu alguseks.","robots":{"index":"index","follow":"follow","max-snippet":"max-snippet:-1","max-image-preview":"max-image-preview:large","max-video-preview":"max-video-preview:-1"},"canonical":"https:\/\/mariabaydar.com\/uus\/toode\/enesekasutusjuhend\/","og_locale":"en_US","og_type":"article","og_title":"Enesekasutusjuhend - Maria Baydar","og_description":"Elegantselt s\u00f5nastatud juhend inimesele, kes soovib ellu rohkem l\u00e4hedust ja tasakaalu. Hoiad k\u00e4es ainulaadset raamatut, mis v\u00f5ib olla sinu uue elu alguseks.","og_url":"https:\/\/mariabaydar.com\/uus\/toode\/enesekasutusjuhend\/","og_site_name":"Maria Baydar","article_publisher":"https:\/\/www.facebook.com\/IgapaevaneMaagia","article_modified_time":"2025-02-02T19:04:31+00:00","og_image":[{"width":732,"height":1024,"url":"https:\/\/mariabaydar.com\/uus\/wp-content\/uploads\/2023\/04\/MariaBaydar_esikaas-1-732x1024.png","type":"image\/png"}],"twitter_card":"summary_large_image","twitter_misc":{"Est. reading time":"1 minute"},"schema":{"@context":"https:\/\/schema.org","@graph":[{"@type":"WebPage","@id":"https:\/\/mariabaydar.com\/uus\/toode\/enesekasutusjuhend\/","url":"https:\/\/mariabaydar.com\/uus\/toode\/enesekasutusjuhend\/","name":"Enesekasutusjuhend - Maria Baydar","isPartOf":{"@id":"https:\/\/mariabaydar.com\/uus\/#website"},"datePublished":"2023-04-30T08:37:34+00:00","dateModified":"2025-02-02T19:04:31+00:00","description":"Elegantselt s\u00f5nastatud juhend inimesele, kes soovib ellu rohkem l\u00e4hedust ja tasakaalu. Hoiad k\u00e4es ainulaadset raamatut, mis v\u00f5ib olla sinu uue elu alguseks.","breadcrumb":{"@id":"https:\/\/mariabaydar.com\/uus\/toode\/enesekasutusjuhend\/#breadcrumb"},"inLanguage":"en","potentialAction":[{"@type":"ReadAction","target":["https:\/\/mariabaydar.com\/uus\/toode\/enesekasutusjuhend\/"]}]},{"@type":"BreadcrumbList","@id":"https:\/\/mariabaydar.com\/uus\/toode\/enesekasutusjuhend\/#breadcrumb","itemListElement":[{"@type":"ListItem","position":1,"name":"Home","item":"https:\/\/mariabaydar.com\/uus\/"},{"@type":"ListItem","position":2,"name":"E shop","item":"https:\/\/mariabaydar.com\/uus\/pood\/"},{"@type":"ListItem","position":3,"name":"Enesekasutusjuhend"}]},{"@type":"WebSite","@id":"https:\/\/mariabaydar.com\/uus\/#website","url":"https:\/\/mariabaydar.com\/uus\/","name":"Maria Baydar","description":"Koolitaja, heaolu strateeg, elustiili treener","publisher":{"@id":"https:\/\/mariabaydar.com\/uus\/#organization"},"potentialAction":[{"@type":"SearchAction","target":{"@type":"EntryPoint","urlTemplate":"https:\/\/mariabaydar.com\/uus\/?s={search_term_string}"},"query-input":"required name=search_term_string"}],"inLanguage":"en"},{"@type":"Organization","@id":"https:\/\/mariabaydar.com\/uus\/#organization","name":"Maria Baydar","url":"https:\/\/mariabaydar.com\/uus\/","logo":{"@type":"ImageObject","inLanguage":"en","@id":"https:\/\/mariabaydar.com\/uus\/#\/schema\/logo\/image\/","url":"https:\/\/mariabaydar.com\/uus\/wp-content\/uploads\/2022\/12\/logodark.png","contentUrl":"https:\/\/mariabaydar.com\/uus\/wp-content\/uploads\/2022\/12\/logodark.png","width":903,"height":71,"caption":"Maria Baydar"},"image":{"@id":"https:\/\/mariabaydar.com\/uus\/#\/schema\/logo\/image\/"},"sameAs":["https:\/\/www.facebook.com\/IgapaevaneMaagia","https:\/\/www.youtube.com\/channel\/UC-QV6MUEJz3vYYyJ_mFCRWQ","https:\/\/www.instagram.com\/maria_baydar\/"]}]}},"_links":{"self":[{"href":"https:\/\/mariabaydar.com\/uus\/wp-json\/wp\/v2\/product\/1531","targetHints":{"allow":["GET"]}}],"collection":[{"href":"https:\/\/mariabaydar.com\/uus\/wp-json\/wp\/v2\/product"}],"about":[{"href":"https:\/\/mariabaydar.com\/uus\/wp-json\/wp\/v2\/types\/product"}],"wp:featuredmedia":[{"embeddable":true,"href":"https:\/\/mariabaydar.com\/uus\/wp-json\/wp\/v2\/media\/1534"}],"wp:attachment":[{"href":"https:\/\/mariabaydar.com\/uus\/wp-json\/wp\/v2\/media?parent=1531"}],"wp:term":[{"taxonomy":"product_cat","embeddable":true,"href":"https:\/\/mariabaydar.com\/uus\/wp-json\/wp\/v2\/product_cat?post=1531"},{"taxonomy":"product_tag","embeddable":true,"href":"https:\/\/mariabaydar.com\/uus\/wp-json\/wp\/v2\/product_tag?post=1531"}],"curies":[{"name":"wp","href":"https:\/\/api.w.org\/{rel}","templated":true}]}}