{"id":1652,"date":"2023-06-03T18:12:56","date_gmt":"2023-06-03T18:12:56","guid":{"rendered":"https:\/\/mariabaydar.com\/uus\/?post_type=product&#038;p=1652"},"modified":"2023-10-01T11:40:17","modified_gmt":"2023-10-01T11:40:17","slug":"avasta-oma-positiivne-intelligentsus","status":"publish","type":"product","link":"https:\/\/mariabaydar.com\/uus\/toode\/avasta-oma-positiivne-intelligentsus\/","title":{"rendered":"Avasta oma positiivne intelligentsus | Raido R\u00f5ivas"},"content":{"rendered":"","protected":false},"excerpt":{"rendered":"<p>&#8220;Avasta oma positiivne intelligentsus&#8221; loeng paljastab k\u00f5ik meie sisemised sabot\u00f6\u00f6rid, millega igap\u00e4evaselt ennast petame ja reedame. Raido R\u00f5ivas \u00f5petab osalejatele, kuidas tulla v\u00e4lja elluj\u00e4\u00e4misre\u017eiimilt ning rakendada uinunud potentsiaal enda kasuks maksimaalselt t\u00f6\u00f6le! See on teaduslik avastus Dr. Shirzad Chamine poolt, mis muudab t\u00e4na \u00fcle maailma elusid!<\/p>\n<p>Videoloengus saad teada:<br \/>\n&#8211; mis on positiivne intelligentsus ja kuidas seda treenida<br \/>\n&#8211; mis on inimese suurim takistaja igap\u00e4evaselt<br \/>\n&#8211; millised on sisemised sabot\u00f6\u00f6rid<br \/>\n&#8211; kuidas oma aju treenida ja l\u00fclitada lahenduste ja v\u00f5imaluste re\u017eiimile<br \/>\n&#8211; kuidas tunda \u00e4ra ja t\u00f6\u00f6tada sisemiste sabot\u00f6\u00f6ridega<br \/>\n&#8211; ja palju muud <\/p>\n<p>Videoloeng saadetakse tellijale meilile 24h jooksul peale makse sooritamist.<\/p>\n","protected":false},"featured_media":1653,"template":"","meta":[],"product_cat":[25],"product_tag":[],"class_list":{"0":"post-1652","1":"product","2":"type-product","3":"status-publish","4":"has-post-thumbnail","6":"product_cat-videoloengud","8":"first","9":"instock","10":"sale","11":"downloadable","12":"virtual","13":"purchasable","14":"product-type-simple"},"yoast_head":"<!-- This site is optimized with the Yoast SEO plugin v21.9.1 - https:\/\/yoast.com\/wordpress\/plugins\/seo\/ -->\n<title>Avasta oma positiivne intelligentsus<\/title>\n<meta name=\"description\" content=\"&quot;Avasta oma positiivne intelligentsus&quot; loeng paljastab k\u00f5ik meie sisemised sabot\u00f6\u00f6rid, millega igap\u00e4evaselt ennast petad ja reedad.\" \/>\n<meta name=\"robots\" content=\"index, follow, max-snippet:-1, max-image-preview:large, max-video-preview:-1\" \/>\n<link rel=\"canonical\" href=\"https:\/\/mariabaydar.com\/uus\/toode\/avasta-oma-positiivne-intelligentsus\/\" \/>\n<meta property=\"og:locale\" content=\"en_US\" \/>\n<meta property=\"og:type\" content=\"article\" \/>\n<meta property=\"og:title\" content=\"Avasta oma positiivne intelligentsus\" \/>\n<meta property=\"og:description\" content=\"&quot;Avasta oma positiivne intelligentsus&quot; loeng paljastab k\u00f5ik meie sisemised sabot\u00f6\u00f6rid, millega igap\u00e4evaselt ennast petad ja reedad.\" \/>\n<meta property=\"og:url\" content=\"https:\/\/mariabaydar.com\/uus\/toode\/avasta-oma-positiivne-intelligentsus\/\" \/>\n<meta property=\"og:site_name\" content=\"Maria Baydar\" \/>\n<meta property=\"article:publisher\" content=\"https:\/\/www.facebook.com\/IgapaevaneMaagia\" \/>\n<meta property=\"article:modified_time\" content=\"2023-10-01T11:40:17+00:00\" \/>\n<meta property=\"og:image\" content=\"https:\/\/mariabaydar.com\/uus\/wp-content\/uploads\/2023\/06\/Avasta-oma-positiivne-intelligentsus-pilt.png\" \/>\n\t<meta property=\"og:image:width\" content=\"1138\" \/>\n\t<meta property=\"og:image:height\" content=\"1707\" \/>\n\t<meta property=\"og:image:type\" content=\"image\/png\" \/>\n<meta name=\"twitter:card\" content=\"summary_large_image\" \/>\n<script type=\"application\/ld+json\" class=\"yoast-schema-graph\">{\"@context\":\"https:\/\/schema.org\",\"@graph\":[{\"@type\":\"WebPage\",\"@id\":\"https:\/\/mariabaydar.com\/uus\/toode\/avasta-oma-positiivne-intelligentsus\/\",\"url\":\"https:\/\/mariabaydar.com\/uus\/toode\/avasta-oma-positiivne-intelligentsus\/\",\"name\":\"Avasta oma positiivne intelligentsus\",\"isPartOf\":{\"@id\":\"https:\/\/mariabaydar.com\/uus\/#website\"},\"datePublished\":\"2023-06-03T18:12:56+00:00\",\"dateModified\":\"2023-10-01T11:40:17+00:00\",\"description\":\"\\\"Avasta oma positiivne intelligentsus\\\" loeng paljastab k\u00f5ik meie sisemised sabot\u00f6\u00f6rid, millega igap\u00e4evaselt ennast petad ja reedad.\",\"breadcrumb\":{\"@id\":\"https:\/\/mariabaydar.com\/uus\/toode\/avasta-oma-positiivne-intelligentsus\/#breadcrumb\"},\"inLanguage\":\"en\",\"potentialAction\":[{\"@type\":\"ReadAction\",\"target\":[\"https:\/\/mariabaydar.com\/uus\/toode\/avasta-oma-positiivne-intelligentsus\/\"]}]},{\"@type\":\"BreadcrumbList\",\"@id\":\"https:\/\/mariabaydar.com\/uus\/toode\/avasta-oma-positiivne-intelligentsus\/#breadcrumb\",\"itemListElement\":[{\"@type\":\"ListItem\",\"position\":1,\"name\":\"Home\",\"item\":\"https:\/\/mariabaydar.com\/uus\/\"},{\"@type\":\"ListItem\",\"position\":2,\"name\":\"E shop\",\"item\":\"https:\/\/mariabaydar.com\/uus\/pood\/\"},{\"@type\":\"ListItem\",\"position\":3,\"name\":\"Avasta oma positiivne intelligentsus | Raido R\u00f5ivas\"}]},{\"@type\":\"WebSite\",\"@id\":\"https:\/\/mariabaydar.com\/uus\/#website\",\"url\":\"https:\/\/mariabaydar.com\/uus\/\",\"name\":\"Maria Baydar\",\"description\":\"Koolitaja, heaolu strateeg, elustiili treener\",\"publisher\":{\"@id\":\"https:\/\/mariabaydar.com\/uus\/#organization\"},\"potentialAction\":[{\"@type\":\"SearchAction\",\"target\":{\"@type\":\"EntryPoint\",\"urlTemplate\":\"https:\/\/mariabaydar.com\/uus\/?s={search_term_string}\"},\"query-input\":\"required name=search_term_string\"}],\"inLanguage\":\"en\"},{\"@type\":\"Organization\",\"@id\":\"https:\/\/mariabaydar.com\/uus\/#organization\",\"name\":\"Maria Baydar\",\"url\":\"https:\/\/mariabaydar.com\/uus\/\",\"logo\":{\"@type\":\"ImageObject\",\"inLanguage\":\"en\",\"@id\":\"https:\/\/mariabaydar.com\/uus\/#\/schema\/logo\/image\/\",\"url\":\"https:\/\/mariabaydar.com\/uus\/wp-content\/uploads\/2022\/12\/logodark.png\",\"contentUrl\":\"https:\/\/mariabaydar.com\/uus\/wp-content\/uploads\/2022\/12\/logodark.png\",\"width\":903,\"height\":71,\"caption\":\"Maria Baydar\"},\"image\":{\"@id\":\"https:\/\/mariabaydar.com\/uus\/#\/schema\/logo\/image\/\"},\"sameAs\":[\"https:\/\/www.facebook.com\/IgapaevaneMaagia\",\"https:\/\/www.youtube.com\/channel\/UC-QV6MUEJz3vYYyJ_mFCRWQ\",\"https:\/\/www.instagram.com\/maria_baydar\/\"]}]}<\/script>\n<!-- \/ Yoast SEO plugin. -->","yoast_head_json":{"title":"Avasta oma positiivne intelligentsus","description":"\"Avasta oma positiivne intelligentsus\" loeng paljastab k\u00f5ik meie sisemised sabot\u00f6\u00f6rid, millega igap\u00e4evaselt ennast petad ja reedad.","robots":{"index":"index","follow":"follow","max-snippet":"max-snippet:-1","max-image-preview":"max-image-preview:large","max-video-preview":"max-video-preview:-1"},"canonical":"https:\/\/mariabaydar.com\/uus\/toode\/avasta-oma-positiivne-intelligentsus\/","og_locale":"en_US","og_type":"article","og_title":"Avasta oma positiivne intelligentsus","og_description":"\"Avasta oma positiivne intelligentsus\" loeng paljastab k\u00f5ik meie sisemised sabot\u00f6\u00f6rid, millega igap\u00e4evaselt ennast petad ja reedad.","og_url":"https:\/\/mariabaydar.com\/uus\/toode\/avasta-oma-positiivne-intelligentsus\/","og_site_name":"Maria Baydar","article_publisher":"https:\/\/www.facebook.com\/IgapaevaneMaagia","article_modified_time":"2023-10-01T11:40:17+00:00","og_image":[{"width":1138,"height":1707,"url":"https:\/\/mariabaydar.com\/uus\/wp-content\/uploads\/2023\/06\/Avasta-oma-positiivne-intelligentsus-pilt.png","type":"image\/png"}],"twitter_card":"summary_large_image","schema":{"@context":"https:\/\/schema.org","@graph":[{"@type":"WebPage","@id":"https:\/\/mariabaydar.com\/uus\/toode\/avasta-oma-positiivne-intelligentsus\/","url":"https:\/\/mariabaydar.com\/uus\/toode\/avasta-oma-positiivne-intelligentsus\/","name":"Avasta oma positiivne intelligentsus","isPartOf":{"@id":"https:\/\/mariabaydar.com\/uus\/#website"},"datePublished":"2023-06-03T18:12:56+00:00","dateModified":"2023-10-01T11:40:17+00:00","description":"\"Avasta oma positiivne intelligentsus\" loeng paljastab k\u00f5ik meie sisemised sabot\u00f6\u00f6rid, millega igap\u00e4evaselt ennast petad ja reedad.","breadcrumb":{"@id":"https:\/\/mariabaydar.com\/uus\/toode\/avasta-oma-positiivne-intelligentsus\/#breadcrumb"},"inLanguage":"en","potentialAction":[{"@type":"ReadAction","target":["https:\/\/mariabaydar.com\/uus\/toode\/avasta-oma-positiivne-intelligentsus\/"]}]},{"@type":"BreadcrumbList","@id":"https:\/\/mariabaydar.com\/uus\/toode\/avasta-oma-positiivne-intelligentsus\/#breadcrumb","itemListElement":[{"@type":"ListItem","position":1,"name":"Home","item":"https:\/\/mariabaydar.com\/uus\/"},{"@type":"ListItem","position":2,"name":"E shop","item":"https:\/\/mariabaydar.com\/uus\/pood\/"},{"@type":"ListItem","position":3,"name":"Avasta oma positiivne intelligentsus | Raido R\u00f5ivas"}]},{"@type":"WebSite","@id":"https:\/\/mariabaydar.com\/uus\/#website","url":"https:\/\/mariabaydar.com\/uus\/","name":"Maria Baydar","description":"Koolitaja, heaolu strateeg, elustiili treener","publisher":{"@id":"https:\/\/mariabaydar.com\/uus\/#organization"},"potentialAction":[{"@type":"SearchAction","target":{"@type":"EntryPoint","urlTemplate":"https:\/\/mariabaydar.com\/uus\/?s={search_term_string}"},"query-input":"required name=search_term_string"}],"inLanguage":"en"},{"@type":"Organization","@id":"https:\/\/mariabaydar.com\/uus\/#organization","name":"Maria Baydar","url":"https:\/\/mariabaydar.com\/uus\/","logo":{"@type":"ImageObject","inLanguage":"en","@id":"https:\/\/mariabaydar.com\/uus\/#\/schema\/logo\/image\/","url":"https:\/\/mariabaydar.com\/uus\/wp-content\/uploads\/2022\/12\/logodark.png","contentUrl":"https:\/\/mariabaydar.com\/uus\/wp-content\/uploads\/2022\/12\/logodark.png","width":903,"height":71,"caption":"Maria Baydar"},"image":{"@id":"https:\/\/mariabaydar.com\/uus\/#\/schema\/logo\/image\/"},"sameAs":["https:\/\/www.facebook.com\/IgapaevaneMaagia","https:\/\/www.youtube.com\/channel\/UC-QV6MUEJz3vYYyJ_mFCRWQ","https:\/\/www.instagram.com\/maria_baydar\/"]}]}},"_links":{"self":[{"href":"https:\/\/mariabaydar.com\/uus\/wp-json\/wp\/v2\/product\/1652","targetHints":{"allow":["GET"]}}],"collection":[{"href":"https:\/\/mariabaydar.com\/uus\/wp-json\/wp\/v2\/product"}],"about":[{"href":"https:\/\/mariabaydar.com\/uus\/wp-json\/wp\/v2\/types\/product"}],"wp:featuredmedia":[{"embeddable":true,"href":"https:\/\/mariabaydar.com\/uus\/wp-json\/wp\/v2\/media\/1653"}],"wp:attachment":[{"href":"https:\/\/mariabaydar.com\/uus\/wp-json\/wp\/v2\/media?parent=1652"}],"wp:term":[{"taxonomy":"product_cat","embeddable":true,"href":"https:\/\/mariabaydar.com\/uus\/wp-json\/wp\/v2\/product_cat?post=1652"},{"taxonomy":"product_tag","embeddable":true,"href":"https:\/\/mariabaydar.com\/uus\/wp-json\/wp\/v2\/product_tag?post=1652"}],"curies":[{"name":"wp","href":"https:\/\/api.w.org\/{rel}","templated":true}]}}