{"id":1656,"date":"2023-06-03T18:29:45","date_gmt":"2023-06-03T18:29:45","guid":{"rendered":"https:\/\/mariabaydar.com\/uus\/?post_type=product&#038;p=1656"},"modified":"2023-10-01T11:35:57","modified_gmt":"2023-10-01T11:35:57","slug":"teadliku-suhte-meistriklass","status":"publish","type":"product","link":"https:\/\/mariabaydar.com\/uus\/toode\/teadliku-suhte-meistriklass\/","title":{"rendered":"Teadliku suhte meistriklass | Maria Baydar &#038; Raido R\u00f5ivas"},"content":{"rendered":"","protected":false},"excerpt":{"rendered":"<p>Mis on teadlik paarisuhe? Kuidas luua teadlikku suhet? Kuidas olla emotsionaalselt rohkem oma partneri jaoks avatud? Mida me saame teha selleks, et luua ja hoida paarisuhtes \u00fchendust?<\/p>\n<p>Maria Baydar ja Raido R\u00f5ivas toovad v\u00e4lja peamised suhte aluselemendid. Loengus tuleb juttu olulistest v\u00e4\u00e4rtustest, enda vajaduste v\u00e4ljendamisest, emotsionaalsest turvatundest ja paljust muust olulisest.<\/p>\n<p>Videoloengus \u00f5pid, kuidas:<br \/>\n&#8211; m\u00f5ista iseennast ja partnerit<br \/>\n&#8211; luua ja hoida rahuldustpakkuvat, toetavat ja teadlikku suhet<br \/>\n&#8211; v\u00e4ljendada oma vajadusi ja piire<br \/>\n&#8211; tulla v\u00e4lja konfliktidest ja v\u00e4ljakutsetest<br \/>\n&#8211; toime tulla aktiveeruvate hingehaavadega<br \/>\n&#8211; kasutada h\u00e4id, toimivaid paarisuhte tervendavaid v\u00f5tteid<\/p>\n<p>Videoloeng saadetakse tellijale meilile 24h jooksul peale makse sooritamist.<\/p>\n","protected":false},"featured_media":1657,"template":"","meta":[],"product_cat":[25],"product_tag":[],"class_list":{"0":"post-1656","1":"product","2":"type-product","3":"status-publish","4":"has-post-thumbnail","6":"product_cat-videoloengud","8":"first","9":"instock","10":"sale","11":"downloadable","12":"virtual","13":"purchasable","14":"product-type-simple"},"yoast_head":"<!-- This site is optimized with the Yoast SEO plugin v21.9.1 - https:\/\/yoast.com\/wordpress\/plugins\/seo\/ -->\n<title>Teadliku suhte meistriklass<\/title>\n<meta name=\"description\" content=\"Loengus tuleb juttu olulistest v\u00e4\u00e4rtustest, enda vajaduste v\u00e4ljendamisest, emotsionaalsest turvatundest ja paljust muust olulisest.\" \/>\n<meta name=\"robots\" content=\"index, follow, max-snippet:-1, max-image-preview:large, max-video-preview:-1\" \/>\n<link rel=\"canonical\" href=\"https:\/\/mariabaydar.com\/uus\/toode\/teadliku-suhte-meistriklass\/\" \/>\n<meta property=\"og:locale\" content=\"en_US\" \/>\n<meta property=\"og:type\" content=\"article\" \/>\n<meta property=\"og:title\" content=\"Teadliku suhte meistriklass\" \/>\n<meta property=\"og:description\" content=\"Loengus tuleb juttu olulistest v\u00e4\u00e4rtustest, enda vajaduste v\u00e4ljendamisest, emotsionaalsest turvatundest ja paljust muust olulisest.\" \/>\n<meta property=\"og:url\" content=\"https:\/\/mariabaydar.com\/uus\/toode\/teadliku-suhte-meistriklass\/\" \/>\n<meta property=\"og:site_name\" content=\"Maria Baydar\" \/>\n<meta property=\"article:publisher\" content=\"https:\/\/www.facebook.com\/IgapaevaneMaagia\" \/>\n<meta property=\"article:modified_time\" content=\"2023-10-01T11:35:57+00:00\" \/>\n<meta property=\"og:image\" content=\"https:\/\/mariabaydar.com\/uus\/wp-content\/uploads\/2023\/06\/Teadliku-Suhte-Meistriklass-pilt-683x1024.png\" \/>\n\t<meta property=\"og:image:width\" content=\"683\" \/>\n\t<meta property=\"og:image:height\" content=\"1024\" \/>\n\t<meta property=\"og:image:type\" content=\"image\/png\" \/>\n<meta name=\"twitter:card\" content=\"summary_large_image\" \/>\n<script type=\"application\/ld+json\" class=\"yoast-schema-graph\">{\"@context\":\"https:\/\/schema.org\",\"@graph\":[{\"@type\":\"WebPage\",\"@id\":\"https:\/\/mariabaydar.com\/uus\/toode\/teadliku-suhte-meistriklass\/\",\"url\":\"https:\/\/mariabaydar.com\/uus\/toode\/teadliku-suhte-meistriklass\/\",\"name\":\"Teadliku suhte meistriklass\",\"isPartOf\":{\"@id\":\"https:\/\/mariabaydar.com\/uus\/#website\"},\"datePublished\":\"2023-06-03T18:29:45+00:00\",\"dateModified\":\"2023-10-01T11:35:57+00:00\",\"description\":\"Loengus tuleb juttu olulistest v\u00e4\u00e4rtustest, enda vajaduste v\u00e4ljendamisest, emotsionaalsest turvatundest ja paljust muust olulisest.\",\"breadcrumb\":{\"@id\":\"https:\/\/mariabaydar.com\/uus\/toode\/teadliku-suhte-meistriklass\/#breadcrumb\"},\"inLanguage\":\"en\",\"potentialAction\":[{\"@type\":\"ReadAction\",\"target\":[\"https:\/\/mariabaydar.com\/uus\/toode\/teadliku-suhte-meistriklass\/\"]}]},{\"@type\":\"BreadcrumbList\",\"@id\":\"https:\/\/mariabaydar.com\/uus\/toode\/teadliku-suhte-meistriklass\/#breadcrumb\",\"itemListElement\":[{\"@type\":\"ListItem\",\"position\":1,\"name\":\"Home\",\"item\":\"https:\/\/mariabaydar.com\/uus\/\"},{\"@type\":\"ListItem\",\"position\":2,\"name\":\"E shop\",\"item\":\"https:\/\/mariabaydar.com\/uus\/pood\/\"},{\"@type\":\"ListItem\",\"position\":3,\"name\":\"Teadliku suhte meistriklass | Maria Baydar &#038; Raido R\u00f5ivas\"}]},{\"@type\":\"WebSite\",\"@id\":\"https:\/\/mariabaydar.com\/uus\/#website\",\"url\":\"https:\/\/mariabaydar.com\/uus\/\",\"name\":\"Maria Baydar\",\"description\":\"Koolitaja, heaolu strateeg, elustiili treener\",\"publisher\":{\"@id\":\"https:\/\/mariabaydar.com\/uus\/#organization\"},\"potentialAction\":[{\"@type\":\"SearchAction\",\"target\":{\"@type\":\"EntryPoint\",\"urlTemplate\":\"https:\/\/mariabaydar.com\/uus\/?s={search_term_string}\"},\"query-input\":\"required name=search_term_string\"}],\"inLanguage\":\"en\"},{\"@type\":\"Organization\",\"@id\":\"https:\/\/mariabaydar.com\/uus\/#organization\",\"name\":\"Maria Baydar\",\"url\":\"https:\/\/mariabaydar.com\/uus\/\",\"logo\":{\"@type\":\"ImageObject\",\"inLanguage\":\"en\",\"@id\":\"https:\/\/mariabaydar.com\/uus\/#\/schema\/logo\/image\/\",\"url\":\"https:\/\/mariabaydar.com\/uus\/wp-content\/uploads\/2022\/12\/logodark.png\",\"contentUrl\":\"https:\/\/mariabaydar.com\/uus\/wp-content\/uploads\/2022\/12\/logodark.png\",\"width\":903,\"height\":71,\"caption\":\"Maria Baydar\"},\"image\":{\"@id\":\"https:\/\/mariabaydar.com\/uus\/#\/schema\/logo\/image\/\"},\"sameAs\":[\"https:\/\/www.facebook.com\/IgapaevaneMaagia\",\"https:\/\/www.youtube.com\/channel\/UC-QV6MUEJz3vYYyJ_mFCRWQ\",\"https:\/\/www.instagram.com\/maria_baydar\/\"]}]}<\/script>\n<!-- \/ Yoast SEO plugin. -->","yoast_head_json":{"title":"Teadliku suhte meistriklass","description":"Loengus tuleb juttu olulistest v\u00e4\u00e4rtustest, enda vajaduste v\u00e4ljendamisest, emotsionaalsest turvatundest ja paljust muust olulisest.","robots":{"index":"index","follow":"follow","max-snippet":"max-snippet:-1","max-image-preview":"max-image-preview:large","max-video-preview":"max-video-preview:-1"},"canonical":"https:\/\/mariabaydar.com\/uus\/toode\/teadliku-suhte-meistriklass\/","og_locale":"en_US","og_type":"article","og_title":"Teadliku suhte meistriklass","og_description":"Loengus tuleb juttu olulistest v\u00e4\u00e4rtustest, enda vajaduste v\u00e4ljendamisest, emotsionaalsest turvatundest ja paljust muust olulisest.","og_url":"https:\/\/mariabaydar.com\/uus\/toode\/teadliku-suhte-meistriklass\/","og_site_name":"Maria Baydar","article_publisher":"https:\/\/www.facebook.com\/IgapaevaneMaagia","article_modified_time":"2023-10-01T11:35:57+00:00","og_image":[{"width":683,"height":1024,"url":"https:\/\/mariabaydar.com\/uus\/wp-content\/uploads\/2023\/06\/Teadliku-Suhte-Meistriklass-pilt-683x1024.png","type":"image\/png"}],"twitter_card":"summary_large_image","schema":{"@context":"https:\/\/schema.org","@graph":[{"@type":"WebPage","@id":"https:\/\/mariabaydar.com\/uus\/toode\/teadliku-suhte-meistriklass\/","url":"https:\/\/mariabaydar.com\/uus\/toode\/teadliku-suhte-meistriklass\/","name":"Teadliku suhte meistriklass","isPartOf":{"@id":"https:\/\/mariabaydar.com\/uus\/#website"},"datePublished":"2023-06-03T18:29:45+00:00","dateModified":"2023-10-01T11:35:57+00:00","description":"Loengus tuleb juttu olulistest v\u00e4\u00e4rtustest, enda vajaduste v\u00e4ljendamisest, emotsionaalsest turvatundest ja paljust muust olulisest.","breadcrumb":{"@id":"https:\/\/mariabaydar.com\/uus\/toode\/teadliku-suhte-meistriklass\/#breadcrumb"},"inLanguage":"en","potentialAction":[{"@type":"ReadAction","target":["https:\/\/mariabaydar.com\/uus\/toode\/teadliku-suhte-meistriklass\/"]}]},{"@type":"BreadcrumbList","@id":"https:\/\/mariabaydar.com\/uus\/toode\/teadliku-suhte-meistriklass\/#breadcrumb","itemListElement":[{"@type":"ListItem","position":1,"name":"Home","item":"https:\/\/mariabaydar.com\/uus\/"},{"@type":"ListItem","position":2,"name":"E shop","item":"https:\/\/mariabaydar.com\/uus\/pood\/"},{"@type":"ListItem","position":3,"name":"Teadliku suhte meistriklass | Maria Baydar &#038; Raido R\u00f5ivas"}]},{"@type":"WebSite","@id":"https:\/\/mariabaydar.com\/uus\/#website","url":"https:\/\/mariabaydar.com\/uus\/","name":"Maria Baydar","description":"Koolitaja, heaolu strateeg, elustiili treener","publisher":{"@id":"https:\/\/mariabaydar.com\/uus\/#organization"},"potentialAction":[{"@type":"SearchAction","target":{"@type":"EntryPoint","urlTemplate":"https:\/\/mariabaydar.com\/uus\/?s={search_term_string}"},"query-input":"required name=search_term_string"}],"inLanguage":"en"},{"@type":"Organization","@id":"https:\/\/mariabaydar.com\/uus\/#organization","name":"Maria Baydar","url":"https:\/\/mariabaydar.com\/uus\/","logo":{"@type":"ImageObject","inLanguage":"en","@id":"https:\/\/mariabaydar.com\/uus\/#\/schema\/logo\/image\/","url":"https:\/\/mariabaydar.com\/uus\/wp-content\/uploads\/2022\/12\/logodark.png","contentUrl":"https:\/\/mariabaydar.com\/uus\/wp-content\/uploads\/2022\/12\/logodark.png","width":903,"height":71,"caption":"Maria Baydar"},"image":{"@id":"https:\/\/mariabaydar.com\/uus\/#\/schema\/logo\/image\/"},"sameAs":["https:\/\/www.facebook.com\/IgapaevaneMaagia","https:\/\/www.youtube.com\/channel\/UC-QV6MUEJz3vYYyJ_mFCRWQ","https:\/\/www.instagram.com\/maria_baydar\/"]}]}},"_links":{"self":[{"href":"https:\/\/mariabaydar.com\/uus\/wp-json\/wp\/v2\/product\/1656","targetHints":{"allow":["GET"]}}],"collection":[{"href":"https:\/\/mariabaydar.com\/uus\/wp-json\/wp\/v2\/product"}],"about":[{"href":"https:\/\/mariabaydar.com\/uus\/wp-json\/wp\/v2\/types\/product"}],"wp:featuredmedia":[{"embeddable":true,"href":"https:\/\/mariabaydar.com\/uus\/wp-json\/wp\/v2\/media\/1657"}],"wp:attachment":[{"href":"https:\/\/mariabaydar.com\/uus\/wp-json\/wp\/v2\/media?parent=1656"}],"wp:term":[{"taxonomy":"product_cat","embeddable":true,"href":"https:\/\/mariabaydar.com\/uus\/wp-json\/wp\/v2\/product_cat?post=1656"},{"taxonomy":"product_tag","embeddable":true,"href":"https:\/\/mariabaydar.com\/uus\/wp-json\/wp\/v2\/product_tag?post=1656"}],"curies":[{"name":"wp","href":"https:\/\/api.w.org\/{rel}","templated":true}]}}