{"id":1659,"date":"2023-06-03T18:40:19","date_gmt":"2023-06-03T18:40:19","guid":{"rendered":"https:\/\/mariabaydar.com\/uus\/?post_type=product&#038;p=1659"},"modified":"2025-02-02T12:28:37","modified_gmt":"2025-02-02T10:28:37","slug":"transurfing","status":"publish","type":"product","link":"https:\/\/mariabaydar.com\/uus\/toode\/transurfing\/","title":{"rendered":"Transurfingu l\u00fchikoolitus"},"content":{"rendered":"","protected":false},"excerpt":{"rendered":"<p>Transurfing on salajane meisterpraktika reaalsuse loomisest, mis viib sind avastusretkele, et saaksid luua elu, mida oled alati soovinud. See on meetod, mis \u00f5petab sulle, kuidas m\u00f5ista ja juhtida oma reaalsust. Tegemist on j\u00f5ulise tehnikaga, millega saab korda saata v\u00f5imatut ja juhtida oma saatust.<\/p>\n<p>R\u00e4\u00e4gitakse, et kui omandad teatud transurfingu teadmised, siis kukub kogu sinu senine maailmapilt kokku, kuid asemele s\u00fcnnib midagi v\u00f5rratut!<\/p>\n<p><strong>Videoloengus \u00f5pid:<\/strong><br \/>\n&#8211; mis on transurfing<br \/>\n&#8211; kuidas transurfing t\u00f6\u00f6tab<br \/>\n&#8211; kuidas kujundada oma unistuste reaalsust m\u00f5tete, uskumuste ja emotsioonide kaudu<br \/>\n&#8211; kuidas eemaldada piirangud ja takistused, et saaksid saavutada oma eesm\u00e4rke<br \/>\n&#8211; kuidas teadlikult oma m\u00f5tteid suunata ja juhtida<br \/>\n&#8211; millised on transurfingu v\u00f5imsamad meetodid ja kuidas neid kasutada<\/p>\n<p>Kas oled valmis saavutama t\u00f5eliselt suurep\u00e4raseid tulemusi oma elus?<\/p>\n<p>Videoloeng saadetakse tellijale meilile 24h jooksul peale makse sooritamist.<\/p>\n","protected":false},"featured_media":3366,"template":"","meta":[],"product_cat":[25],"product_tag":[],"class_list":{"0":"post-1659","1":"product","2":"type-product","3":"status-publish","4":"has-post-thumbnail","6":"product_cat-videoloengud","8":"first","9":"instock","10":"sale","11":"downloadable","12":"virtual","13":"purchasable","14":"product-type-simple"},"yoast_head":"<!-- This site is optimized with the Yoast SEO plugin v21.9.1 - https:\/\/yoast.com\/wordpress\/plugins\/seo\/ -->\n<title>Transurfing<\/title>\n<meta name=\"description\" content=\"Transsurfing on Vadim Zelandi j\u00f5ulise reaalsuspraktika tehnikaga, millega saab korda saata v\u00f5imatut ja juhtida oma saatust soovikohaselt.\" \/>\n<meta name=\"robots\" content=\"index, follow, max-snippet:-1, max-image-preview:large, max-video-preview:-1\" \/>\n<link rel=\"canonical\" href=\"https:\/\/mariabaydar.com\/uus\/toode\/transurfing\/\" \/>\n<meta property=\"og:locale\" content=\"en_US\" \/>\n<meta property=\"og:type\" content=\"article\" \/>\n<meta property=\"og:title\" content=\"Transurfing\" \/>\n<meta property=\"og:description\" content=\"Transsurfing on Vadim Zelandi j\u00f5ulise reaalsuspraktika tehnikaga, millega saab korda saata v\u00f5imatut ja juhtida oma saatust soovikohaselt.\" \/>\n<meta property=\"og:url\" content=\"https:\/\/mariabaydar.com\/uus\/toode\/transurfing\/\" \/>\n<meta property=\"og:site_name\" content=\"Maria Baydar\" \/>\n<meta property=\"article:publisher\" content=\"https:\/\/www.facebook.com\/IgapaevaneMaagia\" \/>\n<meta property=\"article:modified_time\" content=\"2025-02-02T10:28:37+00:00\" \/>\n<meta property=\"og:image\" content=\"https:\/\/mariabaydar.com\/uus\/wp-content\/uploads\/2023\/06\/pexels-kampus-8829200-1.png\" \/>\n\t<meta property=\"og:image:width\" content=\"700\" \/>\n\t<meta property=\"og:image:height\" content=\"800\" \/>\n\t<meta property=\"og:image:type\" content=\"image\/png\" \/>\n<meta name=\"twitter:card\" content=\"summary_large_image\" \/>\n<meta name=\"twitter:label1\" content=\"Est. reading time\" \/>\n\t<meta name=\"twitter:data1\" content=\"1 minute\" \/>\n<script type=\"application\/ld+json\" class=\"yoast-schema-graph\">{\"@context\":\"https:\/\/schema.org\",\"@graph\":[{\"@type\":\"WebPage\",\"@id\":\"https:\/\/mariabaydar.com\/uus\/toode\/transurfing\/\",\"url\":\"https:\/\/mariabaydar.com\/uus\/toode\/transurfing\/\",\"name\":\"Transurfing\",\"isPartOf\":{\"@id\":\"https:\/\/mariabaydar.com\/uus\/#website\"},\"datePublished\":\"2023-06-03T18:40:19+00:00\",\"dateModified\":\"2025-02-02T10:28:37+00:00\",\"description\":\"Transsurfing on Vadim Zelandi j\u00f5ulise reaalsuspraktika tehnikaga, millega saab korda saata v\u00f5imatut ja juhtida oma saatust soovikohaselt.\",\"breadcrumb\":{\"@id\":\"https:\/\/mariabaydar.com\/uus\/toode\/transurfing\/#breadcrumb\"},\"inLanguage\":\"en\",\"potentialAction\":[{\"@type\":\"ReadAction\",\"target\":[\"https:\/\/mariabaydar.com\/uus\/toode\/transurfing\/\"]}]},{\"@type\":\"BreadcrumbList\",\"@id\":\"https:\/\/mariabaydar.com\/uus\/toode\/transurfing\/#breadcrumb\",\"itemListElement\":[{\"@type\":\"ListItem\",\"position\":1,\"name\":\"Home\",\"item\":\"https:\/\/mariabaydar.com\/uus\/\"},{\"@type\":\"ListItem\",\"position\":2,\"name\":\"E shop\",\"item\":\"https:\/\/mariabaydar.com\/uus\/pood\/\"},{\"@type\":\"ListItem\",\"position\":3,\"name\":\"Transurfingu l\u00fchikoolitus\"}]},{\"@type\":\"WebSite\",\"@id\":\"https:\/\/mariabaydar.com\/uus\/#website\",\"url\":\"https:\/\/mariabaydar.com\/uus\/\",\"name\":\"Maria Baydar\",\"description\":\"Koolitaja, heaolu strateeg, elustiili treener\",\"publisher\":{\"@id\":\"https:\/\/mariabaydar.com\/uus\/#organization\"},\"potentialAction\":[{\"@type\":\"SearchAction\",\"target\":{\"@type\":\"EntryPoint\",\"urlTemplate\":\"https:\/\/mariabaydar.com\/uus\/?s={search_term_string}\"},\"query-input\":\"required name=search_term_string\"}],\"inLanguage\":\"en\"},{\"@type\":\"Organization\",\"@id\":\"https:\/\/mariabaydar.com\/uus\/#organization\",\"name\":\"Maria Baydar\",\"url\":\"https:\/\/mariabaydar.com\/uus\/\",\"logo\":{\"@type\":\"ImageObject\",\"inLanguage\":\"en\",\"@id\":\"https:\/\/mariabaydar.com\/uus\/#\/schema\/logo\/image\/\",\"url\":\"https:\/\/mariabaydar.com\/uus\/wp-content\/uploads\/2022\/12\/logodark.png\",\"contentUrl\":\"https:\/\/mariabaydar.com\/uus\/wp-content\/uploads\/2022\/12\/logodark.png\",\"width\":903,\"height\":71,\"caption\":\"Maria Baydar\"},\"image\":{\"@id\":\"https:\/\/mariabaydar.com\/uus\/#\/schema\/logo\/image\/\"},\"sameAs\":[\"https:\/\/www.facebook.com\/IgapaevaneMaagia\",\"https:\/\/www.youtube.com\/channel\/UC-QV6MUEJz3vYYyJ_mFCRWQ\",\"https:\/\/www.instagram.com\/maria_baydar\/\"]}]}<\/script>\n<!-- \/ Yoast SEO plugin. -->","yoast_head_json":{"title":"Transurfing","description":"Transsurfing on Vadim Zelandi j\u00f5ulise reaalsuspraktika tehnikaga, millega saab korda saata v\u00f5imatut ja juhtida oma saatust soovikohaselt.","robots":{"index":"index","follow":"follow","max-snippet":"max-snippet:-1","max-image-preview":"max-image-preview:large","max-video-preview":"max-video-preview:-1"},"canonical":"https:\/\/mariabaydar.com\/uus\/toode\/transurfing\/","og_locale":"en_US","og_type":"article","og_title":"Transurfing","og_description":"Transsurfing on Vadim Zelandi j\u00f5ulise reaalsuspraktika tehnikaga, millega saab korda saata v\u00f5imatut ja juhtida oma saatust soovikohaselt.","og_url":"https:\/\/mariabaydar.com\/uus\/toode\/transurfing\/","og_site_name":"Maria Baydar","article_publisher":"https:\/\/www.facebook.com\/IgapaevaneMaagia","article_modified_time":"2025-02-02T10:28:37+00:00","og_image":[{"width":700,"height":800,"url":"https:\/\/mariabaydar.com\/uus\/wp-content\/uploads\/2023\/06\/pexels-kampus-8829200-1.png","type":"image\/png"}],"twitter_card":"summary_large_image","twitter_misc":{"Est. reading time":"1 minute"},"schema":{"@context":"https:\/\/schema.org","@graph":[{"@type":"WebPage","@id":"https:\/\/mariabaydar.com\/uus\/toode\/transurfing\/","url":"https:\/\/mariabaydar.com\/uus\/toode\/transurfing\/","name":"Transurfing","isPartOf":{"@id":"https:\/\/mariabaydar.com\/uus\/#website"},"datePublished":"2023-06-03T18:40:19+00:00","dateModified":"2025-02-02T10:28:37+00:00","description":"Transsurfing on Vadim Zelandi j\u00f5ulise reaalsuspraktika tehnikaga, millega saab korda saata v\u00f5imatut ja juhtida oma saatust soovikohaselt.","breadcrumb":{"@id":"https:\/\/mariabaydar.com\/uus\/toode\/transurfing\/#breadcrumb"},"inLanguage":"en","potentialAction":[{"@type":"ReadAction","target":["https:\/\/mariabaydar.com\/uus\/toode\/transurfing\/"]}]},{"@type":"BreadcrumbList","@id":"https:\/\/mariabaydar.com\/uus\/toode\/transurfing\/#breadcrumb","itemListElement":[{"@type":"ListItem","position":1,"name":"Home","item":"https:\/\/mariabaydar.com\/uus\/"},{"@type":"ListItem","position":2,"name":"E shop","item":"https:\/\/mariabaydar.com\/uus\/pood\/"},{"@type":"ListItem","position":3,"name":"Transurfingu l\u00fchikoolitus"}]},{"@type":"WebSite","@id":"https:\/\/mariabaydar.com\/uus\/#website","url":"https:\/\/mariabaydar.com\/uus\/","name":"Maria Baydar","description":"Koolitaja, heaolu strateeg, elustiili treener","publisher":{"@id":"https:\/\/mariabaydar.com\/uus\/#organization"},"potentialAction":[{"@type":"SearchAction","target":{"@type":"EntryPoint","urlTemplate":"https:\/\/mariabaydar.com\/uus\/?s={search_term_string}"},"query-input":"required name=search_term_string"}],"inLanguage":"en"},{"@type":"Organization","@id":"https:\/\/mariabaydar.com\/uus\/#organization","name":"Maria Baydar","url":"https:\/\/mariabaydar.com\/uus\/","logo":{"@type":"ImageObject","inLanguage":"en","@id":"https:\/\/mariabaydar.com\/uus\/#\/schema\/logo\/image\/","url":"https:\/\/mariabaydar.com\/uus\/wp-content\/uploads\/2022\/12\/logodark.png","contentUrl":"https:\/\/mariabaydar.com\/uus\/wp-content\/uploads\/2022\/12\/logodark.png","width":903,"height":71,"caption":"Maria Baydar"},"image":{"@id":"https:\/\/mariabaydar.com\/uus\/#\/schema\/logo\/image\/"},"sameAs":["https:\/\/www.facebook.com\/IgapaevaneMaagia","https:\/\/www.youtube.com\/channel\/UC-QV6MUEJz3vYYyJ_mFCRWQ","https:\/\/www.instagram.com\/maria_baydar\/"]}]}},"_links":{"self":[{"href":"https:\/\/mariabaydar.com\/uus\/wp-json\/wp\/v2\/product\/1659","targetHints":{"allow":["GET"]}}],"collection":[{"href":"https:\/\/mariabaydar.com\/uus\/wp-json\/wp\/v2\/product"}],"about":[{"href":"https:\/\/mariabaydar.com\/uus\/wp-json\/wp\/v2\/types\/product"}],"wp:featuredmedia":[{"embeddable":true,"href":"https:\/\/mariabaydar.com\/uus\/wp-json\/wp\/v2\/media\/3366"}],"wp:attachment":[{"href":"https:\/\/mariabaydar.com\/uus\/wp-json\/wp\/v2\/media?parent=1659"}],"wp:term":[{"taxonomy":"product_cat","embeddable":true,"href":"https:\/\/mariabaydar.com\/uus\/wp-json\/wp\/v2\/product_cat?post=1659"},{"taxonomy":"product_tag","embeddable":true,"href":"https:\/\/mariabaydar.com\/uus\/wp-json\/wp\/v2\/product_tag?post=1659"}],"curies":[{"name":"wp","href":"https:\/\/api.w.org\/{rel}","templated":true}]}}