{"id":1819,"date":"2023-07-18T05:25:05","date_gmt":"2023-07-18T05:25:05","guid":{"rendered":"https:\/\/mariabaydar.com\/uus\/?post_type=product&#038;p=1819"},"modified":"2025-02-01T20:25:57","modified_gmt":"2025-02-01T18:25:57","slug":"alateadvuse-umberprogammeerimine-maria-baydar","status":"publish","type":"product","link":"https:\/\/mariabaydar.com\/uus\/toode\/alateadvuse-umberprogammeerimine-maria-baydar\/","title":{"rendered":"Alateadvuse \u00fcmberprogammeerimine | Maria Baydar"},"content":{"rendered":"","protected":false},"excerpt":{"rendered":"<p>Alateadvus koosneb s\u00fcgavalt juurdunud veendumustest, t\u00f5ekspidamistest ja emotsionaalsetest reaktsioonidest, mis on sageli kujunenud meie elu varasemate kogemuste ja \u00f5ppimise tulemusena. M\u00f5nikord v\u00f5ivad need alateadvuslikud programmid olla piiravad v\u00f5i ebatervislikud, takistades meid saavutamast soovitud eesm\u00e4rke, kogemast rahulolu v\u00f5i arenemast isiklikul tasandil.<\/p>\n<p><!--more--><\/p>\n<p>Alateadvuse \u00fcmberprogrammeerimise eesm\u00e4rk on muuta need piiravad uskumused ja m\u00f5ttemustrid, et luua positiivseid muutusi meie elus. See v\u00f5imaldab m\u00f5jutada oma m\u00f5tteid, uskumusi ja k\u00e4itumist positiivsemal viisil ning luua elu, mis on tasakaalus, rahuldustpakkuv ja harmooniline.<\/p>\n<p>\u00d5ppides tundma alateadvuse toimimist ja selle ise\u00e4rasusi, saad muuta selle enda v\u00f5imsaks liitlaseks, kes aitab saavutada p\u00fcstitatud eesm\u00e4rke ja tervendada minevikus l\u00e4bielatut.<\/p>\n<p>Alateadvuse \u00fcmberprogrammeerimise videoloengus saad 3 tunni v\u00e4ltel v\u00e4ga palju olulisi t\u00f6\u00f6riistu ja praktikaid, et olla ise enda elu teadlik juht.<\/p>\n<p>Videoloengus \u00f5pid, kuidas:<br \/>\n&#8211; saavutada p\u00fcstitatud eesm\u00e4rke<br \/>\n&#8211; tervendada minevikus l\u00e4bielatut ja lapsep\u00f5lve<br \/>\n&#8211; korrastada oma sisemaailma<br \/>\n&#8211; panna oma keha ja aju enda kasuks t\u00f6\u00f6le<br \/>\n&#8211; tuvastada ja tervendada kahjustavaid uskumusi ja m\u00f5tteid<br \/>\n&#8211; luua uusi positiivseid alateadlikke programme<br \/>\n&#8211; ja palju muud<\/p>\n<p>Videoloeng saadetakse tellijale meilile 24h jooksul peale makse sooritamist.<\/p>\n","protected":false},"featured_media":1820,"template":"","meta":[],"product_cat":[25],"product_tag":[],"class_list":{"0":"post-1819","1":"product","2":"type-product","3":"status-publish","4":"has-post-thumbnail","6":"product_cat-videoloengud","8":"first","9":"instock","10":"sale","11":"downloadable","12":"virtual","13":"purchasable","14":"product-type-simple"},"yoast_head":"<!-- This site is optimized with the Yoast SEO plugin v21.9.1 - https:\/\/yoast.com\/wordpress\/plugins\/seo\/ -->\n<title>Alateadvuse \u00fcmberprogammeerimine<\/title>\n<meta name=\"description\" content=\"Alateadvuse \u00fcmberprogrammeerimise eesm\u00e4rk on muuta need piiravad uskumused ja m\u00f5ttemustrid, et luua positiivseid muutusi meie elus.\" \/>\n<meta name=\"robots\" content=\"index, follow, max-snippet:-1, max-image-preview:large, max-video-preview:-1\" \/>\n<link rel=\"canonical\" href=\"https:\/\/mariabaydar.com\/uus\/toode\/alateadvuse-umberprogammeerimine-maria-baydar\/\" \/>\n<meta property=\"og:locale\" content=\"en_US\" \/>\n<meta property=\"og:type\" content=\"article\" \/>\n<meta property=\"og:title\" content=\"Alateadvuse \u00fcmberprogammeerimine\" \/>\n<meta property=\"og:description\" content=\"Alateadvuse \u00fcmberprogrammeerimise eesm\u00e4rk on muuta need piiravad uskumused ja m\u00f5ttemustrid, et luua positiivseid muutusi meie elus.\" \/>\n<meta property=\"og:url\" content=\"https:\/\/mariabaydar.com\/uus\/toode\/alateadvuse-umberprogammeerimine-maria-baydar\/\" \/>\n<meta property=\"og:site_name\" content=\"Maria Baydar\" \/>\n<meta property=\"article:publisher\" content=\"https:\/\/www.facebook.com\/IgapaevaneMaagia\" \/>\n<meta property=\"article:modified_time\" content=\"2025-02-01T18:25:57+00:00\" \/>\n<meta property=\"og:image\" content=\"https:\/\/mariabaydar.com\/uus\/wp-content\/uploads\/2023\/07\/Alateadvuse-umberprogrammeerimine-pilt.jpg\" \/>\n\t<meta property=\"og:image:width\" content=\"500\" \/>\n\t<meta property=\"og:image:height\" content=\"500\" \/>\n\t<meta property=\"og:image:type\" content=\"image\/jpeg\" \/>\n<meta name=\"twitter:card\" content=\"summary_large_image\" \/>\n<meta name=\"twitter:label1\" content=\"Est. reading time\" \/>\n\t<meta name=\"twitter:data1\" content=\"1 minute\" \/>\n<script type=\"application\/ld+json\" class=\"yoast-schema-graph\">{\"@context\":\"https:\/\/schema.org\",\"@graph\":[{\"@type\":\"WebPage\",\"@id\":\"https:\/\/mariabaydar.com\/uus\/toode\/alateadvuse-umberprogammeerimine-maria-baydar\/\",\"url\":\"https:\/\/mariabaydar.com\/uus\/toode\/alateadvuse-umberprogammeerimine-maria-baydar\/\",\"name\":\"Alateadvuse \u00fcmberprogammeerimine\",\"isPartOf\":{\"@id\":\"https:\/\/mariabaydar.com\/uus\/#website\"},\"datePublished\":\"2023-07-18T05:25:05+00:00\",\"dateModified\":\"2025-02-01T18:25:57+00:00\",\"description\":\"Alateadvuse \u00fcmberprogrammeerimise eesm\u00e4rk on muuta need piiravad uskumused ja m\u00f5ttemustrid, et luua positiivseid muutusi meie elus.\",\"breadcrumb\":{\"@id\":\"https:\/\/mariabaydar.com\/uus\/toode\/alateadvuse-umberprogammeerimine-maria-baydar\/#breadcrumb\"},\"inLanguage\":\"en\",\"potentialAction\":[{\"@type\":\"ReadAction\",\"target\":[\"https:\/\/mariabaydar.com\/uus\/toode\/alateadvuse-umberprogammeerimine-maria-baydar\/\"]}]},{\"@type\":\"BreadcrumbList\",\"@id\":\"https:\/\/mariabaydar.com\/uus\/toode\/alateadvuse-umberprogammeerimine-maria-baydar\/#breadcrumb\",\"itemListElement\":[{\"@type\":\"ListItem\",\"position\":1,\"name\":\"Home\",\"item\":\"https:\/\/mariabaydar.com\/uus\/\"},{\"@type\":\"ListItem\",\"position\":2,\"name\":\"E shop\",\"item\":\"https:\/\/mariabaydar.com\/uus\/pood\/\"},{\"@type\":\"ListItem\",\"position\":3,\"name\":\"Alateadvuse \u00fcmberprogammeerimine | Maria Baydar\"}]},{\"@type\":\"WebSite\",\"@id\":\"https:\/\/mariabaydar.com\/uus\/#website\",\"url\":\"https:\/\/mariabaydar.com\/uus\/\",\"name\":\"Maria Baydar\",\"description\":\"Koolitaja, heaolu strateeg, elustiili treener\",\"publisher\":{\"@id\":\"https:\/\/mariabaydar.com\/uus\/#organization\"},\"potentialAction\":[{\"@type\":\"SearchAction\",\"target\":{\"@type\":\"EntryPoint\",\"urlTemplate\":\"https:\/\/mariabaydar.com\/uus\/?s={search_term_string}\"},\"query-input\":\"required name=search_term_string\"}],\"inLanguage\":\"en\"},{\"@type\":\"Organization\",\"@id\":\"https:\/\/mariabaydar.com\/uus\/#organization\",\"name\":\"Maria Baydar\",\"url\":\"https:\/\/mariabaydar.com\/uus\/\",\"logo\":{\"@type\":\"ImageObject\",\"inLanguage\":\"en\",\"@id\":\"https:\/\/mariabaydar.com\/uus\/#\/schema\/logo\/image\/\",\"url\":\"https:\/\/mariabaydar.com\/uus\/wp-content\/uploads\/2022\/12\/logodark.png\",\"contentUrl\":\"https:\/\/mariabaydar.com\/uus\/wp-content\/uploads\/2022\/12\/logodark.png\",\"width\":903,\"height\":71,\"caption\":\"Maria Baydar\"},\"image\":{\"@id\":\"https:\/\/mariabaydar.com\/uus\/#\/schema\/logo\/image\/\"},\"sameAs\":[\"https:\/\/www.facebook.com\/IgapaevaneMaagia\",\"https:\/\/www.youtube.com\/channel\/UC-QV6MUEJz3vYYyJ_mFCRWQ\",\"https:\/\/www.instagram.com\/maria_baydar\/\"]}]}<\/script>\n<!-- \/ Yoast SEO plugin. -->","yoast_head_json":{"title":"Alateadvuse \u00fcmberprogammeerimine","description":"Alateadvuse \u00fcmberprogrammeerimise eesm\u00e4rk on muuta need piiravad uskumused ja m\u00f5ttemustrid, et luua positiivseid muutusi meie elus.","robots":{"index":"index","follow":"follow","max-snippet":"max-snippet:-1","max-image-preview":"max-image-preview:large","max-video-preview":"max-video-preview:-1"},"canonical":"https:\/\/mariabaydar.com\/uus\/toode\/alateadvuse-umberprogammeerimine-maria-baydar\/","og_locale":"en_US","og_type":"article","og_title":"Alateadvuse \u00fcmberprogammeerimine","og_description":"Alateadvuse \u00fcmberprogrammeerimise eesm\u00e4rk on muuta need piiravad uskumused ja m\u00f5ttemustrid, et luua positiivseid muutusi meie elus.","og_url":"https:\/\/mariabaydar.com\/uus\/toode\/alateadvuse-umberprogammeerimine-maria-baydar\/","og_site_name":"Maria Baydar","article_publisher":"https:\/\/www.facebook.com\/IgapaevaneMaagia","article_modified_time":"2025-02-01T18:25:57+00:00","og_image":[{"width":500,"height":500,"url":"https:\/\/mariabaydar.com\/uus\/wp-content\/uploads\/2023\/07\/Alateadvuse-umberprogrammeerimine-pilt.jpg","type":"image\/jpeg"}],"twitter_card":"summary_large_image","twitter_misc":{"Est. reading time":"1 minute"},"schema":{"@context":"https:\/\/schema.org","@graph":[{"@type":"WebPage","@id":"https:\/\/mariabaydar.com\/uus\/toode\/alateadvuse-umberprogammeerimine-maria-baydar\/","url":"https:\/\/mariabaydar.com\/uus\/toode\/alateadvuse-umberprogammeerimine-maria-baydar\/","name":"Alateadvuse \u00fcmberprogammeerimine","isPartOf":{"@id":"https:\/\/mariabaydar.com\/uus\/#website"},"datePublished":"2023-07-18T05:25:05+00:00","dateModified":"2025-02-01T18:25:57+00:00","description":"Alateadvuse \u00fcmberprogrammeerimise eesm\u00e4rk on muuta need piiravad uskumused ja m\u00f5ttemustrid, et luua positiivseid muutusi meie elus.","breadcrumb":{"@id":"https:\/\/mariabaydar.com\/uus\/toode\/alateadvuse-umberprogammeerimine-maria-baydar\/#breadcrumb"},"inLanguage":"en","potentialAction":[{"@type":"ReadAction","target":["https:\/\/mariabaydar.com\/uus\/toode\/alateadvuse-umberprogammeerimine-maria-baydar\/"]}]},{"@type":"BreadcrumbList","@id":"https:\/\/mariabaydar.com\/uus\/toode\/alateadvuse-umberprogammeerimine-maria-baydar\/#breadcrumb","itemListElement":[{"@type":"ListItem","position":1,"name":"Home","item":"https:\/\/mariabaydar.com\/uus\/"},{"@type":"ListItem","position":2,"name":"E shop","item":"https:\/\/mariabaydar.com\/uus\/pood\/"},{"@type":"ListItem","position":3,"name":"Alateadvuse \u00fcmberprogammeerimine | Maria Baydar"}]},{"@type":"WebSite","@id":"https:\/\/mariabaydar.com\/uus\/#website","url":"https:\/\/mariabaydar.com\/uus\/","name":"Maria Baydar","description":"Koolitaja, heaolu strateeg, elustiili treener","publisher":{"@id":"https:\/\/mariabaydar.com\/uus\/#organization"},"potentialAction":[{"@type":"SearchAction","target":{"@type":"EntryPoint","urlTemplate":"https:\/\/mariabaydar.com\/uus\/?s={search_term_string}"},"query-input":"required name=search_term_string"}],"inLanguage":"en"},{"@type":"Organization","@id":"https:\/\/mariabaydar.com\/uus\/#organization","name":"Maria Baydar","url":"https:\/\/mariabaydar.com\/uus\/","logo":{"@type":"ImageObject","inLanguage":"en","@id":"https:\/\/mariabaydar.com\/uus\/#\/schema\/logo\/image\/","url":"https:\/\/mariabaydar.com\/uus\/wp-content\/uploads\/2022\/12\/logodark.png","contentUrl":"https:\/\/mariabaydar.com\/uus\/wp-content\/uploads\/2022\/12\/logodark.png","width":903,"height":71,"caption":"Maria Baydar"},"image":{"@id":"https:\/\/mariabaydar.com\/uus\/#\/schema\/logo\/image\/"},"sameAs":["https:\/\/www.facebook.com\/IgapaevaneMaagia","https:\/\/www.youtube.com\/channel\/UC-QV6MUEJz3vYYyJ_mFCRWQ","https:\/\/www.instagram.com\/maria_baydar\/"]}]}},"_links":{"self":[{"href":"https:\/\/mariabaydar.com\/uus\/wp-json\/wp\/v2\/product\/1819","targetHints":{"allow":["GET"]}}],"collection":[{"href":"https:\/\/mariabaydar.com\/uus\/wp-json\/wp\/v2\/product"}],"about":[{"href":"https:\/\/mariabaydar.com\/uus\/wp-json\/wp\/v2\/types\/product"}],"wp:featuredmedia":[{"embeddable":true,"href":"https:\/\/mariabaydar.com\/uus\/wp-json\/wp\/v2\/media\/1820"}],"wp:attachment":[{"href":"https:\/\/mariabaydar.com\/uus\/wp-json\/wp\/v2\/media?parent=1819"}],"wp:term":[{"taxonomy":"product_cat","embeddable":true,"href":"https:\/\/mariabaydar.com\/uus\/wp-json\/wp\/v2\/product_cat?post=1819"},{"taxonomy":"product_tag","embeddable":true,"href":"https:\/\/mariabaydar.com\/uus\/wp-json\/wp\/v2\/product_tag?post=1819"}],"curies":[{"name":"wp","href":"https:\/\/api.w.org\/{rel}","templated":true}]}}