{"id":729,"date":"2022-12-31T21:41:21","date_gmt":"2022-12-31T21:41:21","guid":{"rendered":"https:\/\/mariabaydar.com\/uus\/toode\/album\/"},"modified":"2023-07-27T14:43:22","modified_gmt":"2023-07-27T14:43:22","slug":"praktiline-psuhholoogia-igapaevaelus","status":"publish","type":"product","link":"https:\/\/mariabaydar.com\/uus\/toode\/praktiline-psuhholoogia-igapaevaelus\/","title":{"rendered":"Praktiline ps\u00fchholoogia igap\u00e4evaelus | Maria Baydar"},"content":{"rendered":"","protected":false},"excerpt":{"rendered":"<p>Mida t\u00e4hendab olla iseenda parim terapeut? Rakenda praktilist teadmist oma elukvaliteedi m\u00e4rkimisv\u00e4\u00e4rseks t\u00f5stmiseks Maria Baydari poolt v\u00e4ljat\u00f6\u00f6tatud meetoditega.<\/p>\n<p>Maria Baydar on terapeut, suurkoolitaja, motivatsioonik\u00f5neleja, kirjanik, \u0161amanismi praktiseerija, unistuste elu ja vaimse heaolu strateeg ning enesearengu \u00f5petaja, kellel on 11 aastat praktilist kogemust.<\/p>\n<p>Ta on juhendanud tuhandeid inimesi Eestis ja v\u00e4lismaal, aidates neil avada neis peituv t\u00f5eline potentsiaal, elamise kirg ja teadlikkus.<\/p>\n<p>Videoloeng saadetakse tellija meilile 24h jooksul peale makse sooritamist.<\/p>\n","protected":false},"featured_media":730,"template":"","meta":[],"product_cat":[25],"product_tag":[],"class_list":{"0":"post-729","1":"product","2":"type-product","3":"status-publish","4":"has-post-thumbnail","6":"product_cat-videoloengud","8":"first","9":"instock","10":"downloadable","11":"virtual","12":"sold-individually","13":"purchasable","14":"product-type-simple"},"yoast_head":"<!-- This site is optimized with the Yoast SEO plugin v21.9.1 - https:\/\/yoast.com\/wordpress\/plugins\/seo\/ -->\n<title>Praktiline ps\u00fchholoogia igap\u00e4evaelus | Maria Baydar<\/title>\n<meta name=\"description\" content=\"Rakenda praktilist teadmist oma elukvaliteedi m\u00e4rkimisv\u00e4\u00e4rseks t\u00f5stmiseks Maria Baydari poolt v\u00e4ljat\u00f6\u00f6tatud meetoditega.\" \/>\n<meta name=\"robots\" content=\"index, follow, max-snippet:-1, max-image-preview:large, max-video-preview:-1\" \/>\n<link rel=\"canonical\" href=\"https:\/\/mariabaydar.com\/uus\/toode\/praktiline-psuhholoogia-igapaevaelus\/\" \/>\n<meta property=\"og:locale\" content=\"en_US\" \/>\n<meta property=\"og:type\" content=\"article\" \/>\n<meta property=\"og:title\" content=\"Praktiline ps\u00fchholoogia igap\u00e4evaelus | Maria Baydar\" \/>\n<meta property=\"og:description\" content=\"Rakenda praktilist teadmist oma elukvaliteedi m\u00e4rkimisv\u00e4\u00e4rseks t\u00f5stmiseks Maria Baydari poolt v\u00e4ljat\u00f6\u00f6tatud meetoditega.\" \/>\n<meta property=\"og:url\" content=\"https:\/\/mariabaydar.com\/uus\/toode\/praktiline-psuhholoogia-igapaevaelus\/\" \/>\n<meta property=\"og:site_name\" content=\"Maria Baydar\" \/>\n<meta property=\"article:publisher\" content=\"https:\/\/www.facebook.com\/IgapaevaneMaagia\" \/>\n<meta property=\"article:modified_time\" content=\"2023-07-27T14:43:22+00:00\" \/>\n<meta property=\"og:image\" content=\"https:\/\/mariabaydar.com\/uus\/wp-content\/uploads\/2022\/12\/50bef6_33e88f8e8c684e0bbc5b5f7ae2132bd9_mv2.webp\" \/>\n\t<meta property=\"og:image:width\" content=\"580\" \/>\n\t<meta property=\"og:image:height\" content=\"420\" \/>\n\t<meta property=\"og:image:type\" content=\"image\/webp\" \/>\n<meta name=\"twitter:card\" content=\"summary_large_image\" \/>\n<script type=\"application\/ld+json\" class=\"yoast-schema-graph\">{\"@context\":\"https:\/\/schema.org\",\"@graph\":[{\"@type\":\"WebPage\",\"@id\":\"https:\/\/mariabaydar.com\/uus\/toode\/praktiline-psuhholoogia-igapaevaelus\/\",\"url\":\"https:\/\/mariabaydar.com\/uus\/toode\/praktiline-psuhholoogia-igapaevaelus\/\",\"name\":\"Praktiline ps\u00fchholoogia igap\u00e4evaelus | Maria Baydar\",\"isPartOf\":{\"@id\":\"https:\/\/mariabaydar.com\/uus\/#website\"},\"datePublished\":\"2022-12-31T21:41:21+00:00\",\"dateModified\":\"2023-07-27T14:43:22+00:00\",\"description\":\"Rakenda praktilist teadmist oma elukvaliteedi m\u00e4rkimisv\u00e4\u00e4rseks t\u00f5stmiseks Maria Baydari poolt v\u00e4ljat\u00f6\u00f6tatud meetoditega.\",\"breadcrumb\":{\"@id\":\"https:\/\/mariabaydar.com\/uus\/toode\/praktiline-psuhholoogia-igapaevaelus\/#breadcrumb\"},\"inLanguage\":\"en\",\"potentialAction\":[{\"@type\":\"ReadAction\",\"target\":[\"https:\/\/mariabaydar.com\/uus\/toode\/praktiline-psuhholoogia-igapaevaelus\/\"]}]},{\"@type\":\"BreadcrumbList\",\"@id\":\"https:\/\/mariabaydar.com\/uus\/toode\/praktiline-psuhholoogia-igapaevaelus\/#breadcrumb\",\"itemListElement\":[{\"@type\":\"ListItem\",\"position\":1,\"name\":\"Home\",\"item\":\"https:\/\/mariabaydar.com\/uus\/\"},{\"@type\":\"ListItem\",\"position\":2,\"name\":\"E shop\",\"item\":\"https:\/\/mariabaydar.com\/uus\/pood\/\"},{\"@type\":\"ListItem\",\"position\":3,\"name\":\"Praktiline ps\u00fchholoogia igap\u00e4evaelus | Maria Baydar\"}]},{\"@type\":\"WebSite\",\"@id\":\"https:\/\/mariabaydar.com\/uus\/#website\",\"url\":\"https:\/\/mariabaydar.com\/uus\/\",\"name\":\"Maria Baydar\",\"description\":\"Koolitaja, heaolu strateeg, elustiili treener\",\"publisher\":{\"@id\":\"https:\/\/mariabaydar.com\/uus\/#organization\"},\"potentialAction\":[{\"@type\":\"SearchAction\",\"target\":{\"@type\":\"EntryPoint\",\"urlTemplate\":\"https:\/\/mariabaydar.com\/uus\/?s={search_term_string}\"},\"query-input\":\"required name=search_term_string\"}],\"inLanguage\":\"en\"},{\"@type\":\"Organization\",\"@id\":\"https:\/\/mariabaydar.com\/uus\/#organization\",\"name\":\"Maria Baydar\",\"url\":\"https:\/\/mariabaydar.com\/uus\/\",\"logo\":{\"@type\":\"ImageObject\",\"inLanguage\":\"en\",\"@id\":\"https:\/\/mariabaydar.com\/uus\/#\/schema\/logo\/image\/\",\"url\":\"https:\/\/mariabaydar.com\/uus\/wp-content\/uploads\/2022\/12\/logodark.png\",\"contentUrl\":\"https:\/\/mariabaydar.com\/uus\/wp-content\/uploads\/2022\/12\/logodark.png\",\"width\":903,\"height\":71,\"caption\":\"Maria Baydar\"},\"image\":{\"@id\":\"https:\/\/mariabaydar.com\/uus\/#\/schema\/logo\/image\/\"},\"sameAs\":[\"https:\/\/www.facebook.com\/IgapaevaneMaagia\",\"https:\/\/www.youtube.com\/channel\/UC-QV6MUEJz3vYYyJ_mFCRWQ\",\"https:\/\/www.instagram.com\/maria_baydar\/\"]}]}<\/script>\n<!-- \/ Yoast SEO plugin. -->","yoast_head_json":{"title":"Praktiline ps\u00fchholoogia igap\u00e4evaelus | Maria Baydar","description":"Rakenda praktilist teadmist oma elukvaliteedi m\u00e4rkimisv\u00e4\u00e4rseks t\u00f5stmiseks Maria Baydari poolt v\u00e4ljat\u00f6\u00f6tatud meetoditega.","robots":{"index":"index","follow":"follow","max-snippet":"max-snippet:-1","max-image-preview":"max-image-preview:large","max-video-preview":"max-video-preview:-1"},"canonical":"https:\/\/mariabaydar.com\/uus\/toode\/praktiline-psuhholoogia-igapaevaelus\/","og_locale":"en_US","og_type":"article","og_title":"Praktiline ps\u00fchholoogia igap\u00e4evaelus | Maria Baydar","og_description":"Rakenda praktilist teadmist oma elukvaliteedi m\u00e4rkimisv\u00e4\u00e4rseks t\u00f5stmiseks Maria Baydari poolt v\u00e4ljat\u00f6\u00f6tatud meetoditega.","og_url":"https:\/\/mariabaydar.com\/uus\/toode\/praktiline-psuhholoogia-igapaevaelus\/","og_site_name":"Maria Baydar","article_publisher":"https:\/\/www.facebook.com\/IgapaevaneMaagia","article_modified_time":"2023-07-27T14:43:22+00:00","og_image":[{"width":580,"height":420,"url":"https:\/\/mariabaydar.com\/uus\/wp-content\/uploads\/2022\/12\/50bef6_33e88f8e8c684e0bbc5b5f7ae2132bd9_mv2.webp","type":"image\/webp"}],"twitter_card":"summary_large_image","schema":{"@context":"https:\/\/schema.org","@graph":[{"@type":"WebPage","@id":"https:\/\/mariabaydar.com\/uus\/toode\/praktiline-psuhholoogia-igapaevaelus\/","url":"https:\/\/mariabaydar.com\/uus\/toode\/praktiline-psuhholoogia-igapaevaelus\/","name":"Praktiline ps\u00fchholoogia igap\u00e4evaelus | Maria Baydar","isPartOf":{"@id":"https:\/\/mariabaydar.com\/uus\/#website"},"datePublished":"2022-12-31T21:41:21+00:00","dateModified":"2023-07-27T14:43:22+00:00","description":"Rakenda praktilist teadmist oma elukvaliteedi m\u00e4rkimisv\u00e4\u00e4rseks t\u00f5stmiseks Maria Baydari poolt v\u00e4ljat\u00f6\u00f6tatud meetoditega.","breadcrumb":{"@id":"https:\/\/mariabaydar.com\/uus\/toode\/praktiline-psuhholoogia-igapaevaelus\/#breadcrumb"},"inLanguage":"en","potentialAction":[{"@type":"ReadAction","target":["https:\/\/mariabaydar.com\/uus\/toode\/praktiline-psuhholoogia-igapaevaelus\/"]}]},{"@type":"BreadcrumbList","@id":"https:\/\/mariabaydar.com\/uus\/toode\/praktiline-psuhholoogia-igapaevaelus\/#breadcrumb","itemListElement":[{"@type":"ListItem","position":1,"name":"Home","item":"https:\/\/mariabaydar.com\/uus\/"},{"@type":"ListItem","position":2,"name":"E shop","item":"https:\/\/mariabaydar.com\/uus\/pood\/"},{"@type":"ListItem","position":3,"name":"Praktiline ps\u00fchholoogia igap\u00e4evaelus | Maria Baydar"}]},{"@type":"WebSite","@id":"https:\/\/mariabaydar.com\/uus\/#website","url":"https:\/\/mariabaydar.com\/uus\/","name":"Maria Baydar","description":"Koolitaja, heaolu strateeg, elustiili treener","publisher":{"@id":"https:\/\/mariabaydar.com\/uus\/#organization"},"potentialAction":[{"@type":"SearchAction","target":{"@type":"EntryPoint","urlTemplate":"https:\/\/mariabaydar.com\/uus\/?s={search_term_string}"},"query-input":"required name=search_term_string"}],"inLanguage":"en"},{"@type":"Organization","@id":"https:\/\/mariabaydar.com\/uus\/#organization","name":"Maria Baydar","url":"https:\/\/mariabaydar.com\/uus\/","logo":{"@type":"ImageObject","inLanguage":"en","@id":"https:\/\/mariabaydar.com\/uus\/#\/schema\/logo\/image\/","url":"https:\/\/mariabaydar.com\/uus\/wp-content\/uploads\/2022\/12\/logodark.png","contentUrl":"https:\/\/mariabaydar.com\/uus\/wp-content\/uploads\/2022\/12\/logodark.png","width":903,"height":71,"caption":"Maria Baydar"},"image":{"@id":"https:\/\/mariabaydar.com\/uus\/#\/schema\/logo\/image\/"},"sameAs":["https:\/\/www.facebook.com\/IgapaevaneMaagia","https:\/\/www.youtube.com\/channel\/UC-QV6MUEJz3vYYyJ_mFCRWQ","https:\/\/www.instagram.com\/maria_baydar\/"]}]}},"_links":{"self":[{"href":"https:\/\/mariabaydar.com\/uus\/wp-json\/wp\/v2\/product\/729","targetHints":{"allow":["GET"]}}],"collection":[{"href":"https:\/\/mariabaydar.com\/uus\/wp-json\/wp\/v2\/product"}],"about":[{"href":"https:\/\/mariabaydar.com\/uus\/wp-json\/wp\/v2\/types\/product"}],"wp:featuredmedia":[{"embeddable":true,"href":"https:\/\/mariabaydar.com\/uus\/wp-json\/wp\/v2\/media\/730"}],"wp:attachment":[{"href":"https:\/\/mariabaydar.com\/uus\/wp-json\/wp\/v2\/media?parent=729"}],"wp:term":[{"taxonomy":"product_cat","embeddable":true,"href":"https:\/\/mariabaydar.com\/uus\/wp-json\/wp\/v2\/product_cat?post=729"},{"taxonomy":"product_tag","embeddable":true,"href":"https:\/\/mariabaydar.com\/uus\/wp-json\/wp\/v2\/product_tag?post=729"}],"curies":[{"name":"wp","href":"https:\/\/api.w.org\/{rel}","templated":true}]}}