{"id":731,"date":"2022-12-31T22:12:26","date_gmt":"2022-12-31T22:12:26","guid":{"rendered":"https:\/\/mariabaydar.com\/uus\/?post_type=product&#038;p=731"},"modified":"2023-10-01T11:42:21","modified_gmt":"2023-10-01T11:42:21","slug":"enesearmastuse-meistriklass","status":"publish","type":"product","link":"https:\/\/mariabaydar.com\/uus\/toode\/enesearmastuse-meistriklass\/","title":{"rendered":"Enesearmastuse meistriklass | Maria Baydar"},"content":{"rendered":"","protected":false},"excerpt":{"rendered":"<p>Iga enesearengu teekond algab selle k\u00f5ige t\u00e4htsama alust\u00f5ega: K\u00f5ik algab enesearmastusest.<\/p>\n<p>Enesearmastus on teema, millega iga inimene tegeleb terve oma elu. Sellest r\u00e4\u00e4gitakse v\u00e4ga palju, aga t\u00f5husaid lahendusi, mis igal inimesel toimiks justkui pole.<\/p>\n<p>&#8220;Enesearmastuse meistriklass&#8221; loengus \u00f5pid selgeks kasulikud nipid, kuidas oma piire austada, leida \u00fcles oma sisemine r\u00f5\u00f5m ja luua suurep\u00e4rast suhet iseenda ja teistega.<\/p>\n<p>Olenemata sellest, kas su elus on keerulised v\u00e4ljakutsed v\u00f5i soovid lihtsalt enda arengule keskenduda, see loeng annab sulle vajalikud vahendid ja inspiratsiooni, et astuda julgelt edasi omaenda armastuse teekonnal.<\/p>\n<p>Videoloengus \u00f5pid:<br \/>\n&#8211; mis on enesearmastus ja miks on nii oluline seda kasvatada<br \/>\n&#8211; oma piire austama, ennast kehtestama ja v\u00e4ljendama oma vajadusi<br \/>\n&#8211; tugevdama oma eneseusku ja enesekindlust<br \/>\n&#8211; ennast aktsepteerima sellisena nagu oled<br \/>\n&#8211; tugevad t\u00f6\u00f6riistad enda tervendamiseks ja enesearmastuse kasvatamiseks<\/p>\n<p>Kas oled valmis avastama s\u00fcgavamat armastust iseenda vastu?<\/p>\n<p>Videoloeng saadetakse tellija meilile 24h jooksul peale makse sooritamist.<\/p>\n","protected":false},"featured_media":1267,"template":"","meta":[],"product_cat":[25],"product_tag":[],"class_list":{"0":"post-731","1":"product","2":"type-product","3":"status-publish","4":"has-post-thumbnail","6":"product_cat-videoloengud","8":"first","9":"instock","10":"downloadable","11":"virtual","12":"purchasable","13":"product-type-simple"},"yoast_head":"<!-- This site is optimized with the Yoast SEO plugin v21.9.1 - https:\/\/yoast.com\/wordpress\/plugins\/seo\/ -->\n<title>Enesearmastuse meistriklass | Maria Baydar<\/title>\n<meta name=\"description\" content=\"Iga enesearengu teekond algab selle k\u00f5ige t\u00e4htsama alust\u00f5ega: K\u00f5ik algab enesearmastusest. Enesearmastus on teema, millega iga inimene tegeleb terve oma elu\" \/>\n<meta name=\"robots\" content=\"index, follow, max-snippet:-1, max-image-preview:large, max-video-preview:-1\" \/>\n<link rel=\"canonical\" href=\"https:\/\/mariabaydar.com\/uus\/toode\/enesearmastuse-meistriklass\/\" \/>\n<meta property=\"og:locale\" content=\"en_US\" \/>\n<meta property=\"og:type\" content=\"article\" \/>\n<meta property=\"og:title\" content=\"Enesearmastuse meistriklass | Maria Baydar\" \/>\n<meta property=\"og:description\" content=\"Iga enesearengu teekond algab selle k\u00f5ige t\u00e4htsama alust\u00f5ega: K\u00f5ik algab enesearmastusest. Enesearmastus on teema, millega iga inimene tegeleb terve oma elu\" \/>\n<meta property=\"og:url\" content=\"https:\/\/mariabaydar.com\/uus\/toode\/enesearmastuse-meistriklass\/\" \/>\n<meta property=\"og:site_name\" content=\"Maria Baydar\" \/>\n<meta property=\"article:publisher\" content=\"https:\/\/www.facebook.com\/IgapaevaneMaagia\" \/>\n<meta property=\"article:modified_time\" content=\"2023-10-01T11:42:21+00:00\" \/>\n<meta property=\"og:image\" content=\"https:\/\/mariabaydar.com\/uus\/wp-content\/uploads\/2023\/02\/Colorful-Bright-Ten-Recipe-Ideas-For-4th-of-July-Recipe-Ideas-Blogger-Instagram-Post-2-2.jpg\" \/>\n\t<meta property=\"og:image:width\" content=\"1200\" \/>\n\t<meta property=\"og:image:height\" content=\"1200\" \/>\n\t<meta property=\"og:image:type\" content=\"image\/jpeg\" \/>\n<meta name=\"twitter:card\" content=\"summary_large_image\" \/>\n<script type=\"application\/ld+json\" class=\"yoast-schema-graph\">{\"@context\":\"https:\/\/schema.org\",\"@graph\":[{\"@type\":\"WebPage\",\"@id\":\"https:\/\/mariabaydar.com\/uus\/toode\/enesearmastuse-meistriklass\/\",\"url\":\"https:\/\/mariabaydar.com\/uus\/toode\/enesearmastuse-meistriklass\/\",\"name\":\"Enesearmastuse meistriklass | Maria Baydar\",\"isPartOf\":{\"@id\":\"https:\/\/mariabaydar.com\/uus\/#website\"},\"datePublished\":\"2022-12-31T22:12:26+00:00\",\"dateModified\":\"2023-10-01T11:42:21+00:00\",\"description\":\"Iga enesearengu teekond algab selle k\u00f5ige t\u00e4htsama alust\u00f5ega: K\u00f5ik algab enesearmastusest. Enesearmastus on teema, millega iga inimene tegeleb terve oma elu\",\"breadcrumb\":{\"@id\":\"https:\/\/mariabaydar.com\/uus\/toode\/enesearmastuse-meistriklass\/#breadcrumb\"},\"inLanguage\":\"en\",\"potentialAction\":[{\"@type\":\"ReadAction\",\"target\":[\"https:\/\/mariabaydar.com\/uus\/toode\/enesearmastuse-meistriklass\/\"]}]},{\"@type\":\"BreadcrumbList\",\"@id\":\"https:\/\/mariabaydar.com\/uus\/toode\/enesearmastuse-meistriklass\/#breadcrumb\",\"itemListElement\":[{\"@type\":\"ListItem\",\"position\":1,\"name\":\"Home\",\"item\":\"https:\/\/mariabaydar.com\/uus\/\"},{\"@type\":\"ListItem\",\"position\":2,\"name\":\"E shop\",\"item\":\"https:\/\/mariabaydar.com\/uus\/pood\/\"},{\"@type\":\"ListItem\",\"position\":3,\"name\":\"Enesearmastuse meistriklass | Maria Baydar\"}]},{\"@type\":\"WebSite\",\"@id\":\"https:\/\/mariabaydar.com\/uus\/#website\",\"url\":\"https:\/\/mariabaydar.com\/uus\/\",\"name\":\"Maria Baydar\",\"description\":\"Koolitaja, heaolu strateeg, elustiili treener\",\"publisher\":{\"@id\":\"https:\/\/mariabaydar.com\/uus\/#organization\"},\"potentialAction\":[{\"@type\":\"SearchAction\",\"target\":{\"@type\":\"EntryPoint\",\"urlTemplate\":\"https:\/\/mariabaydar.com\/uus\/?s={search_term_string}\"},\"query-input\":\"required name=search_term_string\"}],\"inLanguage\":\"en\"},{\"@type\":\"Organization\",\"@id\":\"https:\/\/mariabaydar.com\/uus\/#organization\",\"name\":\"Maria Baydar\",\"url\":\"https:\/\/mariabaydar.com\/uus\/\",\"logo\":{\"@type\":\"ImageObject\",\"inLanguage\":\"en\",\"@id\":\"https:\/\/mariabaydar.com\/uus\/#\/schema\/logo\/image\/\",\"url\":\"https:\/\/mariabaydar.com\/uus\/wp-content\/uploads\/2022\/12\/logodark.png\",\"contentUrl\":\"https:\/\/mariabaydar.com\/uus\/wp-content\/uploads\/2022\/12\/logodark.png\",\"width\":903,\"height\":71,\"caption\":\"Maria Baydar\"},\"image\":{\"@id\":\"https:\/\/mariabaydar.com\/uus\/#\/schema\/logo\/image\/\"},\"sameAs\":[\"https:\/\/www.facebook.com\/IgapaevaneMaagia\",\"https:\/\/www.youtube.com\/channel\/UC-QV6MUEJz3vYYyJ_mFCRWQ\",\"https:\/\/www.instagram.com\/maria_baydar\/\"]}]}<\/script>\n<!-- \/ Yoast SEO plugin. -->","yoast_head_json":{"title":"Enesearmastuse meistriklass | Maria Baydar","description":"Iga enesearengu teekond algab selle k\u00f5ige t\u00e4htsama alust\u00f5ega: K\u00f5ik algab enesearmastusest. Enesearmastus on teema, millega iga inimene tegeleb terve oma elu","robots":{"index":"index","follow":"follow","max-snippet":"max-snippet:-1","max-image-preview":"max-image-preview:large","max-video-preview":"max-video-preview:-1"},"canonical":"https:\/\/mariabaydar.com\/uus\/toode\/enesearmastuse-meistriklass\/","og_locale":"en_US","og_type":"article","og_title":"Enesearmastuse meistriklass | Maria Baydar","og_description":"Iga enesearengu teekond algab selle k\u00f5ige t\u00e4htsama alust\u00f5ega: K\u00f5ik algab enesearmastusest. Enesearmastus on teema, millega iga inimene tegeleb terve oma elu","og_url":"https:\/\/mariabaydar.com\/uus\/toode\/enesearmastuse-meistriklass\/","og_site_name":"Maria Baydar","article_publisher":"https:\/\/www.facebook.com\/IgapaevaneMaagia","article_modified_time":"2023-10-01T11:42:21+00:00","og_image":[{"width":1200,"height":1200,"url":"https:\/\/mariabaydar.com\/uus\/wp-content\/uploads\/2023\/02\/Colorful-Bright-Ten-Recipe-Ideas-For-4th-of-July-Recipe-Ideas-Blogger-Instagram-Post-2-2.jpg","type":"image\/jpeg"}],"twitter_card":"summary_large_image","schema":{"@context":"https:\/\/schema.org","@graph":[{"@type":"WebPage","@id":"https:\/\/mariabaydar.com\/uus\/toode\/enesearmastuse-meistriklass\/","url":"https:\/\/mariabaydar.com\/uus\/toode\/enesearmastuse-meistriklass\/","name":"Enesearmastuse meistriklass | Maria Baydar","isPartOf":{"@id":"https:\/\/mariabaydar.com\/uus\/#website"},"datePublished":"2022-12-31T22:12:26+00:00","dateModified":"2023-10-01T11:42:21+00:00","description":"Iga enesearengu teekond algab selle k\u00f5ige t\u00e4htsama alust\u00f5ega: K\u00f5ik algab enesearmastusest. Enesearmastus on teema, millega iga inimene tegeleb terve oma elu","breadcrumb":{"@id":"https:\/\/mariabaydar.com\/uus\/toode\/enesearmastuse-meistriklass\/#breadcrumb"},"inLanguage":"en","potentialAction":[{"@type":"ReadAction","target":["https:\/\/mariabaydar.com\/uus\/toode\/enesearmastuse-meistriklass\/"]}]},{"@type":"BreadcrumbList","@id":"https:\/\/mariabaydar.com\/uus\/toode\/enesearmastuse-meistriklass\/#breadcrumb","itemListElement":[{"@type":"ListItem","position":1,"name":"Home","item":"https:\/\/mariabaydar.com\/uus\/"},{"@type":"ListItem","position":2,"name":"E shop","item":"https:\/\/mariabaydar.com\/uus\/pood\/"},{"@type":"ListItem","position":3,"name":"Enesearmastuse meistriklass | Maria Baydar"}]},{"@type":"WebSite","@id":"https:\/\/mariabaydar.com\/uus\/#website","url":"https:\/\/mariabaydar.com\/uus\/","name":"Maria Baydar","description":"Koolitaja, heaolu strateeg, elustiili treener","publisher":{"@id":"https:\/\/mariabaydar.com\/uus\/#organization"},"potentialAction":[{"@type":"SearchAction","target":{"@type":"EntryPoint","urlTemplate":"https:\/\/mariabaydar.com\/uus\/?s={search_term_string}"},"query-input":"required name=search_term_string"}],"inLanguage":"en"},{"@type":"Organization","@id":"https:\/\/mariabaydar.com\/uus\/#organization","name":"Maria Baydar","url":"https:\/\/mariabaydar.com\/uus\/","logo":{"@type":"ImageObject","inLanguage":"en","@id":"https:\/\/mariabaydar.com\/uus\/#\/schema\/logo\/image\/","url":"https:\/\/mariabaydar.com\/uus\/wp-content\/uploads\/2022\/12\/logodark.png","contentUrl":"https:\/\/mariabaydar.com\/uus\/wp-content\/uploads\/2022\/12\/logodark.png","width":903,"height":71,"caption":"Maria Baydar"},"image":{"@id":"https:\/\/mariabaydar.com\/uus\/#\/schema\/logo\/image\/"},"sameAs":["https:\/\/www.facebook.com\/IgapaevaneMaagia","https:\/\/www.youtube.com\/channel\/UC-QV6MUEJz3vYYyJ_mFCRWQ","https:\/\/www.instagram.com\/maria_baydar\/"]}]}},"_links":{"self":[{"href":"https:\/\/mariabaydar.com\/uus\/wp-json\/wp\/v2\/product\/731","targetHints":{"allow":["GET"]}}],"collection":[{"href":"https:\/\/mariabaydar.com\/uus\/wp-json\/wp\/v2\/product"}],"about":[{"href":"https:\/\/mariabaydar.com\/uus\/wp-json\/wp\/v2\/types\/product"}],"wp:featuredmedia":[{"embeddable":true,"href":"https:\/\/mariabaydar.com\/uus\/wp-json\/wp\/v2\/media\/1267"}],"wp:attachment":[{"href":"https:\/\/mariabaydar.com\/uus\/wp-json\/wp\/v2\/media?parent=731"}],"wp:term":[{"taxonomy":"product_cat","embeddable":true,"href":"https:\/\/mariabaydar.com\/uus\/wp-json\/wp\/v2\/product_cat?post=731"},{"taxonomy":"product_tag","embeddable":true,"href":"https:\/\/mariabaydar.com\/uus\/wp-json\/wp\/v2\/product_tag?post=731"}],"curies":[{"name":"wp","href":"https:\/\/api.w.org\/{rel}","templated":true}]}}