{"id":732,"date":"2022-12-31T22:15:33","date_gmt":"2022-12-31T22:15:33","guid":{"rendered":"https:\/\/mariabaydar.com\/uus\/?post_type=product&#038;p=732"},"modified":"2023-10-01T11:51:30","modified_gmt":"2023-10-01T11:51:30","slug":"teadliku-ja-tulemusliku-loomise-votmed","status":"publish","type":"product","link":"https:\/\/mariabaydar.com\/uus\/toode\/teadliku-ja-tulemusliku-loomise-votmed\/","title":{"rendered":"Teadliku ja tulemusliku loomise v\u00f5tmed | Maria Baydar"},"content":{"rendered":"","protected":false},"excerpt":{"rendered":"<p>Loomine on salap\u00e4rane protsess, mis toimub igal hetkel. Iga tegu, s\u00f5na, m\u00f5te, otsus ja valik loob sinu reaalsust. Me oleme pidevas loomises \u2013 ebateadlikult ja teadlikult. Loomisprotsess ei l\u00f5pe iial.<\/p>\n<p>Olgu siis tegu isikliku eesm\u00e4rgi saavutamise v\u00f5i ettev\u00f5tte edu tagamisega &#8211; teadlikkus ja tulemuslikkus on m\u00e4rks\u00f5nad, mis juhatavad \u00f5igele teele. Just teadlik loomine on see, mis annab visioonile j\u00f5u ja suuna ning tulemuslikkus paneb meie unistused teostuma.<\/p>\n<p>Videoloengus \u00f5pid, kuidas:<br \/>\n&#8211; kasutada manifesteerimise efektiivseid nippe unistuste saavutamiseks<br \/>\n&#8211; lahti lasta sisemistest ja v\u00e4listest takistajatest, mis ei lase sul luua t\u00f5eliselt \u00f5nnelikku elu<br \/>\n&#8211; aru saada, mida sa p\u00e4riselt elus teha soovid<br \/>\n&#8211; kujundada toetavate ja kasulike harjumuste s\u00fcsteem<br \/>\n&#8211; leida oma elu missioon <\/p>\n<p>Kas kujutad ette, kui palju v\u00f5ib ebateadlik loomine sinu elu kahjustavalt m\u00f5jutada? Kas ja kui palju saab inimene m\u00f5jutada oma saatust? Luua seda, mida ta t\u00f5eliselt ihkab? Kas see on v\u00f5imalik? Kui jah, siis kuidas seda teha?<\/p>\n<p>Nendele ja paljudele teistele olulistele k\u00fcsimustele saad vastuse videoloengust.<\/p>\n<p>Videoloeng saadetakse tellija meilile 24h jooksul peale makse sooritamist.<\/p>\n","protected":false},"featured_media":1270,"template":"","meta":[],"product_cat":[25],"product_tag":[],"class_list":{"0":"post-732","1":"product","2":"type-product","3":"status-publish","4":"has-post-thumbnail","6":"product_cat-videoloengud","8":"first","9":"instock","10":"sale","11":"downloadable","12":"virtual","13":"purchasable","14":"product-type-simple"},"yoast_head":"<!-- This site is optimized with the Yoast SEO plugin v21.9.1 - https:\/\/yoast.com\/wordpress\/plugins\/seo\/ -->\n<title>Teadliku ja tulemusliku loomise v\u00f5tmed | Maria Baydar<\/title>\n<meta name=\"description\" content=\"Loomine - salap\u00e4rane protsess, mis toimub igal hetkel. Iga tegu, s\u00f5na, m\u00f5te, otsus ja valik loob sinu reaalsust.\" \/>\n<meta name=\"robots\" content=\"index, follow, max-snippet:-1, max-image-preview:large, max-video-preview:-1\" \/>\n<link rel=\"canonical\" href=\"https:\/\/mariabaydar.com\/uus\/toode\/teadliku-ja-tulemusliku-loomise-votmed\/\" \/>\n<meta property=\"og:locale\" content=\"en_US\" \/>\n<meta property=\"og:type\" content=\"article\" \/>\n<meta property=\"og:title\" content=\"Teadliku ja tulemusliku loomise v\u00f5tmed | Maria Baydar\" \/>\n<meta property=\"og:description\" content=\"Loomine - salap\u00e4rane protsess, mis toimub igal hetkel. Iga tegu, s\u00f5na, m\u00f5te, otsus ja valik loob sinu reaalsust.\" \/>\n<meta property=\"og:url\" content=\"https:\/\/mariabaydar.com\/uus\/toode\/teadliku-ja-tulemusliku-loomise-votmed\/\" \/>\n<meta property=\"og:site_name\" content=\"Maria Baydar\" \/>\n<meta property=\"article:publisher\" content=\"https:\/\/www.facebook.com\/IgapaevaneMaagia\" \/>\n<meta property=\"article:modified_time\" content=\"2023-10-01T11:51:30+00:00\" \/>\n<meta property=\"og:image\" content=\"https:\/\/mariabaydar.com\/uus\/wp-content\/uploads\/2023\/02\/Colorful-Bright-Ten-Recipe-Ideas-For-4th-of-July-Recipe-Ideas-Blogger-Instagram-Post-2-5.jpg\" \/>\n\t<meta property=\"og:image:width\" content=\"1200\" \/>\n\t<meta property=\"og:image:height\" content=\"1200\" \/>\n\t<meta property=\"og:image:type\" content=\"image\/jpeg\" \/>\n<meta name=\"twitter:card\" content=\"summary_large_image\" \/>\n<script type=\"application\/ld+json\" class=\"yoast-schema-graph\">{\"@context\":\"https:\/\/schema.org\",\"@graph\":[{\"@type\":\"WebPage\",\"@id\":\"https:\/\/mariabaydar.com\/uus\/toode\/teadliku-ja-tulemusliku-loomise-votmed\/\",\"url\":\"https:\/\/mariabaydar.com\/uus\/toode\/teadliku-ja-tulemusliku-loomise-votmed\/\",\"name\":\"Teadliku ja tulemusliku loomise v\u00f5tmed | Maria Baydar\",\"isPartOf\":{\"@id\":\"https:\/\/mariabaydar.com\/uus\/#website\"},\"datePublished\":\"2022-12-31T22:15:33+00:00\",\"dateModified\":\"2023-10-01T11:51:30+00:00\",\"description\":\"Loomine - salap\u00e4rane protsess, mis toimub igal hetkel. Iga tegu, s\u00f5na, m\u00f5te, otsus ja valik loob sinu reaalsust.\",\"breadcrumb\":{\"@id\":\"https:\/\/mariabaydar.com\/uus\/toode\/teadliku-ja-tulemusliku-loomise-votmed\/#breadcrumb\"},\"inLanguage\":\"en\",\"potentialAction\":[{\"@type\":\"ReadAction\",\"target\":[\"https:\/\/mariabaydar.com\/uus\/toode\/teadliku-ja-tulemusliku-loomise-votmed\/\"]}]},{\"@type\":\"BreadcrumbList\",\"@id\":\"https:\/\/mariabaydar.com\/uus\/toode\/teadliku-ja-tulemusliku-loomise-votmed\/#breadcrumb\",\"itemListElement\":[{\"@type\":\"ListItem\",\"position\":1,\"name\":\"Home\",\"item\":\"https:\/\/mariabaydar.com\/uus\/\"},{\"@type\":\"ListItem\",\"position\":2,\"name\":\"E shop\",\"item\":\"https:\/\/mariabaydar.com\/uus\/pood\/\"},{\"@type\":\"ListItem\",\"position\":3,\"name\":\"Teadliku ja tulemusliku loomise v\u00f5tmed | Maria Baydar\"}]},{\"@type\":\"WebSite\",\"@id\":\"https:\/\/mariabaydar.com\/uus\/#website\",\"url\":\"https:\/\/mariabaydar.com\/uus\/\",\"name\":\"Maria Baydar\",\"description\":\"Koolitaja, heaolu strateeg, elustiili treener\",\"publisher\":{\"@id\":\"https:\/\/mariabaydar.com\/uus\/#organization\"},\"potentialAction\":[{\"@type\":\"SearchAction\",\"target\":{\"@type\":\"EntryPoint\",\"urlTemplate\":\"https:\/\/mariabaydar.com\/uus\/?s={search_term_string}\"},\"query-input\":\"required name=search_term_string\"}],\"inLanguage\":\"en\"},{\"@type\":\"Organization\",\"@id\":\"https:\/\/mariabaydar.com\/uus\/#organization\",\"name\":\"Maria Baydar\",\"url\":\"https:\/\/mariabaydar.com\/uus\/\",\"logo\":{\"@type\":\"ImageObject\",\"inLanguage\":\"en\",\"@id\":\"https:\/\/mariabaydar.com\/uus\/#\/schema\/logo\/image\/\",\"url\":\"https:\/\/mariabaydar.com\/uus\/wp-content\/uploads\/2022\/12\/logodark.png\",\"contentUrl\":\"https:\/\/mariabaydar.com\/uus\/wp-content\/uploads\/2022\/12\/logodark.png\",\"width\":903,\"height\":71,\"caption\":\"Maria Baydar\"},\"image\":{\"@id\":\"https:\/\/mariabaydar.com\/uus\/#\/schema\/logo\/image\/\"},\"sameAs\":[\"https:\/\/www.facebook.com\/IgapaevaneMaagia\",\"https:\/\/www.youtube.com\/channel\/UC-QV6MUEJz3vYYyJ_mFCRWQ\",\"https:\/\/www.instagram.com\/maria_baydar\/\"]}]}<\/script>\n<!-- \/ Yoast SEO plugin. -->","yoast_head_json":{"title":"Teadliku ja tulemusliku loomise v\u00f5tmed | Maria Baydar","description":"Loomine - salap\u00e4rane protsess, mis toimub igal hetkel. Iga tegu, s\u00f5na, m\u00f5te, otsus ja valik loob sinu reaalsust.","robots":{"index":"index","follow":"follow","max-snippet":"max-snippet:-1","max-image-preview":"max-image-preview:large","max-video-preview":"max-video-preview:-1"},"canonical":"https:\/\/mariabaydar.com\/uus\/toode\/teadliku-ja-tulemusliku-loomise-votmed\/","og_locale":"en_US","og_type":"article","og_title":"Teadliku ja tulemusliku loomise v\u00f5tmed | Maria Baydar","og_description":"Loomine - salap\u00e4rane protsess, mis toimub igal hetkel. Iga tegu, s\u00f5na, m\u00f5te, otsus ja valik loob sinu reaalsust.","og_url":"https:\/\/mariabaydar.com\/uus\/toode\/teadliku-ja-tulemusliku-loomise-votmed\/","og_site_name":"Maria Baydar","article_publisher":"https:\/\/www.facebook.com\/IgapaevaneMaagia","article_modified_time":"2023-10-01T11:51:30+00:00","og_image":[{"width":1200,"height":1200,"url":"https:\/\/mariabaydar.com\/uus\/wp-content\/uploads\/2023\/02\/Colorful-Bright-Ten-Recipe-Ideas-For-4th-of-July-Recipe-Ideas-Blogger-Instagram-Post-2-5.jpg","type":"image\/jpeg"}],"twitter_card":"summary_large_image","schema":{"@context":"https:\/\/schema.org","@graph":[{"@type":"WebPage","@id":"https:\/\/mariabaydar.com\/uus\/toode\/teadliku-ja-tulemusliku-loomise-votmed\/","url":"https:\/\/mariabaydar.com\/uus\/toode\/teadliku-ja-tulemusliku-loomise-votmed\/","name":"Teadliku ja tulemusliku loomise v\u00f5tmed | Maria Baydar","isPartOf":{"@id":"https:\/\/mariabaydar.com\/uus\/#website"},"datePublished":"2022-12-31T22:15:33+00:00","dateModified":"2023-10-01T11:51:30+00:00","description":"Loomine - salap\u00e4rane protsess, mis toimub igal hetkel. Iga tegu, s\u00f5na, m\u00f5te, otsus ja valik loob sinu reaalsust.","breadcrumb":{"@id":"https:\/\/mariabaydar.com\/uus\/toode\/teadliku-ja-tulemusliku-loomise-votmed\/#breadcrumb"},"inLanguage":"en","potentialAction":[{"@type":"ReadAction","target":["https:\/\/mariabaydar.com\/uus\/toode\/teadliku-ja-tulemusliku-loomise-votmed\/"]}]},{"@type":"BreadcrumbList","@id":"https:\/\/mariabaydar.com\/uus\/toode\/teadliku-ja-tulemusliku-loomise-votmed\/#breadcrumb","itemListElement":[{"@type":"ListItem","position":1,"name":"Home","item":"https:\/\/mariabaydar.com\/uus\/"},{"@type":"ListItem","position":2,"name":"E shop","item":"https:\/\/mariabaydar.com\/uus\/pood\/"},{"@type":"ListItem","position":3,"name":"Teadliku ja tulemusliku loomise v\u00f5tmed | Maria Baydar"}]},{"@type":"WebSite","@id":"https:\/\/mariabaydar.com\/uus\/#website","url":"https:\/\/mariabaydar.com\/uus\/","name":"Maria Baydar","description":"Koolitaja, heaolu strateeg, elustiili treener","publisher":{"@id":"https:\/\/mariabaydar.com\/uus\/#organization"},"potentialAction":[{"@type":"SearchAction","target":{"@type":"EntryPoint","urlTemplate":"https:\/\/mariabaydar.com\/uus\/?s={search_term_string}"},"query-input":"required name=search_term_string"}],"inLanguage":"en"},{"@type":"Organization","@id":"https:\/\/mariabaydar.com\/uus\/#organization","name":"Maria Baydar","url":"https:\/\/mariabaydar.com\/uus\/","logo":{"@type":"ImageObject","inLanguage":"en","@id":"https:\/\/mariabaydar.com\/uus\/#\/schema\/logo\/image\/","url":"https:\/\/mariabaydar.com\/uus\/wp-content\/uploads\/2022\/12\/logodark.png","contentUrl":"https:\/\/mariabaydar.com\/uus\/wp-content\/uploads\/2022\/12\/logodark.png","width":903,"height":71,"caption":"Maria Baydar"},"image":{"@id":"https:\/\/mariabaydar.com\/uus\/#\/schema\/logo\/image\/"},"sameAs":["https:\/\/www.facebook.com\/IgapaevaneMaagia","https:\/\/www.youtube.com\/channel\/UC-QV6MUEJz3vYYyJ_mFCRWQ","https:\/\/www.instagram.com\/maria_baydar\/"]}]}},"_links":{"self":[{"href":"https:\/\/mariabaydar.com\/uus\/wp-json\/wp\/v2\/product\/732","targetHints":{"allow":["GET"]}}],"collection":[{"href":"https:\/\/mariabaydar.com\/uus\/wp-json\/wp\/v2\/product"}],"about":[{"href":"https:\/\/mariabaydar.com\/uus\/wp-json\/wp\/v2\/types\/product"}],"wp:featuredmedia":[{"embeddable":true,"href":"https:\/\/mariabaydar.com\/uus\/wp-json\/wp\/v2\/media\/1270"}],"wp:attachment":[{"href":"https:\/\/mariabaydar.com\/uus\/wp-json\/wp\/v2\/media?parent=732"}],"wp:term":[{"taxonomy":"product_cat","embeddable":true,"href":"https:\/\/mariabaydar.com\/uus\/wp-json\/wp\/v2\/product_cat?post=732"},{"taxonomy":"product_tag","embeddable":true,"href":"https:\/\/mariabaydar.com\/uus\/wp-json\/wp\/v2\/product_tag?post=732"}],"curies":[{"name":"wp","href":"https:\/\/api.w.org\/{rel}","templated":true}]}}