{"id":734,"date":"2022-12-31T22:20:16","date_gmt":"2022-12-31T22:20:16","guid":{"rendered":"https:\/\/mariabaydar.com\/uus\/?post_type=product&#038;p=734"},"modified":"2023-10-01T11:45:26","modified_gmt":"2023-10-01T11:45:26","slug":"murra-labi-sisemistest-takistustest-maria-baydar","status":"publish","type":"product","link":"https:\/\/mariabaydar.com\/uus\/toode\/murra-labi-sisemistest-takistustest-maria-baydar\/","title":{"rendered":"Murra l\u00e4bi sisemistest takistustest | Maria Baydar"},"content":{"rendered":"","protected":false},"excerpt":{"rendered":"<p>Kas oled kunagi tundnud, et teatud takistused hoiavad sind tagasi? \u00dcksk\u00f5ik, mida sa ka ei prooviks, sinu sees v\u00f5i v\u00e4ljaspool sind tulevad alati ette mingid probleemid!<\/p>\n<p>Oleme k\u00f5ik ilmselt elus kogenud hetki, kus meie sisemised hirmud, kahtlused v\u00f5i minevikust tulenevad m\u00f5jud on pidurdanud meie arengut v\u00f5i valikuid elus.<\/p>\n<p>Videoloeng &#8220;Murra l\u00e4bi sisemistest takistustest&#8221; viib sind teema tuumani ja annab sulle vajalikud vahendid, et neid takistusi \u00fcletada. K\u00e4esolev loeng \u00f5petab sind enda sisemaailma korrastama ja juhtima nii, et saavutaksid k\u00f5ik, mida soovid!<\/p>\n<p>Videoloengus saad teada, kuidas:<br \/>\n&#8211; juhtida oma sisemaailma teadlikult<br \/>\n&#8211; saavutada elus suurep\u00e4raseid tulemusi<br \/>\n&#8211; korrastada ja juhtida igat eluvaldkonda<br \/>\n&#8211; vabaneda emotsionaalsetest takistustest<br \/>\n&#8211; leida motivatsiooni<br \/>\n&#8211; suurendada oma tahet<br \/>\n&#8211; k\u00fcsida endalt \u00f5igeid k\u00fcsimusi, et programmeerida oma aju l\u00e4bimurdeni<br \/>\n&#8211; kasutada v\u00f5imsaid praktilise ps\u00fchholoogia t\u00f6\u00f6riistu jpm.<\/p>\n<p>Teadliku enesejuhtimise tulemusel, ei j\u00e4\u00e4 \u00fckski v\u00e4ljakutse ega takistus \u00fcletamatuks.<\/p>\n<p>Videoloeng saadetakse tellija meilile 24h jooksul peale makse sooritamist.<\/p>\n","protected":false},"featured_media":735,"template":"","meta":[],"product_cat":[25],"product_tag":[],"class_list":{"0":"post-734","1":"product","2":"type-product","3":"status-publish","4":"has-post-thumbnail","6":"product_cat-videoloengud","8":"first","9":"instock","10":"sale","11":"downloadable","12":"virtual","13":"purchasable","14":"product-type-simple"},"yoast_head":"<!-- This site is optimized with the Yoast SEO plugin v21.9.1 - https:\/\/yoast.com\/wordpress\/plugins\/seo\/ -->\n<title>Murra l\u00e4bi sisemistest takistustest | Maria Baydar<\/title>\n<meta name=\"description\" content=\"Omanda enesejuhtimise meisterteadmised ja pane need praktikasse! Teadliku enesejuhtimise tulemusel, ei j\u00e4\u00e4 \u00fckski v\u00e4ljakutse ega takistus \u00fcletamatuks.\" \/>\n<meta name=\"robots\" content=\"index, follow, max-snippet:-1, max-image-preview:large, max-video-preview:-1\" \/>\n<link rel=\"canonical\" href=\"https:\/\/mariabaydar.com\/uus\/toode\/murra-labi-sisemistest-takistustest-maria-baydar\/\" \/>\n<meta property=\"og:locale\" content=\"en_US\" \/>\n<meta property=\"og:type\" content=\"article\" \/>\n<meta property=\"og:title\" content=\"Murra l\u00e4bi sisemistest takistustest | Maria Baydar\" \/>\n<meta property=\"og:description\" content=\"Omanda enesejuhtimise meisterteadmised ja pane need praktikasse! Teadliku enesejuhtimise tulemusel, ei j\u00e4\u00e4 \u00fckski v\u00e4ljakutse ega takistus \u00fcletamatuks.\" \/>\n<meta property=\"og:url\" content=\"https:\/\/mariabaydar.com\/uus\/toode\/murra-labi-sisemistest-takistustest-maria-baydar\/\" \/>\n<meta property=\"og:site_name\" content=\"Maria Baydar\" \/>\n<meta property=\"article:publisher\" content=\"https:\/\/www.facebook.com\/IgapaevaneMaagia\" \/>\n<meta property=\"article:modified_time\" content=\"2023-10-01T11:45:26+00:00\" \/>\n<meta property=\"og:image\" content=\"https:\/\/mariabaydar.com\/uus\/wp-content\/uploads\/2022\/12\/50bef6_f496f87dbe674d758eee2a94e3812ed1_mv2.webp\" \/>\n\t<meta property=\"og:image:width\" content=\"580\" \/>\n\t<meta property=\"og:image:height\" content=\"420\" \/>\n\t<meta property=\"og:image:type\" content=\"image\/webp\" \/>\n<meta name=\"twitter:card\" content=\"summary_large_image\" \/>\n<script type=\"application\/ld+json\" class=\"yoast-schema-graph\">{\"@context\":\"https:\/\/schema.org\",\"@graph\":[{\"@type\":\"WebPage\",\"@id\":\"https:\/\/mariabaydar.com\/uus\/toode\/murra-labi-sisemistest-takistustest-maria-baydar\/\",\"url\":\"https:\/\/mariabaydar.com\/uus\/toode\/murra-labi-sisemistest-takistustest-maria-baydar\/\",\"name\":\"Murra l\u00e4bi sisemistest takistustest | Maria Baydar\",\"isPartOf\":{\"@id\":\"https:\/\/mariabaydar.com\/uus\/#website\"},\"datePublished\":\"2022-12-31T22:20:16+00:00\",\"dateModified\":\"2023-10-01T11:45:26+00:00\",\"description\":\"Omanda enesejuhtimise meisterteadmised ja pane need praktikasse! Teadliku enesejuhtimise tulemusel, ei j\u00e4\u00e4 \u00fckski v\u00e4ljakutse ega takistus \u00fcletamatuks.\",\"breadcrumb\":{\"@id\":\"https:\/\/mariabaydar.com\/uus\/toode\/murra-labi-sisemistest-takistustest-maria-baydar\/#breadcrumb\"},\"inLanguage\":\"en\",\"potentialAction\":[{\"@type\":\"ReadAction\",\"target\":[\"https:\/\/mariabaydar.com\/uus\/toode\/murra-labi-sisemistest-takistustest-maria-baydar\/\"]}]},{\"@type\":\"BreadcrumbList\",\"@id\":\"https:\/\/mariabaydar.com\/uus\/toode\/murra-labi-sisemistest-takistustest-maria-baydar\/#breadcrumb\",\"itemListElement\":[{\"@type\":\"ListItem\",\"position\":1,\"name\":\"Home\",\"item\":\"https:\/\/mariabaydar.com\/uus\/\"},{\"@type\":\"ListItem\",\"position\":2,\"name\":\"E shop\",\"item\":\"https:\/\/mariabaydar.com\/uus\/pood\/\"},{\"@type\":\"ListItem\",\"position\":3,\"name\":\"Murra l\u00e4bi sisemistest takistustest | Maria Baydar\"}]},{\"@type\":\"WebSite\",\"@id\":\"https:\/\/mariabaydar.com\/uus\/#website\",\"url\":\"https:\/\/mariabaydar.com\/uus\/\",\"name\":\"Maria Baydar\",\"description\":\"Koolitaja, heaolu strateeg, elustiili treener\",\"publisher\":{\"@id\":\"https:\/\/mariabaydar.com\/uus\/#organization\"},\"potentialAction\":[{\"@type\":\"SearchAction\",\"target\":{\"@type\":\"EntryPoint\",\"urlTemplate\":\"https:\/\/mariabaydar.com\/uus\/?s={search_term_string}\"},\"query-input\":\"required name=search_term_string\"}],\"inLanguage\":\"en\"},{\"@type\":\"Organization\",\"@id\":\"https:\/\/mariabaydar.com\/uus\/#organization\",\"name\":\"Maria Baydar\",\"url\":\"https:\/\/mariabaydar.com\/uus\/\",\"logo\":{\"@type\":\"ImageObject\",\"inLanguage\":\"en\",\"@id\":\"https:\/\/mariabaydar.com\/uus\/#\/schema\/logo\/image\/\",\"url\":\"https:\/\/mariabaydar.com\/uus\/wp-content\/uploads\/2022\/12\/logodark.png\",\"contentUrl\":\"https:\/\/mariabaydar.com\/uus\/wp-content\/uploads\/2022\/12\/logodark.png\",\"width\":903,\"height\":71,\"caption\":\"Maria Baydar\"},\"image\":{\"@id\":\"https:\/\/mariabaydar.com\/uus\/#\/schema\/logo\/image\/\"},\"sameAs\":[\"https:\/\/www.facebook.com\/IgapaevaneMaagia\",\"https:\/\/www.youtube.com\/channel\/UC-QV6MUEJz3vYYyJ_mFCRWQ\",\"https:\/\/www.instagram.com\/maria_baydar\/\"]}]}<\/script>\n<!-- \/ Yoast SEO plugin. -->","yoast_head_json":{"title":"Murra l\u00e4bi sisemistest takistustest | Maria Baydar","description":"Omanda enesejuhtimise meisterteadmised ja pane need praktikasse! Teadliku enesejuhtimise tulemusel, ei j\u00e4\u00e4 \u00fckski v\u00e4ljakutse ega takistus \u00fcletamatuks.","robots":{"index":"index","follow":"follow","max-snippet":"max-snippet:-1","max-image-preview":"max-image-preview:large","max-video-preview":"max-video-preview:-1"},"canonical":"https:\/\/mariabaydar.com\/uus\/toode\/murra-labi-sisemistest-takistustest-maria-baydar\/","og_locale":"en_US","og_type":"article","og_title":"Murra l\u00e4bi sisemistest takistustest | Maria Baydar","og_description":"Omanda enesejuhtimise meisterteadmised ja pane need praktikasse! Teadliku enesejuhtimise tulemusel, ei j\u00e4\u00e4 \u00fckski v\u00e4ljakutse ega takistus \u00fcletamatuks.","og_url":"https:\/\/mariabaydar.com\/uus\/toode\/murra-labi-sisemistest-takistustest-maria-baydar\/","og_site_name":"Maria Baydar","article_publisher":"https:\/\/www.facebook.com\/IgapaevaneMaagia","article_modified_time":"2023-10-01T11:45:26+00:00","og_image":[{"width":580,"height":420,"url":"https:\/\/mariabaydar.com\/uus\/wp-content\/uploads\/2022\/12\/50bef6_f496f87dbe674d758eee2a94e3812ed1_mv2.webp","type":"image\/webp"}],"twitter_card":"summary_large_image","schema":{"@context":"https:\/\/schema.org","@graph":[{"@type":"WebPage","@id":"https:\/\/mariabaydar.com\/uus\/toode\/murra-labi-sisemistest-takistustest-maria-baydar\/","url":"https:\/\/mariabaydar.com\/uus\/toode\/murra-labi-sisemistest-takistustest-maria-baydar\/","name":"Murra l\u00e4bi sisemistest takistustest | Maria Baydar","isPartOf":{"@id":"https:\/\/mariabaydar.com\/uus\/#website"},"datePublished":"2022-12-31T22:20:16+00:00","dateModified":"2023-10-01T11:45:26+00:00","description":"Omanda enesejuhtimise meisterteadmised ja pane need praktikasse! Teadliku enesejuhtimise tulemusel, ei j\u00e4\u00e4 \u00fckski v\u00e4ljakutse ega takistus \u00fcletamatuks.","breadcrumb":{"@id":"https:\/\/mariabaydar.com\/uus\/toode\/murra-labi-sisemistest-takistustest-maria-baydar\/#breadcrumb"},"inLanguage":"en","potentialAction":[{"@type":"ReadAction","target":["https:\/\/mariabaydar.com\/uus\/toode\/murra-labi-sisemistest-takistustest-maria-baydar\/"]}]},{"@type":"BreadcrumbList","@id":"https:\/\/mariabaydar.com\/uus\/toode\/murra-labi-sisemistest-takistustest-maria-baydar\/#breadcrumb","itemListElement":[{"@type":"ListItem","position":1,"name":"Home","item":"https:\/\/mariabaydar.com\/uus\/"},{"@type":"ListItem","position":2,"name":"E shop","item":"https:\/\/mariabaydar.com\/uus\/pood\/"},{"@type":"ListItem","position":3,"name":"Murra l\u00e4bi sisemistest takistustest | Maria Baydar"}]},{"@type":"WebSite","@id":"https:\/\/mariabaydar.com\/uus\/#website","url":"https:\/\/mariabaydar.com\/uus\/","name":"Maria Baydar","description":"Koolitaja, heaolu strateeg, elustiili treener","publisher":{"@id":"https:\/\/mariabaydar.com\/uus\/#organization"},"potentialAction":[{"@type":"SearchAction","target":{"@type":"EntryPoint","urlTemplate":"https:\/\/mariabaydar.com\/uus\/?s={search_term_string}"},"query-input":"required name=search_term_string"}],"inLanguage":"en"},{"@type":"Organization","@id":"https:\/\/mariabaydar.com\/uus\/#organization","name":"Maria Baydar","url":"https:\/\/mariabaydar.com\/uus\/","logo":{"@type":"ImageObject","inLanguage":"en","@id":"https:\/\/mariabaydar.com\/uus\/#\/schema\/logo\/image\/","url":"https:\/\/mariabaydar.com\/uus\/wp-content\/uploads\/2022\/12\/logodark.png","contentUrl":"https:\/\/mariabaydar.com\/uus\/wp-content\/uploads\/2022\/12\/logodark.png","width":903,"height":71,"caption":"Maria Baydar"},"image":{"@id":"https:\/\/mariabaydar.com\/uus\/#\/schema\/logo\/image\/"},"sameAs":["https:\/\/www.facebook.com\/IgapaevaneMaagia","https:\/\/www.youtube.com\/channel\/UC-QV6MUEJz3vYYyJ_mFCRWQ","https:\/\/www.instagram.com\/maria_baydar\/"]}]}},"_links":{"self":[{"href":"https:\/\/mariabaydar.com\/uus\/wp-json\/wp\/v2\/product\/734","targetHints":{"allow":["GET"]}}],"collection":[{"href":"https:\/\/mariabaydar.com\/uus\/wp-json\/wp\/v2\/product"}],"about":[{"href":"https:\/\/mariabaydar.com\/uus\/wp-json\/wp\/v2\/types\/product"}],"wp:featuredmedia":[{"embeddable":true,"href":"https:\/\/mariabaydar.com\/uus\/wp-json\/wp\/v2\/media\/735"}],"wp:attachment":[{"href":"https:\/\/mariabaydar.com\/uus\/wp-json\/wp\/v2\/media?parent=734"}],"wp:term":[{"taxonomy":"product_cat","embeddable":true,"href":"https:\/\/mariabaydar.com\/uus\/wp-json\/wp\/v2\/product_cat?post=734"},{"taxonomy":"product_tag","embeddable":true,"href":"https:\/\/mariabaydar.com\/uus\/wp-json\/wp\/v2\/product_tag?post=734"}],"curies":[{"name":"wp","href":"https:\/\/api.w.org\/{rel}","templated":true}]}}