{"id":736,"date":"2022-12-31T22:33:13","date_gmt":"2022-12-31T22:33:13","guid":{"rendered":"https:\/\/mariabaydar.com\/uus\/?post_type=product&#038;p=736"},"modified":"2023-10-01T11:41:20","modified_gmt":"2023-10-01T11:41:20","slug":"avasta-oma-varjukulg-ja-peidetud-potentsiaal-maria-baydar","status":"publish","type":"product","link":"https:\/\/mariabaydar.com\/uus\/toode\/avasta-oma-varjukulg-ja-peidetud-potentsiaal-maria-baydar\/","title":{"rendered":"Avasta oma Varjuk\u00fclg ja peidetud potentsiaal | Maria Baydar"},"content":{"rendered":"","protected":false},"excerpt":{"rendered":"<p>Varjuk\u00fclje avastamine &#8211; p\u00f5nev ja intrigeeriv teekond inimese ps\u00fc\u00fchika s\u00fcgavustesse!<\/p>\n<p>Kas oled kunagi m\u00f5elnud, mis toimub sinu m\u00f5tete ja emotsioonide tumedamas nurgas?<\/p>\n<p>Meis k\u00f5igis on olemas nii valguse kui ka varju pool. Ainulaadne Meistert\u00f6\u00f6tuba Varju V\u00e4est pakub sulle v\u00f5imalust uurida oma tumedamat poolt. Varjuk\u00fclje osaks on k\u00f5ik ebameeldivad tunded, varjatud soovid, kinnisideed, traumad, ihad, hirmud, feti\u0161id &#8211; k\u00f5ik, millele inimene ei julge otsa vaadata ega endale tunnistada.<\/p>\n<p>Teadvustades ja tunnistades oma varju, saab temast aga v\u00e4\u00e4rtuslik ja v\u00f5imas v\u00e4gi, mida saad oma elus kasutada igap\u00e4evaselt edu ja \u00f5nne loomiseks. Varjuk\u00fcljes peitub tohutu potentsiaal.<\/p>\n<p>Varjut\u00f6\u00f6 on iga inimese k\u00f5ige t\u00e4htsam t\u00f6\u00f6 elus, sest seel\u00e4bi saab toimuda T\u00d5ELINE tervenemine nii sinus endas kui ka terves suguv\u00f5saliinis.<\/p>\n<p>Varju t\u00f6\u00f6toas \u00f5pime endas peituvaid varjuomadusi, selle kujunemist ja v\u00e4ge s\u00fcgavalt tundma. Viime l\u00e4bi ka v\u00f5imsa praktika oma varju v\u00e4e avamiseks.<\/p>\n<p>Videoloengus \u00f5pid:<br \/>\n&#8211; mis on ps\u00fc\u00fchika varjuk\u00fclg<br \/>\n&#8211; kuidas m\u00f5ista ja m\u00e4rgata oma varju avaldumist<br \/>\n&#8211; kuidas oma varjuk\u00fcljega t\u00f6\u00f6d teha<br \/>\n&#8211; kuidas p\u00f6\u00f6rata varjuk\u00fcljed oma kasuks t\u00f6\u00f6le<br \/>\n&#8211; kuidas varjuk\u00fcljest leida oma potentsiaal <\/p>\n<p>Videoloeng saadetakse tellija meilile 24h jooksul peale makse sooritamist.<\/p>\n","protected":false},"featured_media":737,"template":"","meta":[],"product_cat":[25],"product_tag":[],"class_list":{"0":"post-736","1":"product","2":"type-product","3":"status-publish","4":"has-post-thumbnail","6":"product_cat-videoloengud","8":"first","9":"instock","10":"sale","11":"downloadable","12":"virtual","13":"purchasable","14":"product-type-simple"},"yoast_head":"<!-- This site is optimized with the Yoast SEO plugin v21.9.1 - https:\/\/yoast.com\/wordpress\/plugins\/seo\/ -->\n<title>Avasta oma Varjuk\u00fclg ja peidetud potentsiaal | Maria Baydar<\/title>\n<meta name=\"description\" content=\"Varju t\u00f6\u00f6toas \u00f5pime endas peituvaid varjuomadusi, selle kujunemist ja v\u00e4ge s\u00fcgavalt tundma. Viime l\u00e4bi ka v\u00f5imsa praktika oma varju v\u00e4e avamiseks.\" \/>\n<meta name=\"robots\" content=\"index, follow, max-snippet:-1, max-image-preview:large, max-video-preview:-1\" \/>\n<link rel=\"canonical\" href=\"https:\/\/mariabaydar.com\/uus\/toode\/avasta-oma-varjukulg-ja-peidetud-potentsiaal-maria-baydar\/\" \/>\n<meta property=\"og:locale\" content=\"en_US\" \/>\n<meta property=\"og:type\" content=\"article\" \/>\n<meta property=\"og:title\" content=\"Avasta oma Varjuk\u00fclg ja peidetud potentsiaal | Maria Baydar\" \/>\n<meta property=\"og:description\" content=\"Varju t\u00f6\u00f6toas \u00f5pime endas peituvaid varjuomadusi, selle kujunemist ja v\u00e4ge s\u00fcgavalt tundma. Viime l\u00e4bi ka v\u00f5imsa praktika oma varju v\u00e4e avamiseks.\" \/>\n<meta property=\"og:url\" content=\"https:\/\/mariabaydar.com\/uus\/toode\/avasta-oma-varjukulg-ja-peidetud-potentsiaal-maria-baydar\/\" \/>\n<meta property=\"og:site_name\" content=\"Maria Baydar\" \/>\n<meta property=\"article:publisher\" content=\"https:\/\/www.facebook.com\/IgapaevaneMaagia\" \/>\n<meta property=\"article:modified_time\" content=\"2023-10-01T11:41:20+00:00\" \/>\n<meta property=\"og:image\" content=\"https:\/\/mariabaydar.com\/uus\/wp-content\/uploads\/2022\/12\/50bef6_4dd2a2b5482b4a1c9046651450acfaca_mv2.webp\" \/>\n\t<meta property=\"og:image:width\" content=\"580\" \/>\n\t<meta property=\"og:image:height\" content=\"420\" \/>\n\t<meta property=\"og:image:type\" content=\"image\/webp\" \/>\n<meta name=\"twitter:card\" content=\"summary_large_image\" \/>\n<script type=\"application\/ld+json\" class=\"yoast-schema-graph\">{\"@context\":\"https:\/\/schema.org\",\"@graph\":[{\"@type\":\"WebPage\",\"@id\":\"https:\/\/mariabaydar.com\/uus\/toode\/avasta-oma-varjukulg-ja-peidetud-potentsiaal-maria-baydar\/\",\"url\":\"https:\/\/mariabaydar.com\/uus\/toode\/avasta-oma-varjukulg-ja-peidetud-potentsiaal-maria-baydar\/\",\"name\":\"Avasta oma Varjuk\u00fclg ja peidetud potentsiaal | Maria Baydar\",\"isPartOf\":{\"@id\":\"https:\/\/mariabaydar.com\/uus\/#website\"},\"datePublished\":\"2022-12-31T22:33:13+00:00\",\"dateModified\":\"2023-10-01T11:41:20+00:00\",\"description\":\"Varju t\u00f6\u00f6toas \u00f5pime endas peituvaid varjuomadusi, selle kujunemist ja v\u00e4ge s\u00fcgavalt tundma. Viime l\u00e4bi ka v\u00f5imsa praktika oma varju v\u00e4e avamiseks.\",\"breadcrumb\":{\"@id\":\"https:\/\/mariabaydar.com\/uus\/toode\/avasta-oma-varjukulg-ja-peidetud-potentsiaal-maria-baydar\/#breadcrumb\"},\"inLanguage\":\"en\",\"potentialAction\":[{\"@type\":\"ReadAction\",\"target\":[\"https:\/\/mariabaydar.com\/uus\/toode\/avasta-oma-varjukulg-ja-peidetud-potentsiaal-maria-baydar\/\"]}]},{\"@type\":\"BreadcrumbList\",\"@id\":\"https:\/\/mariabaydar.com\/uus\/toode\/avasta-oma-varjukulg-ja-peidetud-potentsiaal-maria-baydar\/#breadcrumb\",\"itemListElement\":[{\"@type\":\"ListItem\",\"position\":1,\"name\":\"Home\",\"item\":\"https:\/\/mariabaydar.com\/uus\/\"},{\"@type\":\"ListItem\",\"position\":2,\"name\":\"E shop\",\"item\":\"https:\/\/mariabaydar.com\/uus\/pood\/\"},{\"@type\":\"ListItem\",\"position\":3,\"name\":\"Avasta oma Varjuk\u00fclg ja peidetud potentsiaal | Maria Baydar\"}]},{\"@type\":\"WebSite\",\"@id\":\"https:\/\/mariabaydar.com\/uus\/#website\",\"url\":\"https:\/\/mariabaydar.com\/uus\/\",\"name\":\"Maria Baydar\",\"description\":\"Koolitaja, heaolu strateeg, elustiili treener\",\"publisher\":{\"@id\":\"https:\/\/mariabaydar.com\/uus\/#organization\"},\"potentialAction\":[{\"@type\":\"SearchAction\",\"target\":{\"@type\":\"EntryPoint\",\"urlTemplate\":\"https:\/\/mariabaydar.com\/uus\/?s={search_term_string}\"},\"query-input\":\"required name=search_term_string\"}],\"inLanguage\":\"en\"},{\"@type\":\"Organization\",\"@id\":\"https:\/\/mariabaydar.com\/uus\/#organization\",\"name\":\"Maria Baydar\",\"url\":\"https:\/\/mariabaydar.com\/uus\/\",\"logo\":{\"@type\":\"ImageObject\",\"inLanguage\":\"en\",\"@id\":\"https:\/\/mariabaydar.com\/uus\/#\/schema\/logo\/image\/\",\"url\":\"https:\/\/mariabaydar.com\/uus\/wp-content\/uploads\/2022\/12\/logodark.png\",\"contentUrl\":\"https:\/\/mariabaydar.com\/uus\/wp-content\/uploads\/2022\/12\/logodark.png\",\"width\":903,\"height\":71,\"caption\":\"Maria Baydar\"},\"image\":{\"@id\":\"https:\/\/mariabaydar.com\/uus\/#\/schema\/logo\/image\/\"},\"sameAs\":[\"https:\/\/www.facebook.com\/IgapaevaneMaagia\",\"https:\/\/www.youtube.com\/channel\/UC-QV6MUEJz3vYYyJ_mFCRWQ\",\"https:\/\/www.instagram.com\/maria_baydar\/\"]}]}<\/script>\n<!-- \/ Yoast SEO plugin. -->","yoast_head_json":{"title":"Avasta oma Varjuk\u00fclg ja peidetud potentsiaal | Maria Baydar","description":"Varju t\u00f6\u00f6toas \u00f5pime endas peituvaid varjuomadusi, selle kujunemist ja v\u00e4ge s\u00fcgavalt tundma. Viime l\u00e4bi ka v\u00f5imsa praktika oma varju v\u00e4e avamiseks.","robots":{"index":"index","follow":"follow","max-snippet":"max-snippet:-1","max-image-preview":"max-image-preview:large","max-video-preview":"max-video-preview:-1"},"canonical":"https:\/\/mariabaydar.com\/uus\/toode\/avasta-oma-varjukulg-ja-peidetud-potentsiaal-maria-baydar\/","og_locale":"en_US","og_type":"article","og_title":"Avasta oma Varjuk\u00fclg ja peidetud potentsiaal | Maria Baydar","og_description":"Varju t\u00f6\u00f6toas \u00f5pime endas peituvaid varjuomadusi, selle kujunemist ja v\u00e4ge s\u00fcgavalt tundma. Viime l\u00e4bi ka v\u00f5imsa praktika oma varju v\u00e4e avamiseks.","og_url":"https:\/\/mariabaydar.com\/uus\/toode\/avasta-oma-varjukulg-ja-peidetud-potentsiaal-maria-baydar\/","og_site_name":"Maria Baydar","article_publisher":"https:\/\/www.facebook.com\/IgapaevaneMaagia","article_modified_time":"2023-10-01T11:41:20+00:00","og_image":[{"width":580,"height":420,"url":"https:\/\/mariabaydar.com\/uus\/wp-content\/uploads\/2022\/12\/50bef6_4dd2a2b5482b4a1c9046651450acfaca_mv2.webp","type":"image\/webp"}],"twitter_card":"summary_large_image","schema":{"@context":"https:\/\/schema.org","@graph":[{"@type":"WebPage","@id":"https:\/\/mariabaydar.com\/uus\/toode\/avasta-oma-varjukulg-ja-peidetud-potentsiaal-maria-baydar\/","url":"https:\/\/mariabaydar.com\/uus\/toode\/avasta-oma-varjukulg-ja-peidetud-potentsiaal-maria-baydar\/","name":"Avasta oma Varjuk\u00fclg ja peidetud potentsiaal | Maria Baydar","isPartOf":{"@id":"https:\/\/mariabaydar.com\/uus\/#website"},"datePublished":"2022-12-31T22:33:13+00:00","dateModified":"2023-10-01T11:41:20+00:00","description":"Varju t\u00f6\u00f6toas \u00f5pime endas peituvaid varjuomadusi, selle kujunemist ja v\u00e4ge s\u00fcgavalt tundma. Viime l\u00e4bi ka v\u00f5imsa praktika oma varju v\u00e4e avamiseks.","breadcrumb":{"@id":"https:\/\/mariabaydar.com\/uus\/toode\/avasta-oma-varjukulg-ja-peidetud-potentsiaal-maria-baydar\/#breadcrumb"},"inLanguage":"en","potentialAction":[{"@type":"ReadAction","target":["https:\/\/mariabaydar.com\/uus\/toode\/avasta-oma-varjukulg-ja-peidetud-potentsiaal-maria-baydar\/"]}]},{"@type":"BreadcrumbList","@id":"https:\/\/mariabaydar.com\/uus\/toode\/avasta-oma-varjukulg-ja-peidetud-potentsiaal-maria-baydar\/#breadcrumb","itemListElement":[{"@type":"ListItem","position":1,"name":"Home","item":"https:\/\/mariabaydar.com\/uus\/"},{"@type":"ListItem","position":2,"name":"E shop","item":"https:\/\/mariabaydar.com\/uus\/pood\/"},{"@type":"ListItem","position":3,"name":"Avasta oma Varjuk\u00fclg ja peidetud potentsiaal | Maria Baydar"}]},{"@type":"WebSite","@id":"https:\/\/mariabaydar.com\/uus\/#website","url":"https:\/\/mariabaydar.com\/uus\/","name":"Maria Baydar","description":"Koolitaja, heaolu strateeg, elustiili treener","publisher":{"@id":"https:\/\/mariabaydar.com\/uus\/#organization"},"potentialAction":[{"@type":"SearchAction","target":{"@type":"EntryPoint","urlTemplate":"https:\/\/mariabaydar.com\/uus\/?s={search_term_string}"},"query-input":"required name=search_term_string"}],"inLanguage":"en"},{"@type":"Organization","@id":"https:\/\/mariabaydar.com\/uus\/#organization","name":"Maria Baydar","url":"https:\/\/mariabaydar.com\/uus\/","logo":{"@type":"ImageObject","inLanguage":"en","@id":"https:\/\/mariabaydar.com\/uus\/#\/schema\/logo\/image\/","url":"https:\/\/mariabaydar.com\/uus\/wp-content\/uploads\/2022\/12\/logodark.png","contentUrl":"https:\/\/mariabaydar.com\/uus\/wp-content\/uploads\/2022\/12\/logodark.png","width":903,"height":71,"caption":"Maria Baydar"},"image":{"@id":"https:\/\/mariabaydar.com\/uus\/#\/schema\/logo\/image\/"},"sameAs":["https:\/\/www.facebook.com\/IgapaevaneMaagia","https:\/\/www.youtube.com\/channel\/UC-QV6MUEJz3vYYyJ_mFCRWQ","https:\/\/www.instagram.com\/maria_baydar\/"]}]}},"_links":{"self":[{"href":"https:\/\/mariabaydar.com\/uus\/wp-json\/wp\/v2\/product\/736","targetHints":{"allow":["GET"]}}],"collection":[{"href":"https:\/\/mariabaydar.com\/uus\/wp-json\/wp\/v2\/product"}],"about":[{"href":"https:\/\/mariabaydar.com\/uus\/wp-json\/wp\/v2\/types\/product"}],"wp:featuredmedia":[{"embeddable":true,"href":"https:\/\/mariabaydar.com\/uus\/wp-json\/wp\/v2\/media\/737"}],"wp:attachment":[{"href":"https:\/\/mariabaydar.com\/uus\/wp-json\/wp\/v2\/media?parent=736"}],"wp:term":[{"taxonomy":"product_cat","embeddable":true,"href":"https:\/\/mariabaydar.com\/uus\/wp-json\/wp\/v2\/product_cat?post=736"},{"taxonomy":"product_tag","embeddable":true,"href":"https:\/\/mariabaydar.com\/uus\/wp-json\/wp\/v2\/product_tag?post=736"}],"curies":[{"name":"wp","href":"https:\/\/api.w.org\/{rel}","templated":true}]}}