{"id":738,"date":"2022-12-31T22:36:32","date_gmt":"2022-12-31T22:36:32","guid":{"rendered":"https:\/\/mariabaydar.com\/uus\/?post_type=product&#038;p=738"},"modified":"2023-10-01T11:52:55","modified_gmt":"2023-10-01T11:52:55","slug":"tervenemine-haavatavuses-maria-baydar-raido-roivas","status":"publish","type":"product","link":"https:\/\/mariabaydar.com\/uus\/toode\/tervenemine-haavatavuses-maria-baydar-raido-roivas\/","title":{"rendered":"Tervenemine haavatavuses | Maria Baydar &#038; Raido R\u00f5ivas"},"content":{"rendered":"","protected":false},"excerpt":{"rendered":"<p>Tantraga seostatakse esmasena kohe vaid seksi ja k\u00f5ike, mis sellesse puutub. Sellel on oma p\u00f5hjus, kuid tegelikult on tantra s\u00fcgav, tunnetuslik, harmooniline ja \u00f5nnelik elamise viis, mille elemente saab kasutada igas eluvaldkonnas ja hetkes.<\/p>\n<p>Haavatavus ei t\u00e4henda n\u00f5rkust, vaid pigem julgust t\u00f5sta pea k\u00f5rgemale ja avastada, kes me t\u00f5eliselt oleme.<\/p>\n<p>Videoloengus \u00f5pid, kuidas:<br \/>\n&#8211; omaks v\u00f5tta haavatavust<br \/>\n&#8211; muuta elu rasked hetked v\u00f5imalusteks kasvada<br \/>\n&#8211; tervendada ja teadvustada oma hingehaavu<br \/>\n&#8211; taastada \u00f5nnelik ja rahuldustpakkuvat elu jpm.<\/p>\n<p>Tantrav\u00f5tmed on t\u00f5husaks abivahendiks hingehaavade tervenemisel ning \u00f5nneliku ja rahuldustpakkuva elu taastamisel.<\/p>\n<p>Videoloeng saadetakse tellija meilile 24h jooksul peale makse sooritamist.<\/p>\n","protected":false},"featured_media":739,"template":"","meta":[],"product_cat":[25],"product_tag":[],"class_list":{"0":"post-738","1":"product","2":"type-product","3":"status-publish","4":"has-post-thumbnail","6":"product_cat-videoloengud","8":"first","9":"instock","10":"sale","11":"downloadable","12":"virtual","13":"purchasable","14":"product-type-simple"},"yoast_head":"<!-- This site is optimized with the Yoast SEO plugin v21.9.1 - https:\/\/yoast.com\/wordpress\/plugins\/seo\/ -->\n<title>Tervenemine haavatavuses | Maria Baydar &amp; Raido R\u00f5ivas<\/title>\n<meta name=\"description\" content=\"Tantrav\u00f5tmed on t\u00f5husaks abivahendiks hingehaavade tervenemisel ning \u00f5nneliku ja rahuldustpakkuva elu taastamisel.\" \/>\n<meta name=\"robots\" content=\"index, follow, max-snippet:-1, max-image-preview:large, max-video-preview:-1\" \/>\n<link rel=\"canonical\" href=\"https:\/\/mariabaydar.com\/uus\/toode\/tervenemine-haavatavuses-maria-baydar-raido-roivas\/\" \/>\n<meta property=\"og:locale\" content=\"en_US\" \/>\n<meta property=\"og:type\" content=\"article\" \/>\n<meta property=\"og:title\" content=\"Tervenemine haavatavuses | Maria Baydar &amp; Raido R\u00f5ivas\" \/>\n<meta property=\"og:description\" content=\"Tantrav\u00f5tmed on t\u00f5husaks abivahendiks hingehaavade tervenemisel ning \u00f5nneliku ja rahuldustpakkuva elu taastamisel.\" \/>\n<meta property=\"og:url\" content=\"https:\/\/mariabaydar.com\/uus\/toode\/tervenemine-haavatavuses-maria-baydar-raido-roivas\/\" \/>\n<meta property=\"og:site_name\" content=\"Maria Baydar\" \/>\n<meta property=\"article:publisher\" content=\"https:\/\/www.facebook.com\/IgapaevaneMaagia\" \/>\n<meta property=\"article:modified_time\" content=\"2023-10-01T11:52:55+00:00\" \/>\n<meta property=\"og:image\" content=\"https:\/\/mariabaydar.com\/uus\/wp-content\/uploads\/2022\/12\/50bef6_73dee5f3a4eb48468d9597fb454f6c9d_mv2.webp\" \/>\n\t<meta property=\"og:image:width\" content=\"580\" \/>\n\t<meta property=\"og:image:height\" content=\"420\" \/>\n\t<meta property=\"og:image:type\" content=\"image\/webp\" \/>\n<meta name=\"twitter:card\" content=\"summary_large_image\" \/>\n<script type=\"application\/ld+json\" class=\"yoast-schema-graph\">{\"@context\":\"https:\/\/schema.org\",\"@graph\":[{\"@type\":\"WebPage\",\"@id\":\"https:\/\/mariabaydar.com\/uus\/toode\/tervenemine-haavatavuses-maria-baydar-raido-roivas\/\",\"url\":\"https:\/\/mariabaydar.com\/uus\/toode\/tervenemine-haavatavuses-maria-baydar-raido-roivas\/\",\"name\":\"Tervenemine haavatavuses | Maria Baydar & Raido R\u00f5ivas\",\"isPartOf\":{\"@id\":\"https:\/\/mariabaydar.com\/uus\/#website\"},\"datePublished\":\"2022-12-31T22:36:32+00:00\",\"dateModified\":\"2023-10-01T11:52:55+00:00\",\"description\":\"Tantrav\u00f5tmed on t\u00f5husaks abivahendiks hingehaavade tervenemisel ning \u00f5nneliku ja rahuldustpakkuva elu taastamisel.\",\"breadcrumb\":{\"@id\":\"https:\/\/mariabaydar.com\/uus\/toode\/tervenemine-haavatavuses-maria-baydar-raido-roivas\/#breadcrumb\"},\"inLanguage\":\"en\",\"potentialAction\":[{\"@type\":\"ReadAction\",\"target\":[\"https:\/\/mariabaydar.com\/uus\/toode\/tervenemine-haavatavuses-maria-baydar-raido-roivas\/\"]}]},{\"@type\":\"BreadcrumbList\",\"@id\":\"https:\/\/mariabaydar.com\/uus\/toode\/tervenemine-haavatavuses-maria-baydar-raido-roivas\/#breadcrumb\",\"itemListElement\":[{\"@type\":\"ListItem\",\"position\":1,\"name\":\"Home\",\"item\":\"https:\/\/mariabaydar.com\/uus\/\"},{\"@type\":\"ListItem\",\"position\":2,\"name\":\"E shop\",\"item\":\"https:\/\/mariabaydar.com\/uus\/pood\/\"},{\"@type\":\"ListItem\",\"position\":3,\"name\":\"Tervenemine haavatavuses | Maria Baydar &#038; Raido R\u00f5ivas\"}]},{\"@type\":\"WebSite\",\"@id\":\"https:\/\/mariabaydar.com\/uus\/#website\",\"url\":\"https:\/\/mariabaydar.com\/uus\/\",\"name\":\"Maria Baydar\",\"description\":\"Koolitaja, heaolu strateeg, elustiili treener\",\"publisher\":{\"@id\":\"https:\/\/mariabaydar.com\/uus\/#organization\"},\"potentialAction\":[{\"@type\":\"SearchAction\",\"target\":{\"@type\":\"EntryPoint\",\"urlTemplate\":\"https:\/\/mariabaydar.com\/uus\/?s={search_term_string}\"},\"query-input\":\"required name=search_term_string\"}],\"inLanguage\":\"en\"},{\"@type\":\"Organization\",\"@id\":\"https:\/\/mariabaydar.com\/uus\/#organization\",\"name\":\"Maria Baydar\",\"url\":\"https:\/\/mariabaydar.com\/uus\/\",\"logo\":{\"@type\":\"ImageObject\",\"inLanguage\":\"en\",\"@id\":\"https:\/\/mariabaydar.com\/uus\/#\/schema\/logo\/image\/\",\"url\":\"https:\/\/mariabaydar.com\/uus\/wp-content\/uploads\/2022\/12\/logodark.png\",\"contentUrl\":\"https:\/\/mariabaydar.com\/uus\/wp-content\/uploads\/2022\/12\/logodark.png\",\"width\":903,\"height\":71,\"caption\":\"Maria Baydar\"},\"image\":{\"@id\":\"https:\/\/mariabaydar.com\/uus\/#\/schema\/logo\/image\/\"},\"sameAs\":[\"https:\/\/www.facebook.com\/IgapaevaneMaagia\",\"https:\/\/www.youtube.com\/channel\/UC-QV6MUEJz3vYYyJ_mFCRWQ\",\"https:\/\/www.instagram.com\/maria_baydar\/\"]}]}<\/script>\n<!-- \/ Yoast SEO plugin. -->","yoast_head_json":{"title":"Tervenemine haavatavuses | Maria Baydar & Raido R\u00f5ivas","description":"Tantrav\u00f5tmed on t\u00f5husaks abivahendiks hingehaavade tervenemisel ning \u00f5nneliku ja rahuldustpakkuva elu taastamisel.","robots":{"index":"index","follow":"follow","max-snippet":"max-snippet:-1","max-image-preview":"max-image-preview:large","max-video-preview":"max-video-preview:-1"},"canonical":"https:\/\/mariabaydar.com\/uus\/toode\/tervenemine-haavatavuses-maria-baydar-raido-roivas\/","og_locale":"en_US","og_type":"article","og_title":"Tervenemine haavatavuses | Maria Baydar & Raido R\u00f5ivas","og_description":"Tantrav\u00f5tmed on t\u00f5husaks abivahendiks hingehaavade tervenemisel ning \u00f5nneliku ja rahuldustpakkuva elu taastamisel.","og_url":"https:\/\/mariabaydar.com\/uus\/toode\/tervenemine-haavatavuses-maria-baydar-raido-roivas\/","og_site_name":"Maria Baydar","article_publisher":"https:\/\/www.facebook.com\/IgapaevaneMaagia","article_modified_time":"2023-10-01T11:52:55+00:00","og_image":[{"width":580,"height":420,"url":"https:\/\/mariabaydar.com\/uus\/wp-content\/uploads\/2022\/12\/50bef6_73dee5f3a4eb48468d9597fb454f6c9d_mv2.webp","type":"image\/webp"}],"twitter_card":"summary_large_image","schema":{"@context":"https:\/\/schema.org","@graph":[{"@type":"WebPage","@id":"https:\/\/mariabaydar.com\/uus\/toode\/tervenemine-haavatavuses-maria-baydar-raido-roivas\/","url":"https:\/\/mariabaydar.com\/uus\/toode\/tervenemine-haavatavuses-maria-baydar-raido-roivas\/","name":"Tervenemine haavatavuses | Maria Baydar & Raido R\u00f5ivas","isPartOf":{"@id":"https:\/\/mariabaydar.com\/uus\/#website"},"datePublished":"2022-12-31T22:36:32+00:00","dateModified":"2023-10-01T11:52:55+00:00","description":"Tantrav\u00f5tmed on t\u00f5husaks abivahendiks hingehaavade tervenemisel ning \u00f5nneliku ja rahuldustpakkuva elu taastamisel.","breadcrumb":{"@id":"https:\/\/mariabaydar.com\/uus\/toode\/tervenemine-haavatavuses-maria-baydar-raido-roivas\/#breadcrumb"},"inLanguage":"en","potentialAction":[{"@type":"ReadAction","target":["https:\/\/mariabaydar.com\/uus\/toode\/tervenemine-haavatavuses-maria-baydar-raido-roivas\/"]}]},{"@type":"BreadcrumbList","@id":"https:\/\/mariabaydar.com\/uus\/toode\/tervenemine-haavatavuses-maria-baydar-raido-roivas\/#breadcrumb","itemListElement":[{"@type":"ListItem","position":1,"name":"Home","item":"https:\/\/mariabaydar.com\/uus\/"},{"@type":"ListItem","position":2,"name":"E shop","item":"https:\/\/mariabaydar.com\/uus\/pood\/"},{"@type":"ListItem","position":3,"name":"Tervenemine haavatavuses | Maria Baydar &#038; Raido R\u00f5ivas"}]},{"@type":"WebSite","@id":"https:\/\/mariabaydar.com\/uus\/#website","url":"https:\/\/mariabaydar.com\/uus\/","name":"Maria Baydar","description":"Koolitaja, heaolu strateeg, elustiili treener","publisher":{"@id":"https:\/\/mariabaydar.com\/uus\/#organization"},"potentialAction":[{"@type":"SearchAction","target":{"@type":"EntryPoint","urlTemplate":"https:\/\/mariabaydar.com\/uus\/?s={search_term_string}"},"query-input":"required name=search_term_string"}],"inLanguage":"en"},{"@type":"Organization","@id":"https:\/\/mariabaydar.com\/uus\/#organization","name":"Maria Baydar","url":"https:\/\/mariabaydar.com\/uus\/","logo":{"@type":"ImageObject","inLanguage":"en","@id":"https:\/\/mariabaydar.com\/uus\/#\/schema\/logo\/image\/","url":"https:\/\/mariabaydar.com\/uus\/wp-content\/uploads\/2022\/12\/logodark.png","contentUrl":"https:\/\/mariabaydar.com\/uus\/wp-content\/uploads\/2022\/12\/logodark.png","width":903,"height":71,"caption":"Maria Baydar"},"image":{"@id":"https:\/\/mariabaydar.com\/uus\/#\/schema\/logo\/image\/"},"sameAs":["https:\/\/www.facebook.com\/IgapaevaneMaagia","https:\/\/www.youtube.com\/channel\/UC-QV6MUEJz3vYYyJ_mFCRWQ","https:\/\/www.instagram.com\/maria_baydar\/"]}]}},"_links":{"self":[{"href":"https:\/\/mariabaydar.com\/uus\/wp-json\/wp\/v2\/product\/738","targetHints":{"allow":["GET"]}}],"collection":[{"href":"https:\/\/mariabaydar.com\/uus\/wp-json\/wp\/v2\/product"}],"about":[{"href":"https:\/\/mariabaydar.com\/uus\/wp-json\/wp\/v2\/types\/product"}],"wp:featuredmedia":[{"embeddable":true,"href":"https:\/\/mariabaydar.com\/uus\/wp-json\/wp\/v2\/media\/739"}],"wp:attachment":[{"href":"https:\/\/mariabaydar.com\/uus\/wp-json\/wp\/v2\/media?parent=738"}],"wp:term":[{"taxonomy":"product_cat","embeddable":true,"href":"https:\/\/mariabaydar.com\/uus\/wp-json\/wp\/v2\/product_cat?post=738"},{"taxonomy":"product_tag","embeddable":true,"href":"https:\/\/mariabaydar.com\/uus\/wp-json\/wp\/v2\/product_tag?post=738"}],"curies":[{"name":"wp","href":"https:\/\/api.w.org\/{rel}","templated":true}]}}