{"id":740,"date":"2022-12-31T22:37:26","date_gmt":"2022-12-31T22:37:26","guid":{"rendered":"https:\/\/mariabaydar.com\/uus\/?post_type=product&#038;p=740"},"modified":"2023-10-01T11:44:34","modified_gmt":"2023-10-01T11:44:34","slug":"hingehaavade-uurimine-ja-tervendamine-maria-baydar","status":"publish","type":"product","link":"https:\/\/mariabaydar.com\/uus\/toode\/hingehaavade-uurimine-ja-tervendamine-maria-baydar\/","title":{"rendered":"Hingehaavade uurimine ja tervendamine | Maria Baydar"},"content":{"rendered":"","protected":false},"excerpt":{"rendered":"<p>Hingehaavad on emotsionaalsed haavad, mis v\u00f5ivad tekkida minevikus l\u00e4bi traumeerivate kogemuste, kaotuste, suhete purunemiste v\u00f5i muude raskete olukordade. Nende tervendamine v\u00f5ib olla keeruline, kuid see on oluline, et saaksid edasi liikuda, tunda end terviklikumana ning elada t\u00e4isv\u00e4\u00e4rtuslikumat elu.<\/p>\n<p>Videoloengus saad tead:<br \/>\n&#8211; mis on hing ja kuidas saab seda uurida?<br \/>\n&#8211; kas hing saab olla katki?<br \/>\n&#8211; kuidas hingehaavad p\u00e4riselt tekivad?<br \/>\n&#8211; kuidas tervendada hingehaavu?<br \/>\n&#8211; milliseid t\u00f5husaid praktikaid ja meetodeid on olemas hinge tervendamiseks?<br \/>\n&#8211; kuidas tervendada oma sisemist last?<br \/>\n&#8211; kuidas luua rahulolu, \u00f5nnelikkust ja harmooniat iseendasse?<br \/>\n&#8211; kuidas taastada hingerahu?<br \/>\n&#8211; kuidas tervendada oma elu ja iseennast l\u00e4bi peegeldumise seaduse?<br \/>\n&#8211; kuidas taastada eneseusk ja enesearmastus?<br \/>\n&#8211; mida t\u00e4hendab enesereetmine ja kuidas see sinu hinge katki teeb?<\/p>\n<p>Videoloengu k\u00e4igus \u00f5pid t\u00f5husaid enesetervendamise meetodeid.<\/p>\n<p>Videoloeng saadetakse tellija meilile 24h jooksul peale makse sooritamist.<\/p>\n","protected":false},"featured_media":1268,"template":"","meta":[],"product_cat":[25],"product_tag":[],"class_list":{"0":"post-740","1":"product","2":"type-product","3":"status-publish","4":"has-post-thumbnail","6":"product_cat-videoloengud","8":"first","9":"instock","10":"sale","11":"downloadable","12":"virtual","13":"purchasable","14":"product-type-simple"},"yoast_head":"<!-- This site is optimized with the Yoast SEO plugin v21.9.1 - https:\/\/yoast.com\/wordpress\/plugins\/seo\/ -->\n<title>Hingehaavade uurimine ja tervendamine | Maria Baydar<\/title>\n<meta name=\"description\" content=\"\u00d5pi t\u00f5husaid enesetervendamise meetodeid ning tutvu oma sisemise perekonnaga.\" \/>\n<meta name=\"robots\" content=\"index, follow, max-snippet:-1, max-image-preview:large, max-video-preview:-1\" \/>\n<link rel=\"canonical\" href=\"https:\/\/mariabaydar.com\/uus\/toode\/hingehaavade-uurimine-ja-tervendamine-maria-baydar\/\" \/>\n<meta property=\"og:locale\" content=\"en_US\" \/>\n<meta property=\"og:type\" content=\"article\" \/>\n<meta property=\"og:title\" content=\"Hingehaavade uurimine ja tervendamine | Maria Baydar\" \/>\n<meta property=\"og:description\" content=\"\u00d5pi t\u00f5husaid enesetervendamise meetodeid ning tutvu oma sisemise perekonnaga.\" \/>\n<meta property=\"og:url\" content=\"https:\/\/mariabaydar.com\/uus\/toode\/hingehaavade-uurimine-ja-tervendamine-maria-baydar\/\" \/>\n<meta property=\"og:site_name\" content=\"Maria Baydar\" \/>\n<meta property=\"article:publisher\" content=\"https:\/\/www.facebook.com\/IgapaevaneMaagia\" \/>\n<meta property=\"article:modified_time\" content=\"2023-10-01T11:44:34+00:00\" \/>\n<meta property=\"og:image\" content=\"https:\/\/mariabaydar.com\/uus\/wp-content\/uploads\/2023\/02\/Colorful-Bright-Ten-Recipe-Ideas-For-4th-of-July-Recipe-Ideas-Blogger-Instagram-Post-2-3.jpg\" \/>\n\t<meta property=\"og:image:width\" content=\"1200\" \/>\n\t<meta property=\"og:image:height\" content=\"1200\" \/>\n\t<meta property=\"og:image:type\" content=\"image\/jpeg\" \/>\n<meta name=\"twitter:card\" content=\"summary_large_image\" \/>\n<script type=\"application\/ld+json\" class=\"yoast-schema-graph\">{\"@context\":\"https:\/\/schema.org\",\"@graph\":[{\"@type\":\"WebPage\",\"@id\":\"https:\/\/mariabaydar.com\/uus\/toode\/hingehaavade-uurimine-ja-tervendamine-maria-baydar\/\",\"url\":\"https:\/\/mariabaydar.com\/uus\/toode\/hingehaavade-uurimine-ja-tervendamine-maria-baydar\/\",\"name\":\"Hingehaavade uurimine ja tervendamine | Maria Baydar\",\"isPartOf\":{\"@id\":\"https:\/\/mariabaydar.com\/uus\/#website\"},\"datePublished\":\"2022-12-31T22:37:26+00:00\",\"dateModified\":\"2023-10-01T11:44:34+00:00\",\"description\":\"\u00d5pi t\u00f5husaid enesetervendamise meetodeid ning tutvu oma sisemise perekonnaga.\",\"breadcrumb\":{\"@id\":\"https:\/\/mariabaydar.com\/uus\/toode\/hingehaavade-uurimine-ja-tervendamine-maria-baydar\/#breadcrumb\"},\"inLanguage\":\"en\",\"potentialAction\":[{\"@type\":\"ReadAction\",\"target\":[\"https:\/\/mariabaydar.com\/uus\/toode\/hingehaavade-uurimine-ja-tervendamine-maria-baydar\/\"]}]},{\"@type\":\"BreadcrumbList\",\"@id\":\"https:\/\/mariabaydar.com\/uus\/toode\/hingehaavade-uurimine-ja-tervendamine-maria-baydar\/#breadcrumb\",\"itemListElement\":[{\"@type\":\"ListItem\",\"position\":1,\"name\":\"Home\",\"item\":\"https:\/\/mariabaydar.com\/uus\/\"},{\"@type\":\"ListItem\",\"position\":2,\"name\":\"E shop\",\"item\":\"https:\/\/mariabaydar.com\/uus\/pood\/\"},{\"@type\":\"ListItem\",\"position\":3,\"name\":\"Hingehaavade uurimine ja tervendamine | Maria Baydar\"}]},{\"@type\":\"WebSite\",\"@id\":\"https:\/\/mariabaydar.com\/uus\/#website\",\"url\":\"https:\/\/mariabaydar.com\/uus\/\",\"name\":\"Maria Baydar\",\"description\":\"Koolitaja, heaolu strateeg, elustiili treener\",\"publisher\":{\"@id\":\"https:\/\/mariabaydar.com\/uus\/#organization\"},\"potentialAction\":[{\"@type\":\"SearchAction\",\"target\":{\"@type\":\"EntryPoint\",\"urlTemplate\":\"https:\/\/mariabaydar.com\/uus\/?s={search_term_string}\"},\"query-input\":\"required name=search_term_string\"}],\"inLanguage\":\"en\"},{\"@type\":\"Organization\",\"@id\":\"https:\/\/mariabaydar.com\/uus\/#organization\",\"name\":\"Maria Baydar\",\"url\":\"https:\/\/mariabaydar.com\/uus\/\",\"logo\":{\"@type\":\"ImageObject\",\"inLanguage\":\"en\",\"@id\":\"https:\/\/mariabaydar.com\/uus\/#\/schema\/logo\/image\/\",\"url\":\"https:\/\/mariabaydar.com\/uus\/wp-content\/uploads\/2022\/12\/logodark.png\",\"contentUrl\":\"https:\/\/mariabaydar.com\/uus\/wp-content\/uploads\/2022\/12\/logodark.png\",\"width\":903,\"height\":71,\"caption\":\"Maria Baydar\"},\"image\":{\"@id\":\"https:\/\/mariabaydar.com\/uus\/#\/schema\/logo\/image\/\"},\"sameAs\":[\"https:\/\/www.facebook.com\/IgapaevaneMaagia\",\"https:\/\/www.youtube.com\/channel\/UC-QV6MUEJz3vYYyJ_mFCRWQ\",\"https:\/\/www.instagram.com\/maria_baydar\/\"]}]}<\/script>\n<!-- \/ Yoast SEO plugin. -->","yoast_head_json":{"title":"Hingehaavade uurimine ja tervendamine | Maria Baydar","description":"\u00d5pi t\u00f5husaid enesetervendamise meetodeid ning tutvu oma sisemise perekonnaga.","robots":{"index":"index","follow":"follow","max-snippet":"max-snippet:-1","max-image-preview":"max-image-preview:large","max-video-preview":"max-video-preview:-1"},"canonical":"https:\/\/mariabaydar.com\/uus\/toode\/hingehaavade-uurimine-ja-tervendamine-maria-baydar\/","og_locale":"en_US","og_type":"article","og_title":"Hingehaavade uurimine ja tervendamine | Maria Baydar","og_description":"\u00d5pi t\u00f5husaid enesetervendamise meetodeid ning tutvu oma sisemise perekonnaga.","og_url":"https:\/\/mariabaydar.com\/uus\/toode\/hingehaavade-uurimine-ja-tervendamine-maria-baydar\/","og_site_name":"Maria Baydar","article_publisher":"https:\/\/www.facebook.com\/IgapaevaneMaagia","article_modified_time":"2023-10-01T11:44:34+00:00","og_image":[{"width":1200,"height":1200,"url":"https:\/\/mariabaydar.com\/uus\/wp-content\/uploads\/2023\/02\/Colorful-Bright-Ten-Recipe-Ideas-For-4th-of-July-Recipe-Ideas-Blogger-Instagram-Post-2-3.jpg","type":"image\/jpeg"}],"twitter_card":"summary_large_image","schema":{"@context":"https:\/\/schema.org","@graph":[{"@type":"WebPage","@id":"https:\/\/mariabaydar.com\/uus\/toode\/hingehaavade-uurimine-ja-tervendamine-maria-baydar\/","url":"https:\/\/mariabaydar.com\/uus\/toode\/hingehaavade-uurimine-ja-tervendamine-maria-baydar\/","name":"Hingehaavade uurimine ja tervendamine | Maria Baydar","isPartOf":{"@id":"https:\/\/mariabaydar.com\/uus\/#website"},"datePublished":"2022-12-31T22:37:26+00:00","dateModified":"2023-10-01T11:44:34+00:00","description":"\u00d5pi t\u00f5husaid enesetervendamise meetodeid ning tutvu oma sisemise perekonnaga.","breadcrumb":{"@id":"https:\/\/mariabaydar.com\/uus\/toode\/hingehaavade-uurimine-ja-tervendamine-maria-baydar\/#breadcrumb"},"inLanguage":"en","potentialAction":[{"@type":"ReadAction","target":["https:\/\/mariabaydar.com\/uus\/toode\/hingehaavade-uurimine-ja-tervendamine-maria-baydar\/"]}]},{"@type":"BreadcrumbList","@id":"https:\/\/mariabaydar.com\/uus\/toode\/hingehaavade-uurimine-ja-tervendamine-maria-baydar\/#breadcrumb","itemListElement":[{"@type":"ListItem","position":1,"name":"Home","item":"https:\/\/mariabaydar.com\/uus\/"},{"@type":"ListItem","position":2,"name":"E shop","item":"https:\/\/mariabaydar.com\/uus\/pood\/"},{"@type":"ListItem","position":3,"name":"Hingehaavade uurimine ja tervendamine | Maria Baydar"}]},{"@type":"WebSite","@id":"https:\/\/mariabaydar.com\/uus\/#website","url":"https:\/\/mariabaydar.com\/uus\/","name":"Maria Baydar","description":"Koolitaja, heaolu strateeg, elustiili treener","publisher":{"@id":"https:\/\/mariabaydar.com\/uus\/#organization"},"potentialAction":[{"@type":"SearchAction","target":{"@type":"EntryPoint","urlTemplate":"https:\/\/mariabaydar.com\/uus\/?s={search_term_string}"},"query-input":"required name=search_term_string"}],"inLanguage":"en"},{"@type":"Organization","@id":"https:\/\/mariabaydar.com\/uus\/#organization","name":"Maria Baydar","url":"https:\/\/mariabaydar.com\/uus\/","logo":{"@type":"ImageObject","inLanguage":"en","@id":"https:\/\/mariabaydar.com\/uus\/#\/schema\/logo\/image\/","url":"https:\/\/mariabaydar.com\/uus\/wp-content\/uploads\/2022\/12\/logodark.png","contentUrl":"https:\/\/mariabaydar.com\/uus\/wp-content\/uploads\/2022\/12\/logodark.png","width":903,"height":71,"caption":"Maria Baydar"},"image":{"@id":"https:\/\/mariabaydar.com\/uus\/#\/schema\/logo\/image\/"},"sameAs":["https:\/\/www.facebook.com\/IgapaevaneMaagia","https:\/\/www.youtube.com\/channel\/UC-QV6MUEJz3vYYyJ_mFCRWQ","https:\/\/www.instagram.com\/maria_baydar\/"]}]}},"_links":{"self":[{"href":"https:\/\/mariabaydar.com\/uus\/wp-json\/wp\/v2\/product\/740","targetHints":{"allow":["GET"]}}],"collection":[{"href":"https:\/\/mariabaydar.com\/uus\/wp-json\/wp\/v2\/product"}],"about":[{"href":"https:\/\/mariabaydar.com\/uus\/wp-json\/wp\/v2\/types\/product"}],"wp:featuredmedia":[{"embeddable":true,"href":"https:\/\/mariabaydar.com\/uus\/wp-json\/wp\/v2\/media\/1268"}],"wp:attachment":[{"href":"https:\/\/mariabaydar.com\/uus\/wp-json\/wp\/v2\/media?parent=740"}],"wp:term":[{"taxonomy":"product_cat","embeddable":true,"href":"https:\/\/mariabaydar.com\/uus\/wp-json\/wp\/v2\/product_cat?post=740"},{"taxonomy":"product_tag","embeddable":true,"href":"https:\/\/mariabaydar.com\/uus\/wp-json\/wp\/v2\/product_tag?post=740"}],"curies":[{"name":"wp","href":"https:\/\/api.w.org\/{rel}","templated":true}]}}