{"id":741,"date":"2022-12-31T22:38:08","date_gmt":"2022-12-31T22:38:08","guid":{"rendered":"https:\/\/mariabaydar.com\/uus\/?post_type=product&#038;p=741"},"modified":"2023-07-27T14:42:48","modified_gmt":"2023-07-27T14:42:48","slug":"sudamekeskuse-avamine-ja-tervendamine-maria-baydar","status":"publish","type":"product","link":"https:\/\/mariabaydar.com\/uus\/toode\/sudamekeskuse-avamine-ja-tervendamine-maria-baydar\/","title":{"rendered":"S\u00fcdamekeskuse avamine ja tervendamine | Maria Baydar"},"content":{"rendered":"","protected":false},"excerpt":{"rendered":"<p>S\u00fcdamev\u00e4e avamise meditatsioon on v\u00f5imas h\u00e4\u00e4lestus, mis aitab terveneda igal aspektil sinus ja sinu elus. Sinu s\u00fcdamev\u00e4gi kingib sulle avanemisel tohutu ilu, kauniduse, puhtuse, k\u00f5ige k\u00f5rgema vibratsiooni, t\u00e4nulikkuse ja piiramatu armastuse kogemuse. S\u00fcdamekeskuse avamine muudab kogu sinu elu ja maailma tunnetust!<\/p>\n<p>Seda\u00a0r\u00e4nnakut peaks tegema 21 p\u00e4eva j\u00e4rjest, et avanemine ja tervenemine v\u00f5iks toimuda eriti s\u00fcgavatel tasemetel.<\/p>\n<p>Videoloeng saadetakse tellija meilile 24h jooksul peale makse sooritamist.<\/p>\n","protected":false},"featured_media":1985,"template":"","meta":[],"product_cat":[26],"product_tag":[],"class_list":{"0":"post-741","1":"product","2":"type-product","3":"status-publish","4":"has-post-thumbnail","6":"product_cat-audiorannakud","8":"first","9":"instock","10":"sale","11":"downloadable","12":"virtual","13":"purchasable","14":"product-type-simple"},"yoast_head":"<!-- This site is optimized with the Yoast SEO plugin v21.9.1 - https:\/\/yoast.com\/wordpress\/plugins\/seo\/ -->\n<title>S\u00fcdamekeskuse avamine ja tervendamine | Maria Baydar<\/title>\n<meta name=\"description\" content=\"&quot;S\u00fcdamekeskuse avamine ja tervendamine&quot; audior\u00e4nnaku meditatsioon on v\u00f5imas h\u00e4\u00e4lestus, mis aitab terveneda igal aspektil sinus ja sinu elus.\" \/>\n<meta name=\"robots\" content=\"index, follow, max-snippet:-1, max-image-preview:large, max-video-preview:-1\" \/>\n<link rel=\"canonical\" href=\"https:\/\/mariabaydar.com\/uus\/toode\/sudamekeskuse-avamine-ja-tervendamine-maria-baydar\/\" \/>\n<meta property=\"og:locale\" content=\"en_US\" \/>\n<meta property=\"og:type\" content=\"article\" \/>\n<meta property=\"og:title\" content=\"S\u00fcdamekeskuse avamine ja tervendamine | Maria Baydar\" \/>\n<meta property=\"og:description\" content=\"&quot;S\u00fcdamekeskuse avamine ja tervendamine&quot; audior\u00e4nnaku meditatsioon on v\u00f5imas h\u00e4\u00e4lestus, mis aitab terveneda igal aspektil sinus ja sinu elus.\" \/>\n<meta property=\"og:url\" content=\"https:\/\/mariabaydar.com\/uus\/toode\/sudamekeskuse-avamine-ja-tervendamine-maria-baydar\/\" \/>\n<meta property=\"og:site_name\" content=\"Maria Baydar\" \/>\n<meta property=\"article:publisher\" content=\"https:\/\/www.facebook.com\/IgapaevaneMaagia\" \/>\n<meta property=\"article:modified_time\" content=\"2023-07-27T14:42:48+00:00\" \/>\n<meta property=\"og:image\" content=\"https:\/\/mariabaydar.com\/uus\/wp-content\/uploads\/2022\/12\/Sudamekeskuse-avamine-ja-tervendamine-1.png\" \/>\n\t<meta property=\"og:image:width\" content=\"500\" \/>\n\t<meta property=\"og:image:height\" content=\"500\" \/>\n\t<meta property=\"og:image:type\" content=\"image\/png\" \/>\n<meta name=\"twitter:card\" content=\"summary_large_image\" \/>\n<script type=\"application\/ld+json\" class=\"yoast-schema-graph\">{\"@context\":\"https:\/\/schema.org\",\"@graph\":[{\"@type\":\"WebPage\",\"@id\":\"https:\/\/mariabaydar.com\/uus\/toode\/sudamekeskuse-avamine-ja-tervendamine-maria-baydar\/\",\"url\":\"https:\/\/mariabaydar.com\/uus\/toode\/sudamekeskuse-avamine-ja-tervendamine-maria-baydar\/\",\"name\":\"S\u00fcdamekeskuse avamine ja tervendamine | Maria Baydar\",\"isPartOf\":{\"@id\":\"https:\/\/mariabaydar.com\/uus\/#website\"},\"datePublished\":\"2022-12-31T22:38:08+00:00\",\"dateModified\":\"2023-07-27T14:42:48+00:00\",\"description\":\"\\\"S\u00fcdamekeskuse avamine ja tervendamine\\\" audior\u00e4nnaku meditatsioon on v\u00f5imas h\u00e4\u00e4lestus, mis aitab terveneda igal aspektil sinus ja sinu elus.\",\"breadcrumb\":{\"@id\":\"https:\/\/mariabaydar.com\/uus\/toode\/sudamekeskuse-avamine-ja-tervendamine-maria-baydar\/#breadcrumb\"},\"inLanguage\":\"en\",\"potentialAction\":[{\"@type\":\"ReadAction\",\"target\":[\"https:\/\/mariabaydar.com\/uus\/toode\/sudamekeskuse-avamine-ja-tervendamine-maria-baydar\/\"]}]},{\"@type\":\"BreadcrumbList\",\"@id\":\"https:\/\/mariabaydar.com\/uus\/toode\/sudamekeskuse-avamine-ja-tervendamine-maria-baydar\/#breadcrumb\",\"itemListElement\":[{\"@type\":\"ListItem\",\"position\":1,\"name\":\"Home\",\"item\":\"https:\/\/mariabaydar.com\/uus\/\"},{\"@type\":\"ListItem\",\"position\":2,\"name\":\"E shop\",\"item\":\"https:\/\/mariabaydar.com\/uus\/pood\/\"},{\"@type\":\"ListItem\",\"position\":3,\"name\":\"S\u00fcdamekeskuse avamine ja tervendamine | Maria Baydar\"}]},{\"@type\":\"WebSite\",\"@id\":\"https:\/\/mariabaydar.com\/uus\/#website\",\"url\":\"https:\/\/mariabaydar.com\/uus\/\",\"name\":\"Maria Baydar\",\"description\":\"Koolitaja, heaolu strateeg, elustiili treener\",\"publisher\":{\"@id\":\"https:\/\/mariabaydar.com\/uus\/#organization\"},\"potentialAction\":[{\"@type\":\"SearchAction\",\"target\":{\"@type\":\"EntryPoint\",\"urlTemplate\":\"https:\/\/mariabaydar.com\/uus\/?s={search_term_string}\"},\"query-input\":\"required name=search_term_string\"}],\"inLanguage\":\"en\"},{\"@type\":\"Organization\",\"@id\":\"https:\/\/mariabaydar.com\/uus\/#organization\",\"name\":\"Maria Baydar\",\"url\":\"https:\/\/mariabaydar.com\/uus\/\",\"logo\":{\"@type\":\"ImageObject\",\"inLanguage\":\"en\",\"@id\":\"https:\/\/mariabaydar.com\/uus\/#\/schema\/logo\/image\/\",\"url\":\"https:\/\/mariabaydar.com\/uus\/wp-content\/uploads\/2022\/12\/logodark.png\",\"contentUrl\":\"https:\/\/mariabaydar.com\/uus\/wp-content\/uploads\/2022\/12\/logodark.png\",\"width\":903,\"height\":71,\"caption\":\"Maria Baydar\"},\"image\":{\"@id\":\"https:\/\/mariabaydar.com\/uus\/#\/schema\/logo\/image\/\"},\"sameAs\":[\"https:\/\/www.facebook.com\/IgapaevaneMaagia\",\"https:\/\/www.youtube.com\/channel\/UC-QV6MUEJz3vYYyJ_mFCRWQ\",\"https:\/\/www.instagram.com\/maria_baydar\/\"]}]}<\/script>\n<!-- \/ Yoast SEO plugin. -->","yoast_head_json":{"title":"S\u00fcdamekeskuse avamine ja tervendamine | Maria Baydar","description":"\"S\u00fcdamekeskuse avamine ja tervendamine\" audior\u00e4nnaku meditatsioon on v\u00f5imas h\u00e4\u00e4lestus, mis aitab terveneda igal aspektil sinus ja sinu elus.","robots":{"index":"index","follow":"follow","max-snippet":"max-snippet:-1","max-image-preview":"max-image-preview:large","max-video-preview":"max-video-preview:-1"},"canonical":"https:\/\/mariabaydar.com\/uus\/toode\/sudamekeskuse-avamine-ja-tervendamine-maria-baydar\/","og_locale":"en_US","og_type":"article","og_title":"S\u00fcdamekeskuse avamine ja tervendamine | Maria Baydar","og_description":"\"S\u00fcdamekeskuse avamine ja tervendamine\" audior\u00e4nnaku meditatsioon on v\u00f5imas h\u00e4\u00e4lestus, mis aitab terveneda igal aspektil sinus ja sinu elus.","og_url":"https:\/\/mariabaydar.com\/uus\/toode\/sudamekeskuse-avamine-ja-tervendamine-maria-baydar\/","og_site_name":"Maria Baydar","article_publisher":"https:\/\/www.facebook.com\/IgapaevaneMaagia","article_modified_time":"2023-07-27T14:42:48+00:00","og_image":[{"width":500,"height":500,"url":"https:\/\/mariabaydar.com\/uus\/wp-content\/uploads\/2022\/12\/Sudamekeskuse-avamine-ja-tervendamine-1.png","type":"image\/png"}],"twitter_card":"summary_large_image","schema":{"@context":"https:\/\/schema.org","@graph":[{"@type":"WebPage","@id":"https:\/\/mariabaydar.com\/uus\/toode\/sudamekeskuse-avamine-ja-tervendamine-maria-baydar\/","url":"https:\/\/mariabaydar.com\/uus\/toode\/sudamekeskuse-avamine-ja-tervendamine-maria-baydar\/","name":"S\u00fcdamekeskuse avamine ja tervendamine | Maria Baydar","isPartOf":{"@id":"https:\/\/mariabaydar.com\/uus\/#website"},"datePublished":"2022-12-31T22:38:08+00:00","dateModified":"2023-07-27T14:42:48+00:00","description":"\"S\u00fcdamekeskuse avamine ja tervendamine\" audior\u00e4nnaku meditatsioon on v\u00f5imas h\u00e4\u00e4lestus, mis aitab terveneda igal aspektil sinus ja sinu elus.","breadcrumb":{"@id":"https:\/\/mariabaydar.com\/uus\/toode\/sudamekeskuse-avamine-ja-tervendamine-maria-baydar\/#breadcrumb"},"inLanguage":"en","potentialAction":[{"@type":"ReadAction","target":["https:\/\/mariabaydar.com\/uus\/toode\/sudamekeskuse-avamine-ja-tervendamine-maria-baydar\/"]}]},{"@type":"BreadcrumbList","@id":"https:\/\/mariabaydar.com\/uus\/toode\/sudamekeskuse-avamine-ja-tervendamine-maria-baydar\/#breadcrumb","itemListElement":[{"@type":"ListItem","position":1,"name":"Home","item":"https:\/\/mariabaydar.com\/uus\/"},{"@type":"ListItem","position":2,"name":"E shop","item":"https:\/\/mariabaydar.com\/uus\/pood\/"},{"@type":"ListItem","position":3,"name":"S\u00fcdamekeskuse avamine ja tervendamine | Maria Baydar"}]},{"@type":"WebSite","@id":"https:\/\/mariabaydar.com\/uus\/#website","url":"https:\/\/mariabaydar.com\/uus\/","name":"Maria Baydar","description":"Koolitaja, heaolu strateeg, elustiili treener","publisher":{"@id":"https:\/\/mariabaydar.com\/uus\/#organization"},"potentialAction":[{"@type":"SearchAction","target":{"@type":"EntryPoint","urlTemplate":"https:\/\/mariabaydar.com\/uus\/?s={search_term_string}"},"query-input":"required name=search_term_string"}],"inLanguage":"en"},{"@type":"Organization","@id":"https:\/\/mariabaydar.com\/uus\/#organization","name":"Maria Baydar","url":"https:\/\/mariabaydar.com\/uus\/","logo":{"@type":"ImageObject","inLanguage":"en","@id":"https:\/\/mariabaydar.com\/uus\/#\/schema\/logo\/image\/","url":"https:\/\/mariabaydar.com\/uus\/wp-content\/uploads\/2022\/12\/logodark.png","contentUrl":"https:\/\/mariabaydar.com\/uus\/wp-content\/uploads\/2022\/12\/logodark.png","width":903,"height":71,"caption":"Maria Baydar"},"image":{"@id":"https:\/\/mariabaydar.com\/uus\/#\/schema\/logo\/image\/"},"sameAs":["https:\/\/www.facebook.com\/IgapaevaneMaagia","https:\/\/www.youtube.com\/channel\/UC-QV6MUEJz3vYYyJ_mFCRWQ","https:\/\/www.instagram.com\/maria_baydar\/"]}]}},"_links":{"self":[{"href":"https:\/\/mariabaydar.com\/uus\/wp-json\/wp\/v2\/product\/741","targetHints":{"allow":["GET"]}}],"collection":[{"href":"https:\/\/mariabaydar.com\/uus\/wp-json\/wp\/v2\/product"}],"about":[{"href":"https:\/\/mariabaydar.com\/uus\/wp-json\/wp\/v2\/types\/product"}],"wp:featuredmedia":[{"embeddable":true,"href":"https:\/\/mariabaydar.com\/uus\/wp-json\/wp\/v2\/media\/1985"}],"wp:attachment":[{"href":"https:\/\/mariabaydar.com\/uus\/wp-json\/wp\/v2\/media?parent=741"}],"wp:term":[{"taxonomy":"product_cat","embeddable":true,"href":"https:\/\/mariabaydar.com\/uus\/wp-json\/wp\/v2\/product_cat?post=741"},{"taxonomy":"product_tag","embeddable":true,"href":"https:\/\/mariabaydar.com\/uus\/wp-json\/wp\/v2\/product_tag?post=741"}],"curies":[{"name":"wp","href":"https:\/\/api.w.org\/{rel}","templated":true}]}}