{"id":746,"date":"2022-12-31T22:42:00","date_gmt":"2022-12-31T22:42:00","guid":{"rendered":"https:\/\/mariabaydar.com\/uus\/?post_type=product&#038;p=746"},"modified":"2023-07-27T14:42:36","modified_gmt":"2023-07-27T14:42:36","slug":"hingetervendus-labi-sisemise-lapse-maria-baydar","status":"publish","type":"product","link":"https:\/\/mariabaydar.com\/uus\/toode\/hingetervendus-labi-sisemise-lapse-maria-baydar\/","title":{"rendered":"Hingetervendus l\u00e4bi sisemise lapse | Maria Baydar"},"content":{"rendered":"","protected":false},"excerpt":{"rendered":"<p>R\u00e4nnak ,,Hingetervendus l\u00e4bi sisemise lapse&#8221; tervendab ja transformeerib k\u00f5ik ebak\u00f5lad, valu, kurbuse, tekkinud blokeeringud, piirangud, sisemised takistused jms, mille oleme lapsep\u00f5lves endale k\u00fclge haakinud v\u00f5i traumade t\u00f5ttu loonud. See vabastab meid s\u00fcgavast allasurutusest ja avab ka meie kinnitambitud potentsiaali, loovuse ja v\u00e4e.<\/p>\n<p>Seda\u00a0r\u00e4nnakut peaks tegema 21 p\u00e4eva j\u00e4rjest, et avanemine ja tervenemine v\u00f5iks toimuda eriti s\u00fcgavatel tasemetel.<\/p>\n<p>Videoloeng saadetakse tellija meilile 24h jooksul peale makse sooritamist.<\/p>\n","protected":false},"featured_media":1987,"template":"","meta":[],"product_cat":[26],"product_tag":[],"class_list":{"0":"post-746","1":"product","2":"type-product","3":"status-publish","4":"has-post-thumbnail","6":"product_cat-audiorannakud","8":"first","9":"instock","10":"downloadable","11":"virtual","12":"purchasable","13":"product-type-simple"},"yoast_head":"<!-- This site is optimized with the Yoast SEO plugin v21.9.1 - https:\/\/yoast.com\/wordpress\/plugins\/seo\/ -->\n<title>Hingetervendus l\u00e4bi sisemise lapse | Maria Baydar<\/title>\n<meta name=\"description\" content=\"R\u00e4nnak ,,Hingetervendus l\u00e4bi sisemise lapse\u201d vabastab meid s\u00fcgavast allasurutusest ja avab ka meie kinnitambitud potentsiaali, loovuse ja v\u00e4e.\" \/>\n<meta name=\"robots\" content=\"index, follow, max-snippet:-1, max-image-preview:large, max-video-preview:-1\" \/>\n<link rel=\"canonical\" href=\"https:\/\/mariabaydar.com\/uus\/toode\/hingetervendus-labi-sisemise-lapse-maria-baydar\/\" \/>\n<meta property=\"og:locale\" content=\"en_US\" \/>\n<meta property=\"og:type\" content=\"article\" \/>\n<meta property=\"og:title\" content=\"Hingetervendus l\u00e4bi sisemise lapse | Maria Baydar\" \/>\n<meta property=\"og:description\" content=\"R\u00e4nnak ,,Hingetervendus l\u00e4bi sisemise lapse\u201d vabastab meid s\u00fcgavast allasurutusest ja avab ka meie kinnitambitud potentsiaali, loovuse ja v\u00e4e.\" \/>\n<meta property=\"og:url\" content=\"https:\/\/mariabaydar.com\/uus\/toode\/hingetervendus-labi-sisemise-lapse-maria-baydar\/\" \/>\n<meta property=\"og:site_name\" content=\"Maria Baydar\" \/>\n<meta property=\"article:publisher\" content=\"https:\/\/www.facebook.com\/IgapaevaneMaagia\" \/>\n<meta property=\"article:modified_time\" content=\"2023-07-27T14:42:36+00:00\" \/>\n<meta property=\"og:image\" content=\"https:\/\/mariabaydar.com\/uus\/wp-content\/uploads\/2022\/12\/Hingetervendus-labi-sisemise-lapse.png\" \/>\n\t<meta property=\"og:image:width\" content=\"500\" \/>\n\t<meta property=\"og:image:height\" content=\"500\" \/>\n\t<meta property=\"og:image:type\" content=\"image\/png\" \/>\n<meta name=\"twitter:card\" content=\"summary_large_image\" \/>\n<script type=\"application\/ld+json\" class=\"yoast-schema-graph\">{\"@context\":\"https:\/\/schema.org\",\"@graph\":[{\"@type\":\"WebPage\",\"@id\":\"https:\/\/mariabaydar.com\/uus\/toode\/hingetervendus-labi-sisemise-lapse-maria-baydar\/\",\"url\":\"https:\/\/mariabaydar.com\/uus\/toode\/hingetervendus-labi-sisemise-lapse-maria-baydar\/\",\"name\":\"Hingetervendus l\u00e4bi sisemise lapse | Maria Baydar\",\"isPartOf\":{\"@id\":\"https:\/\/mariabaydar.com\/uus\/#website\"},\"datePublished\":\"2022-12-31T22:42:00+00:00\",\"dateModified\":\"2023-07-27T14:42:36+00:00\",\"description\":\"R\u00e4nnak ,,Hingetervendus l\u00e4bi sisemise lapse\u201d vabastab meid s\u00fcgavast allasurutusest ja avab ka meie kinnitambitud potentsiaali, loovuse ja v\u00e4e.\",\"breadcrumb\":{\"@id\":\"https:\/\/mariabaydar.com\/uus\/toode\/hingetervendus-labi-sisemise-lapse-maria-baydar\/#breadcrumb\"},\"inLanguage\":\"en\",\"potentialAction\":[{\"@type\":\"ReadAction\",\"target\":[\"https:\/\/mariabaydar.com\/uus\/toode\/hingetervendus-labi-sisemise-lapse-maria-baydar\/\"]}]},{\"@type\":\"BreadcrumbList\",\"@id\":\"https:\/\/mariabaydar.com\/uus\/toode\/hingetervendus-labi-sisemise-lapse-maria-baydar\/#breadcrumb\",\"itemListElement\":[{\"@type\":\"ListItem\",\"position\":1,\"name\":\"Home\",\"item\":\"https:\/\/mariabaydar.com\/uus\/\"},{\"@type\":\"ListItem\",\"position\":2,\"name\":\"E shop\",\"item\":\"https:\/\/mariabaydar.com\/uus\/pood\/\"},{\"@type\":\"ListItem\",\"position\":3,\"name\":\"Hingetervendus l\u00e4bi sisemise lapse | Maria Baydar\"}]},{\"@type\":\"WebSite\",\"@id\":\"https:\/\/mariabaydar.com\/uus\/#website\",\"url\":\"https:\/\/mariabaydar.com\/uus\/\",\"name\":\"Maria Baydar\",\"description\":\"Koolitaja, heaolu strateeg, elustiili treener\",\"publisher\":{\"@id\":\"https:\/\/mariabaydar.com\/uus\/#organization\"},\"potentialAction\":[{\"@type\":\"SearchAction\",\"target\":{\"@type\":\"EntryPoint\",\"urlTemplate\":\"https:\/\/mariabaydar.com\/uus\/?s={search_term_string}\"},\"query-input\":\"required name=search_term_string\"}],\"inLanguage\":\"en\"},{\"@type\":\"Organization\",\"@id\":\"https:\/\/mariabaydar.com\/uus\/#organization\",\"name\":\"Maria Baydar\",\"url\":\"https:\/\/mariabaydar.com\/uus\/\",\"logo\":{\"@type\":\"ImageObject\",\"inLanguage\":\"en\",\"@id\":\"https:\/\/mariabaydar.com\/uus\/#\/schema\/logo\/image\/\",\"url\":\"https:\/\/mariabaydar.com\/uus\/wp-content\/uploads\/2022\/12\/logodark.png\",\"contentUrl\":\"https:\/\/mariabaydar.com\/uus\/wp-content\/uploads\/2022\/12\/logodark.png\",\"width\":903,\"height\":71,\"caption\":\"Maria Baydar\"},\"image\":{\"@id\":\"https:\/\/mariabaydar.com\/uus\/#\/schema\/logo\/image\/\"},\"sameAs\":[\"https:\/\/www.facebook.com\/IgapaevaneMaagia\",\"https:\/\/www.youtube.com\/channel\/UC-QV6MUEJz3vYYyJ_mFCRWQ\",\"https:\/\/www.instagram.com\/maria_baydar\/\"]}]}<\/script>\n<!-- \/ Yoast SEO plugin. -->","yoast_head_json":{"title":"Hingetervendus l\u00e4bi sisemise lapse | Maria Baydar","description":"R\u00e4nnak ,,Hingetervendus l\u00e4bi sisemise lapse\u201d vabastab meid s\u00fcgavast allasurutusest ja avab ka meie kinnitambitud potentsiaali, loovuse ja v\u00e4e.","robots":{"index":"index","follow":"follow","max-snippet":"max-snippet:-1","max-image-preview":"max-image-preview:large","max-video-preview":"max-video-preview:-1"},"canonical":"https:\/\/mariabaydar.com\/uus\/toode\/hingetervendus-labi-sisemise-lapse-maria-baydar\/","og_locale":"en_US","og_type":"article","og_title":"Hingetervendus l\u00e4bi sisemise lapse | Maria Baydar","og_description":"R\u00e4nnak ,,Hingetervendus l\u00e4bi sisemise lapse\u201d vabastab meid s\u00fcgavast allasurutusest ja avab ka meie kinnitambitud potentsiaali, loovuse ja v\u00e4e.","og_url":"https:\/\/mariabaydar.com\/uus\/toode\/hingetervendus-labi-sisemise-lapse-maria-baydar\/","og_site_name":"Maria Baydar","article_publisher":"https:\/\/www.facebook.com\/IgapaevaneMaagia","article_modified_time":"2023-07-27T14:42:36+00:00","og_image":[{"width":500,"height":500,"url":"https:\/\/mariabaydar.com\/uus\/wp-content\/uploads\/2022\/12\/Hingetervendus-labi-sisemise-lapse.png","type":"image\/png"}],"twitter_card":"summary_large_image","schema":{"@context":"https:\/\/schema.org","@graph":[{"@type":"WebPage","@id":"https:\/\/mariabaydar.com\/uus\/toode\/hingetervendus-labi-sisemise-lapse-maria-baydar\/","url":"https:\/\/mariabaydar.com\/uus\/toode\/hingetervendus-labi-sisemise-lapse-maria-baydar\/","name":"Hingetervendus l\u00e4bi sisemise lapse | Maria Baydar","isPartOf":{"@id":"https:\/\/mariabaydar.com\/uus\/#website"},"datePublished":"2022-12-31T22:42:00+00:00","dateModified":"2023-07-27T14:42:36+00:00","description":"R\u00e4nnak ,,Hingetervendus l\u00e4bi sisemise lapse\u201d vabastab meid s\u00fcgavast allasurutusest ja avab ka meie kinnitambitud potentsiaali, loovuse ja v\u00e4e.","breadcrumb":{"@id":"https:\/\/mariabaydar.com\/uus\/toode\/hingetervendus-labi-sisemise-lapse-maria-baydar\/#breadcrumb"},"inLanguage":"en","potentialAction":[{"@type":"ReadAction","target":["https:\/\/mariabaydar.com\/uus\/toode\/hingetervendus-labi-sisemise-lapse-maria-baydar\/"]}]},{"@type":"BreadcrumbList","@id":"https:\/\/mariabaydar.com\/uus\/toode\/hingetervendus-labi-sisemise-lapse-maria-baydar\/#breadcrumb","itemListElement":[{"@type":"ListItem","position":1,"name":"Home","item":"https:\/\/mariabaydar.com\/uus\/"},{"@type":"ListItem","position":2,"name":"E shop","item":"https:\/\/mariabaydar.com\/uus\/pood\/"},{"@type":"ListItem","position":3,"name":"Hingetervendus l\u00e4bi sisemise lapse | Maria Baydar"}]},{"@type":"WebSite","@id":"https:\/\/mariabaydar.com\/uus\/#website","url":"https:\/\/mariabaydar.com\/uus\/","name":"Maria Baydar","description":"Koolitaja, heaolu strateeg, elustiili treener","publisher":{"@id":"https:\/\/mariabaydar.com\/uus\/#organization"},"potentialAction":[{"@type":"SearchAction","target":{"@type":"EntryPoint","urlTemplate":"https:\/\/mariabaydar.com\/uus\/?s={search_term_string}"},"query-input":"required name=search_term_string"}],"inLanguage":"en"},{"@type":"Organization","@id":"https:\/\/mariabaydar.com\/uus\/#organization","name":"Maria Baydar","url":"https:\/\/mariabaydar.com\/uus\/","logo":{"@type":"ImageObject","inLanguage":"en","@id":"https:\/\/mariabaydar.com\/uus\/#\/schema\/logo\/image\/","url":"https:\/\/mariabaydar.com\/uus\/wp-content\/uploads\/2022\/12\/logodark.png","contentUrl":"https:\/\/mariabaydar.com\/uus\/wp-content\/uploads\/2022\/12\/logodark.png","width":903,"height":71,"caption":"Maria Baydar"},"image":{"@id":"https:\/\/mariabaydar.com\/uus\/#\/schema\/logo\/image\/"},"sameAs":["https:\/\/www.facebook.com\/IgapaevaneMaagia","https:\/\/www.youtube.com\/channel\/UC-QV6MUEJz3vYYyJ_mFCRWQ","https:\/\/www.instagram.com\/maria_baydar\/"]}]}},"_links":{"self":[{"href":"https:\/\/mariabaydar.com\/uus\/wp-json\/wp\/v2\/product\/746","targetHints":{"allow":["GET"]}}],"collection":[{"href":"https:\/\/mariabaydar.com\/uus\/wp-json\/wp\/v2\/product"}],"about":[{"href":"https:\/\/mariabaydar.com\/uus\/wp-json\/wp\/v2\/types\/product"}],"wp:featuredmedia":[{"embeddable":true,"href":"https:\/\/mariabaydar.com\/uus\/wp-json\/wp\/v2\/media\/1987"}],"wp:attachment":[{"href":"https:\/\/mariabaydar.com\/uus\/wp-json\/wp\/v2\/media?parent=746"}],"wp:term":[{"taxonomy":"product_cat","embeddable":true,"href":"https:\/\/mariabaydar.com\/uus\/wp-json\/wp\/v2\/product_cat?post=746"},{"taxonomy":"product_tag","embeddable":true,"href":"https:\/\/mariabaydar.com\/uus\/wp-json\/wp\/v2\/product_tag?post=746"}],"curies":[{"name":"wp","href":"https:\/\/api.w.org\/{rel}","templated":true}]}}